{"id":1010,"date":"2012-04-08T12:46:09","date_gmt":"2012-04-08T10:46:09","guid":{"rendered":"http:\/\/f5nhj.fr\/?page_id=1010"},"modified":"2022-11-12T19:06:30","modified_gmt":"2022-11-12T18:06:30","slug":"chocke-balun","status":"publish","type":"page","link":"https:\/\/www.f5nhj.fr\/?page_id=1010","title":{"rendered":"Self de Choc"},"content":{"rendered":"<div id=\"Oobj2820\">\n<div id=\"Ggeo2288\">\n<div align=\"center\"><span style=\"color: #ff0000; font-family: 'Comic Sans MS';\">INFO &#8211; DIVERS<\/span><\/div>\n<div align=\"center\"><\/div>\n<div align=\"center\"><img loading=\"lazy\" decoding=\"async\" class=\"size-full wp-image-1012 alignnone\" title=\"F5AD_Balun\" src=\"http:\/\/f5nhj.fr\/wp-content\/uploads\/2012\/04\/F5AD_Balun.jpg\" alt=\"\" width=\"350\" height=\"153\" srcset=\"https:\/\/www.f5nhj.fr\/wp-content\/uploads\/2012\/04\/F5AD_Balun.jpg 350w, https:\/\/www.f5nhj.fr\/wp-content\/uploads\/2012\/04\/F5AD_Balun-300x131.jpg 300w\" sizes=\"auto, (max-width: 350px) 100vw, 350px\" \/><\/div>\n<div align=\"center\"><span style=\"color: #ff0000; font-family: 'Comic Sans MS';\">\u00a0<\/span><\/div>\n<\/div>\n<\/div>\n<div id=\"Oobj2822\">\n<div id=\"Ggeo2289\">\n<div style=\"text-align: justify;\" align=\"justify\"><\/div>\n<div style=\"text-align: justify;\" align=\"justify\"><span style=\"font-family: Arial;\"><strong>Calcul d&rsquo;un \u00ab\u00a0choke balun\u00a0\u00bb<\/strong><\/span><\/div>\n<div style=\"text-align: justify;\" align=\"justify\"><span style=\"font-family: Arial;\"><strong>Par F5AD<\/strong><\/span><br \/>\n<span style=\"font-family: Arial;\">Quand la d\u00e9cision est prise de mettre un \u00ab\u00a0choke balun\u00a0\u00bb, il n&rsquo;y a plus qu&rsquo;\u00e0 d\u00e9cider quel c\u00e2ble coaxial utiliser; quel diam\u00e8tre donner au bobinage, et combien de spires y mettre.<\/span><\/div>\n<div style=\"text-align: justify;\" align=\"justify\"><span style=\"color: #ff0000; font-family: Arial;\"><strong>Le c\u00e2ble coaxial:<\/strong><\/span><br \/>\n<span style=\"font-family: Arial;\">On peut utiliser n&rsquo;importe quel c\u00e2ble coaxial susceptible de supporter la puissance et la bande de fr\u00e9quences concern\u00e9es.<\/span><br \/>\n<span style=\"font-family: Arial;\">Le choke peut \u00eatre ind\u00e9pendant comme sur la photo ci-dessus; dans ce cas il doit avoir des fiches \u00e0 ses extr\u00e9mit\u00e9s qui permettent de le brancher d&rsquo;un cot\u00e9 \u00e0 l&rsquo;antenne et de l&rsquo;autre au c\u00e2ble d&rsquo;arriv\u00e9e.<\/span><br \/>\n<span style=\"font-family: Arial;\">Il peut aussi, ce qui est plus simple, \u00eatre r\u00e9alis\u00e9 avec le c\u00e2ble d&rsquo;alimentation lui m\u00eame, bobin\u00e9 \u00e0 son extr\u00e9mit\u00e9, ce qui \u00e9limine une fiche et le raccord \u00e9ventuel; mais bien pr\u00e9voir la longueur de c\u00e2ble suppl\u00e9mentaire que consommera le choke.<\/span><br \/>\n<span style=\"color: #ff0000; font-family: Arial;\"><strong>Diam\u00e8tre:<\/strong><\/span><br \/>\n<span style=\"font-family: Arial;\">Les c\u00e2bles coaxiaux ne peuvent pas \u00eatre pli\u00e9s trop fortement; cela impose un diam\u00e8tre minimum pour les bobiner; en dessous de ce diam\u00e8tre on risque de les d\u00e9t\u00e9riorer. Pour d\u00e9terminer ce diam\u00e8tre, voir \u00e9ventuellement les caract\u00e9ristiques constructeur, ou faire un essai pour estimer si on ne le sollicite pas trop.<\/span><br \/>\n<span style=\"font-family: Arial;\">Un gros diam\u00e8tre peut \u00eatre g\u00eanant pour l&rsquo;esth\u00e9tique, le poids ou la prise au vent, par contre un gros diam\u00e8tre n\u00e9cessitera moins de spires qu&rsquo;un petit, ce qui ne veut pas dire moins de c\u00e2ble coaxial; il sera int\u00e9ressant de faire le calcul si le choix du diam\u00e8tre est libre.<\/span><br \/>\n<span style=\"color: #ff0000; font-family: Arial;\"><strong>Nombre de spires:<\/strong><\/span><br \/>\n<span style=\"font-family: Arial;\">Le nombre de spires d\u00e9pend de la self induction que l&rsquo;on souhaite obtenir; il n&rsquo;y a pas de r\u00e8gle absolue, mais on admet g\u00e9n\u00e9ralement que l&rsquo;imp\u00e9dance ramen\u00e9e par cette bobine \u00e0 la fr\u00e9quence de travail la plus basse doit \u00eatre de l&rsquo;ordre de 500 Ohms, soit dix fois l&rsquo;imp\u00e9dance caract\u00e9ristique du c\u00e2ble: il n&rsquo;y a aucun rapport, mais il faut bien se donner une base de d\u00e9part.<\/span><br \/>\n<span style=\"font-family: Arial;\">Le tableau ci-dessous donne pour les bandes amateurs, la fr\u00e9quence basse, la self induction en microhenrys qui donnera 500 Ohms \u00e0 cette fr\u00e9quence, et le nombre de spires (jointives) de c\u00e2ble coaxial \u00e0 bobiner: le nombre de spires a \u00e9t\u00e9 arrondi \u00e0 la demi spire la plus proche; c&rsquo;est le nombre de spires minimum, il peut \u00eatre augment\u00e9 d&rsquo;une ou plusieurs spires.<\/span><\/div>\n<\/div>\n<div style=\"text-align: justify;\" align=\"justify\"><\/div>\n<\/div>\n<div style=\"text-align: center;\" align=\"justify\"><a href=\"http:\/\/f5nhj.fr\/wp-content\/uploads\/2012\/04\/F5AD_BalunD.jpg\"><img loading=\"lazy\" decoding=\"async\" class=\"size-full wp-image-1013\" title=\"F5AD_BalunD\" src=\"http:\/\/f5nhj.fr\/wp-content\/uploads\/2012\/04\/F5AD_BalunD.jpg\" alt=\"\" width=\"917\" height=\"353\" srcset=\"https:\/\/www.f5nhj.fr\/wp-content\/uploads\/2012\/04\/F5AD_BalunD.jpg 917w, https:\/\/www.f5nhj.fr\/wp-content\/uploads\/2012\/04\/F5AD_BalunD-300x115.jpg 300w\" sizes=\"auto, (max-width: 917px) 100vw, 917px\" \/><\/a><\/div>\n<div style=\"text-align: justify;\" align=\"justify\"><span style=\"font-family: Arial;\">On a pris trois diam\u00e8tres pour les supports de bobinage: 10cm, 15 cm et 20 cm.<\/span><br \/>\n<span style=\"font-family: Arial;\">Les calculs ont \u00e9t\u00e9 faits pour des c\u00e2bles de diam\u00e8tre ext\u00e9rieur, (isolant compris), de 6mm et 10-11mm environ.<\/span><br \/>\n<span style=\"font-family: Arial;\">On voit par exemple que pour une antenne tribande 14-21-28 avec du c\u00e2ble 10-11mm, la fr\u00e9quence la plus basse \u00e9tant 14 MHz, il faudra 8 spires sur un diam\u00e8tre de 10 cm ou 4 spires sur un diam\u00e8tre de 20 cm.<\/span><br \/>\n<span style=\"font-family: Arial;\"><strong>\u00a9\u00a01999-2009 A. Ducros F5AD<\/strong><br \/>\n<\/span><\/div>\n","protected":false},"excerpt":{"rendered":"<p>INFO &#8211; DIVERS \u00a0 Calcul d&rsquo;un \u00ab\u00a0choke balun\u00a0\u00bb Par F5AD Quand la d\u00e9cision est prise de mettre un \u00ab\u00a0choke balun\u00a0\u00bb, il n&rsquo;y a plus qu&rsquo;\u00e0 d\u00e9cider quel c\u00e2ble coaxial utiliser; quel diam\u00e8tre donner au bobinage, et combien de spires y &hellip; <a href=\"https:\/\/www.f5nhj.fr\/?page_id=1010\">Continuer la lecture <span class=\"meta-nav\">&rarr;<\/span><\/a><\/p>\n","protected":false},"author":1,"featured_media":0,"parent":4120,"menu_order":0,"comment_status":"closed","ping_status":"open","template":"","meta":{"footnotes":""},"class_list":["post-1010","page","type-page","status-publish","hentry"],"_links":{"self":[{"href":"https:\/\/www.f5nhj.fr\/index.php?rest_route=\/wp\/v2\/pages\/1010","targetHints":{"allow":["GET"]}}],"collection":[{"href":"https:\/\/www.f5nhj.fr\/index.php?rest_route=\/wp\/v2\/pages"}],"about":[{"href":"https:\/\/www.f5nhj.fr\/index.php?rest_route=\/wp\/v2\/types\/page"}],"author":[{"embeddable":true,"href":"https:\/\/www.f5nhj.fr\/index.php?rest_route=\/wp\/v2\/users\/1"}],"replies":[{"embeddable":true,"href":"https:\/\/www.f5nhj.fr\/index.php?rest_route=%2Fwp%2Fv2%2Fcomments&post=1010"}],"version-history":[{"count":7,"href":"https:\/\/www.f5nhj.fr\/index.php?rest_route=\/wp\/v2\/pages\/1010\/revisions"}],"predecessor-version":[{"id":2699,"href":"https:\/\/www.f5nhj.fr\/index.php?rest_route=\/wp\/v2\/pages\/1010\/revisions\/2699"}],"up":[{"embeddable":true,"href":"https:\/\/www.f5nhj.fr\/index.php?rest_route=\/wp\/v2\/pages\/4120"}],"wp:attachment":[{"href":"https:\/\/www.f5nhj.fr\/index.php?rest_route=%2Fwp%2Fv2%2Fmedia&parent=1010"}],"curies":[{"name":"wp","href":"https:\/\/api.w.org\/{rel}","templated":true}]}}