{"id":1016,"date":"2012-04-08T13:16:45","date_gmt":"2012-04-08T11:16:45","guid":{"rendered":"http:\/\/f5nhj.fr\/?page_id=1016"},"modified":"2021-02-03T09:35:03","modified_gmt":"2021-02-03T08:35:03","slug":"c-pole","status":"publish","type":"page","link":"https:\/\/www.f5nhj.fr\/?page_id=1016","title":{"rendered":"C Pole"},"content":{"rendered":"<div id=\"Oobj1866\" style=\"text-align: justify;\">\n<div id=\"Grtf1267\">\n<div style=\"text-align: right;\" align=\"center\"><\/div>\n<div align=\"center\"><a href=\"http:\/\/f5nhj.fr\/wp-content\/uploads\/2012\/04\/ch.gif\"><img loading=\"lazy\" decoding=\"async\" class=\"wp-image-1185\" title=\"ch\" src=\"http:\/\/f5nhj.fr\/wp-content\/uploads\/2012\/04\/ch-300x180.gif\" alt=\"\" width=\"180\" height=\"108\" srcset=\"https:\/\/www.f5nhj.fr\/wp-content\/uploads\/2012\/04\/ch-300x180.gif 300w, https:\/\/www.f5nhj.fr\/wp-content\/uploads\/2012\/04\/ch.gif 350w\" sizes=\"auto, (max-width: 180px) 100vw, 180px\" \/><\/a>\u00a0 \u00a0\u00a0<strong>HB9MTN<\/strong><\/div>\n<div align=\"center\"><\/div>\n<div align=\"center\"><\/div>\n<div align=\"center\"><span style=\"font-family: 'Comic Sans MS';\" data-mce-mark=\"1\"><strong><img loading=\"lazy\" decoding=\"async\" class=\"alignnone wp-image-1020\" title=\"OLYMPUS DIGITAL CAMERA\" src=\"http:\/\/f5nhj.fr\/wp-content\/uploads\/2012\/04\/C-pole-0025b.jpg\" alt=\"\" width=\"256\" height=\"342\" srcset=\"https:\/\/www.f5nhj.fr\/wp-content\/uploads\/2012\/04\/C-pole-0025b.jpg 320w, https:\/\/www.f5nhj.fr\/wp-content\/uploads\/2012\/04\/C-pole-0025b-224x300.jpg 224w\" sizes=\"auto, (max-width: 256px) 100vw, 256px\" \/>\u00a0 \u00a0 \u00a0 \u00a0 \u00a0\u00a0<img loading=\"lazy\" decoding=\"async\" class=\"alignnone wp-image-1017\" title=\"CPOLE10\" src=\"http:\/\/f5nhj.fr\/wp-content\/uploads\/2012\/04\/CPOLE10.jpg\" alt=\"\" width=\"286\" height=\"266\" \/><\/strong><\/span><\/div>\n<div align=\"center\"><\/div>\n<div align=\"center\"><\/div>\n<div style=\"text-align: right;\" align=\"center\">*********************************************<\/div>\n<div style=\"text-align: center;\" align=\"center\"><\/div>\n<div align=\"center\">\n<p>Dimensions de la <strong>C-Pole<\/strong> pour 20m<br \/>\n[Fr\u00e9quence 14.240 MHz]<br \/>\nLa longueur totale est d&rsquo;environ <strong>1\/2 onde<\/strong>, l&rsquo;alimentation est \u00e0 <strong>25%<\/strong>,<\/p>\n<p><span style=\"color: #000000;\" data-mce-mark=\"1\"><strong>\u00a0 <\/strong><\/span><\/p>\n<\/div>\n<div align=\"center\"><\/div>\n<div align=\"center\"><img loading=\"lazy\" decoding=\"async\" class=\"alignnone size-full wp-image-1018\" title=\"OLYMPUS DIGITAL CAMERA\" src=\"http:\/\/f5nhj.fr\/wp-content\/uploads\/2012\/04\/C-pole-0027B.jpg\" alt=\"\" width=\"280\" height=\"374\" srcset=\"https:\/\/www.f5nhj.fr\/wp-content\/uploads\/2012\/04\/C-pole-0027B.jpg 280w, https:\/\/www.f5nhj.fr\/wp-content\/uploads\/2012\/04\/C-pole-0027B-224x300.jpg 224w\" sizes=\"auto, (max-width: 280px) 100vw, 280px\" \/><\/div>\n<div align=\"center\">\n<p>Les deux <strong>stubs<\/strong> &#8212; 10cm et 5cm &#8212; Situ\u00e9s sur l&rsquo;isolateur de gauche<br \/>\ndu dessin sont pr\u00e9vus pour le r\u00e9glage final. Celui du haut pour<br \/>\nla r\u00e9sonance, celui du bas pour le SWR.<\/p>\n<p><img loading=\"lazy\" decoding=\"async\" class=\"alignnone size-full wp-image-1019\" title=\"OLYMPUS DIGITAL CAMERA\" src=\"http:\/\/f5nhj.fr\/wp-content\/uploads\/2012\/04\/C-pole-0016b.jpg\" alt=\"\" width=\"320\" height=\"427\" srcset=\"https:\/\/www.f5nhj.fr\/wp-content\/uploads\/2012\/04\/C-pole-0016b.jpg 320w, https:\/\/www.f5nhj.fr\/wp-content\/uploads\/2012\/04\/C-pole-0016b-224x300.jpg 224w\" sizes=\"auto, (max-width: 320px) 100vw, 320px\" \/><\/p>\n<\/div>\n<\/div>\n<\/div>\n<div id=\"Oobj1869\" style=\"text-align: justify;\">\n<div id=\"Grtf1272\">\n<div align=\"center\">\n<p><strong>1:1 Balun<\/strong>, 2 x 7 tours de RG-174 Teflon sur une<br \/>\ntore Amidon FT-240\/61<\/p>\n<p><img loading=\"lazy\" decoding=\"async\" class=\"alignnone size-medium wp-image-2240\" src=\"http:\/\/f5nhj.fr\/wp-content\/uploads\/2012\/04\/toroidbalun-rg174-300x84.jpg\" alt=\"toroidbalun-rg174\" width=\"300\" height=\"84\" srcset=\"https:\/\/www.f5nhj.fr\/wp-content\/uploads\/2012\/04\/toroidbalun-rg174-300x84.jpg 300w, https:\/\/www.f5nhj.fr\/wp-content\/uploads\/2012\/04\/toroidbalun-rg174.jpg 512w\" sizes=\"auto, (max-width: 300px) 100vw, 300px\" \/><\/p>\n<\/div>\n<\/div>\n<\/div>\n<div id=\"Oobj1872\" style=\"text-align: justify;\">\n<div id=\"Grtf1463\">\n<div style=\"text-align: left;\" align=\"center\">\n<p style=\"text-align: center;\">http:\/\/www.svrc.org\/cpolecalc.php<\/p>\n<p style=\"text-align: center;\"><strong>Cpole<\/strong> 14 mhz maison&#8230; Stub, r\u00e9glage en qq minutes \u00e0 l&rsquo;aide du MFJ259.<br \/>\nBase de l&rsquo;antenne Cpole 14mhz, le choke 1\/1 fait merveille&#8230;<br \/>\n1\/2 de Ros sur toute la bande ..<br \/>\nApr\u00e8s plusieurs essais une position \u00e0 <strong>40, 50<\/strong> cm sol maximum est la plus efficace et \u00e9vite les coups de Ros intempestifs, possibilit\u00e9 de poser au sol quelques radians en croix et non rattach\u00e9s \u00e0 l&rsquo;antenne ( Plan de sol \u00ab\u00a0simple\u00a0\u00bb)<\/p>\n<p style=\"text-align: center;\">Pr\u00e9voir une longueur plus grande de fil \u00e0 la construction, ou de rallonger les \u00e9l\u00e9ments si vous \u00e9levez la C-pole.. Des essais faits avec le Balun sur Tore, \u00a0d\u00e9taill\u00e9 ci dessus, sont positifs.<\/p>\n<p style=\"text-align: center;\">See original article in QST 2004\/4, P.37:<br \/>\nC-POLE PORTABLE ANTENNA FOR 20M<\/p>\n<p>\u00a9 J.Louis &#8211; F5NHJ<\/p>\n<\/div>\n<\/div>\n<\/div>\n","protected":false},"excerpt":{"rendered":"<p>\u00a0 \u00a0\u00a0HB9MTN \u00a0 \u00a0 \u00a0 \u00a0 \u00a0\u00a0 ********************************************* Dimensions de la C-Pole pour 20m [Fr\u00e9quence 14.240 MHz] La longueur totale est d&rsquo;environ 1\/2 onde, l&rsquo;alimentation est \u00e0 25%, \u00a0 Les deux stubs &#8212; 10cm et 5cm &#8212; Situ\u00e9s sur l&rsquo;isolateur &hellip; <a href=\"https:\/\/www.f5nhj.fr\/?page_id=1016\">Continuer la lecture <span class=\"meta-nav\">&rarr;<\/span><\/a><\/p>\n","protected":false},"author":1,"featured_media":0,"parent":3305,"menu_order":0,"comment_status":"closed","ping_status":"open","template":"onecolumn-page.php","meta":{"footnotes":""},"class_list":["post-1016","page","type-page","status-publish","hentry"],"_links":{"self":[{"href":"https:\/\/www.f5nhj.fr\/index.php?rest_route=\/wp\/v2\/pages\/1016","targetHints":{"allow":["GET"]}}],"collection":[{"href":"https:\/\/www.f5nhj.fr\/index.php?rest_route=\/wp\/v2\/pages"}],"about":[{"href":"https:\/\/www.f5nhj.fr\/index.php?rest_route=\/wp\/v2\/types\/page"}],"author":[{"embeddable":true,"href":"https:\/\/www.f5nhj.fr\/index.php?rest_route=\/wp\/v2\/users\/1"}],"replies":[{"embeddable":true,"href":"https:\/\/www.f5nhj.fr\/index.php?rest_route=%2Fwp%2Fv2%2Fcomments&post=1016"}],"version-history":[{"count":21,"href":"https:\/\/www.f5nhj.fr\/index.php?rest_route=\/wp\/v2\/pages\/1016\/revisions"}],"predecessor-version":[{"id":2244,"href":"https:\/\/www.f5nhj.fr\/index.php?rest_route=\/wp\/v2\/pages\/1016\/revisions\/2244"}],"up":[{"embeddable":true,"href":"https:\/\/www.f5nhj.fr\/index.php?rest_route=\/wp\/v2\/pages\/3305"}],"wp:attachment":[{"href":"https:\/\/www.f5nhj.fr\/index.php?rest_route=%2Fwp%2Fv2%2Fmedia&parent=1016"}],"curies":[{"name":"wp","href":"https:\/\/api.w.org\/{rel}","templated":true}]}}