{"id":136,"date":"2011-07-17T20:25:02","date_gmt":"2011-07-17T18:25:02","guid":{"rendered":"http:\/\/f5nhj.fr\/WP\/?page_id=136"},"modified":"2023-01-04T07:52:32","modified_gmt":"2023-01-04T06:52:32","slug":"adie","status":"publish","type":"page","link":"https:\/\/www.f5nhj.fr\/?page_id=136","title":{"rendered":"Hong Kong VR2\/F5NHJ"},"content":{"rendered":"<p><img loading=\"lazy\" decoding=\"async\" class=\"wp-image-137 alignleft\" alt=\"\" src=\"http:\/\/f5nhj.fr\/wp-content\/uploads\/2011\/07\/VR2-FLAGF5-300x199.jpg\" width=\"202\" height=\"133\" \/>Rien de plus tentant que de faire de la radio lors d&rsquo;un voyage..<\/p>\n<p>Emettre depuis Monaco ou d&rsquo;Allemagne est simple. Emettre \u00e0 partir de la Chine me semblait un peu plus compliqu\u00e9.<\/p>\n<p><strong>La licence.<\/strong><\/p>\n<p>Lors d&rsquo;une discussion \u00e0 ce sujet sur internet Laurent (<strong>F1JKJ<\/strong>) me donne les coordonn\u00e9es d&rsquo;un om du <strong>Clipperton DX Club<\/strong> en poste pour quelques temps sur <strong>Hong Kong<\/strong>. Sit\u00f4t dit sit\u00f4t fait, un m\u00e8l part en direction de l&rsquo;Asie.<br \/>\nR\u00e9ponse express de Vincent qui trouvait le temps entre son travail, les pr\u00e9paratifs de d\u00e9m\u00e9nagement et sa petite famille de prendre contact pour moi avec le bureau des licences de <strong>L&rsquo;OFTA<\/strong> (les T\u00e9l\u00e9coms locales). Une quinzaine de jours plus tard je recevais la licence radioamateur et l&rsquo;autorisation d&rsquo;\u00e9mettre en Chine dans la R\u00e9gion Administative Sp\u00e9ciale de Hong Kong.<\/p>\n<p><img loading=\"lazy\" decoding=\"async\" class=\"alignnone size-medium wp-image-171\" alt=\"\" src=\"http:\/\/f5nhj.fr\/wp-content\/uploads\/2011\/07\/VR2-ATO-300x187.jpg\" width=\"300\" height=\"187\" srcset=\"https:\/\/www.f5nhj.fr\/wp-content\/uploads\/2011\/07\/VR2-ATO-300x187.jpg 300w, https:\/\/www.f5nhj.fr\/wp-content\/uploads\/2011\/07\/VR2-ATO.jpg 333w\" sizes=\"auto, (max-width: 300px) 100vw, 300px\" \/><\/p>\n<p><strong>Le \u00ab\u00a0qth\u00a0\u00bb.<\/strong><br \/>\nLa ville n&rsquo;\u00e9tant pas le meilleur endroit pour y planter une antenne, le choix d&rsquo;une \u00eele \u00e9loign\u00e9e du centre a \u00e9t\u00e9 fait. Ce sera <strong>Cheung Chau<\/strong> o\u00f9 Vincent avait particip\u00e9 \u00e0 un contest avec des oms VR2. Les r\u00e9servations sont faites via internet et confirm\u00e9es par t\u00e9l\u00e9phone, nous serions dans une chambre face \u00e0 la mer au dernier \u00e9tage avec balcon&#8230; Plus qu&rsquo;\u00e0 s&rsquo;y installer et surtout prier pour avoir une place d\u00e9gag\u00e9e au possible pour l&rsquo;antenne <strong>MP1<\/strong>.<\/p>\n<p><strong>Hong Kong ? &#8230; Ca d\u00e9coiffe !<\/strong><\/p>\n<p>Apr\u00e8s une nuit de vol passage rapide aux \u00ab\u00a0formalit\u00e9s visiteurs\u00a0\u00bb et \u00e0 coup de \u00ab\u00a0<strong>Carte Octopus<\/strong>\u00a0\u00bb nous gagnons le <strong>Nathan Hotel<\/strong> pour un repos r\u00e9parateur. Repas le soir invit\u00e9 par notre amie Sam dans un restaurant chinois traditionnel \u00e0 <strong>Admiralty<\/strong> apr\u00e8s une ballade en tramway et un retour via<strong> Central<\/strong> par le m\u00e9tro. C&rsquo;est vraiment fabuleux, les tours et building se d\u00e9tachent illumin\u00e9s dans le ciel, c&rsquo;est \u00e0 couper le souffle. Le lendemain nous nous levons de bonne heure pour une ballade sur <strong>Nathan road<\/strong>. Apr\u00e8s deux mois dans le <strong>Gers<\/strong> pass\u00e9s \u00e0 installer notre nouvelle maison, sortir et s&rsquo;engager sur les trottoirs de <strong>Kowloon<\/strong> est un peu surprenant pour les n\u00e9o-campagnards que nous sommes.. Les gens marchant rapidement en tout sens, faisant la queue devant les arr\u00eats des transports, les restaurants de rue, les magasins.., Les bus, taxis, camions de livraison, voitures.. roulant \u00e0 gauche, ex colonie anglaise oblige, et \u00e0 une vitesse plus que soutenue&#8230; Ca change du chateau du XIII\u00e8me et du passage du facteur en d\u00e9but d&rsquo;apr\u00e8s midi au village. (Mais \u00e7a a son charme aussi non ?)<\/p>\n<p>Retour salvateur \u00e0 l&rsquo;hotel apr\u00e8s une visite d&rsquo;<strong>Yau Ma Tai<\/strong> et vers midi nous prenons \u00e0 notre tour le bus pour gagner le ferry qui fait la liaison <strong>Victoria harbour\/ Cheung Chau<\/strong> pour deux journ\u00e9es loin de tout ce \u00ab\u00a0remue m\u00e9nage\u00a0\u00bb.<\/p>\n<p><strong>Le trafic<\/strong><br \/>\nOuf la r\u00e9servation est bien pass\u00e9e et apr\u00e8s un m\u00e9lange de \u00ab\u00a0franglais-gestuel\u00a0\u00bb nous nous installons dans notre chambre \u00ab\u00a0Ocean view, top flor\u00a0\u00bb.<br \/>\nVers 15h00 apr\u00e8s avoir connect\u00e9 et mis en route la station je commence le trafic, ou du moins je suis pr\u00eat \u00e0 trafiquer .. Bruit blanc et silence sur les bandes, v\u00e9rifications des connexions mais rien ne sort du r\u00e9cepteur sinon quelques qso <strong>JA<\/strong> et <strong>RA0<\/strong> en cours. Je n&rsquo;avais pas pens\u00e9 que l&rsquo;\u00e9loignement et le d\u00e9callage horaire me priveraient de contact avec l&rsquo;Europe sur les bandes hautes en journ\u00e9e. Un peu d\u00e9pit\u00e9 et apr\u00e8s quelques contacts difficiles je d\u00e9monte la station avant de dormir car je vois par avance la t\u00eate du personnel de m\u00e9nage demain matin en face d&rsquo;un \u00e9metteur et d&rsquo;un tas de cables trainant sur la table et le sol.. sans parler de l&rsquo;antenne et des contrepoids fix\u00e9s au balcon.. Ayant tous les documents n\u00e9cessaires mais ne parlant toujours pas le cantonais et pas plus le mandarin on va \u00e9viter une visite de courtoisie au poste de police jouxtant l&rsquo;hotel.<\/p>\n<p><img loading=\"lazy\" decoding=\"async\" class=\"alignnone size-medium wp-image-175\" title=\"vr2 vuechungchau\" alt=\"\" src=\"http:\/\/f5nhj.fr\/wp-content\/uploads\/2011\/07\/vr2-vuechungchau-300x101.jpg\" width=\"300\" height=\"101\" srcset=\"https:\/\/www.f5nhj.fr\/wp-content\/uploads\/2011\/07\/vr2-vuechungchau-300x101.jpg 300w, https:\/\/www.f5nhj.fr\/wp-content\/uploads\/2011\/07\/vr2-vuechungchau.jpg 826w\" sizes=\"auto, (max-width: 300px) 100vw, 300px\" \/><\/p>\n<p>Apr\u00e8s un bon petit d\u00e9jeuner, la journ\u00e9e du 22 commence par une visite de l&rsquo;\u00eele, utilisant les chemins pi\u00e8tons (les v\u00e9hicules \u00e0 moteurs sont interdits sur tout le domaine) nous parcourons la partie sud de l&rsquo;\u00eele, la ville et le petit port. Le site est superbe et le depaysement total pour Nicole qui met pour la premi\u00e8re fois le bout du pied en <strong>Asie<\/strong>. Nous rentrons fourbus en fin d&rsquo;apr\u00e8s midi les yeux pleins de couleurs et de souvenirs, des bateaux chinois typiques sillonant le port aux Temples cach\u00e9s dans la verdure le long chemins escarp\u00e9s longeant le bord de mer.<\/p>\n<p>Repas rapide et je passe la soir\u00e9e \u00e0 glisser du 14 au 28 mhz. Peu de signaux sur le waterfall, apr\u00e8s quelques qsos cw et Phonie je rebranche l&rsquo;ordinateur et fais quelques (trop rares) qso en PSK. Le trafic 10 mhz est abandonn\u00e9 car qrn \u00e0 58-59 par un gr\u00e9sillement ininterrompu.<br \/>\n<img loading=\"lazy\" decoding=\"async\" class=\"size-medium wp-image-174 alignleft\" alt=\"\" src=\"http:\/\/f5nhj.fr\/wp-content\/uploads\/2011\/07\/vr2-station-cheung-chau-300x225.jpg\" width=\"300\" height=\"225\" srcset=\"https:\/\/www.f5nhj.fr\/wp-content\/uploads\/2011\/07\/vr2-station-cheung-chau-300x225.jpg 300w, https:\/\/www.f5nhj.fr\/wp-content\/uploads\/2011\/07\/vr2-station-cheung-chau.jpg 400w\" sizes=\"auto, (max-width: 300px) 100vw, 300px\" \/>Les \u00e9changes ont \u00e9t\u00e9 un peu plus consistants mais malgr\u00e9 une cinquantaine de watts par instant, mon signal rayonn\u00e9 \u00e9tait bien trop l\u00e9ger pour exiter les \u00ab\u00a0papilles\u00a0\u00bb de data-maniacs et lancer les pile-up de folie.. Oui je sais&#8230; on peut r\u00eaver !!<\/p>\n<p>Retour le 23 au matin \u00e0 notre h\u00f4tel sur le continent apr\u00e8s une derni\u00e8re ballade sur l&rsquo;\u00eele. Nous prenons le <strong>Fast Ferry<\/strong> et pendant le trajet je fait un peu le point sur le mini-trafic de quelques dizaines de minutes qui ne m&rsquo;a pas satisfait. Mais tout compte fait la sortie est plut\u00f4t positive, le pas est franchi. J&rsquo;ai une licence en bonne et due forme et une mini dxp\u00e9dition <strong>Hong Kong\/ Macao<\/strong> commence \u00e0 germer dans mon esprit&#8230; Mais c&rsquo;est une autre histoire.<\/p>\n<p><img loading=\"lazy\" decoding=\"async\" class=\"size-medium wp-image-173 alignleft\" alt=\"\" src=\"http:\/\/f5nhj.fr\/wp-content\/uploads\/2011\/07\/VR2-Panda-NEW-300x296.jpg\" width=\"300\" height=\"296\" srcset=\"https:\/\/www.f5nhj.fr\/wp-content\/uploads\/2011\/07\/VR2-Panda-NEW-300x296.jpg 300w, https:\/\/www.f5nhj.fr\/wp-content\/uploads\/2011\/07\/VR2-Panda-NEW.jpg 377w\" sizes=\"auto, (max-width: 300px) 100vw, 300px\" \/><\/p>\n<p>En attendant, retour sur la terre ferme pour retrouver <strong>Samantha<\/strong> notre amie Hongkongaise pour la d\u00e9couverte et la visite de sa ville et de la r\u00e9gion,.. L&rsquo;\u00eele de <strong>Lan Tau<\/strong> et ses villages de p\u00eacheurs, <strong>Ngong Ping<\/strong> , <strong>Victoria Peak, Kowloo<\/strong>n, les march\u00e9s sans oublier le quartier de <strong>Wan chai<\/strong> sur <strong>Hong Kong Isl<\/strong>. pour une visite de courtoisie \u00e0 l&rsquo;<strong>OFTA<\/strong> entre deux shopping.<\/p>\n<p>Deux jours de visites \u00e9tonnantes et m\u00eame d\u00e9routantes par instant (On ne dort jamais ici..?) avant de regagner l&rsquo;a\u00e9roport le 25 en soir\u00e9e pour un d\u00e9collage sur <strong>Noum\u00e9a<\/strong> via <strong>Sydney<\/strong>.<\/p>\n<p>Merci mille fois \u00e0 <strong>Vincent<\/strong> (<strong>VR2\/F4BKV<\/strong>) et \u00e0 <strong>Samantha<\/strong> pour l&rsquo;aide pr\u00e9cieuse qu&rsquo;ils nous ont apport\u00e9.<\/p>\n<p>Cdxement de <strong>VR2\/F5NHJ<\/strong><br \/>\ndepuis <strong>OL72AE\/ IOTA AS-006<\/strong><br \/>\nJean-louis<\/p>\n<p>\u00a9 J.Louis- F5NHJ\/ 21st century.<\/p>\n<p><script src=\"https:\/\/clublog.org\/last10.php?call=VR2\/F5NHJ\" type=\"text\/javascript\"><\/script><\/p>\n","protected":false},"excerpt":{"rendered":"<p>Rien de plus tentant que de faire de la radio lors d&rsquo;un voyage.. Emettre depuis Monaco ou d&rsquo;Allemagne est simple. Emettre \u00e0 partir de la Chine me semblait un peu plus compliqu\u00e9. La licence. Lors d&rsquo;une discussion \u00e0 ce sujet &hellip; <a href=\"https:\/\/www.f5nhj.fr\/?page_id=136\">Continuer la lecture <span class=\"meta-nav\">&rarr;<\/span><\/a><\/p>\n","protected":false},"author":1,"featured_media":0,"parent":181,"menu_order":0,"comment_status":"closed","ping_status":"closed","template":"","meta":{"footnotes":""},"class_list":["post-136","page","type-page","status-publish","hentry"],"_links":{"self":[{"href":"https:\/\/www.f5nhj.fr\/index.php?rest_route=\/wp\/v2\/pages\/136","targetHints":{"allow":["GET"]}}],"collection":[{"href":"https:\/\/www.f5nhj.fr\/index.php?rest_route=\/wp\/v2\/pages"}],"about":[{"href":"https:\/\/www.f5nhj.fr\/index.php?rest_route=\/wp\/v2\/types\/page"}],"author":[{"embeddable":true,"href":"https:\/\/www.f5nhj.fr\/index.php?rest_route=\/wp\/v2\/users\/1"}],"replies":[{"embeddable":true,"href":"https:\/\/www.f5nhj.fr\/index.php?rest_route=%2Fwp%2Fv2%2Fcomments&post=136"}],"version-history":[{"count":21,"href":"https:\/\/www.f5nhj.fr\/index.php?rest_route=\/wp\/v2\/pages\/136\/revisions"}],"predecessor-version":[{"id":4178,"href":"https:\/\/www.f5nhj.fr\/index.php?rest_route=\/wp\/v2\/pages\/136\/revisions\/4178"}],"up":[{"embeddable":true,"href":"https:\/\/www.f5nhj.fr\/index.php?rest_route=\/wp\/v2\/pages\/181"}],"wp:attachment":[{"href":"https:\/\/www.f5nhj.fr\/index.php?rest_route=%2Fwp%2Fv2%2Fmedia&parent=136"}],"curies":[{"name":"wp","href":"https:\/\/api.w.org\/{rel}","templated":true}]}}