{"id":1592,"date":"2012-07-17T16:29:48","date_gmt":"2012-07-17T14:29:48","guid":{"rendered":"http:\/\/f5nhj.fr\/?page_id=1592"},"modified":"2021-02-03T09:36:31","modified_gmt":"2021-02-03T08:36:31","slug":"moxon-28-mhz","status":"publish","type":"page","link":"https:\/\/www.f5nhj.fr\/?page_id=1592","title":{"rendered":"Moxon 28 Mhz"},"content":{"rendered":"<p style=\"text-align: center;\"><strong><em>Antenne <span style=\"color: #ff0000;\">MOXON 28 Mhz<\/span><\/em><\/strong><br \/>\n<em><strong> Avezan<\/strong> &#8211; Novembre <strong>2011<\/strong><\/em><\/p>\n<p style=\"text-align: center;\"><em>Montage \u00e0 2 m\u00e8tres sol sous la pluie.<br \/>\n<\/em>Termin\u00e9 de nuit..<\/p>\n<p><em><img loading=\"lazy\" decoding=\"async\" class=\"size-full wp-image-1597 aligncenter\" title=\"\" src=\"http:\/\/f5nhj.fr\/wp-content\/uploads\/2012\/07\/MOXON-d.jpg\" alt=\"\" width=\"400\" height=\"300\" srcset=\"https:\/\/www.f5nhj.fr\/wp-content\/uploads\/2012\/07\/MOXON-d.jpg 400w, https:\/\/www.f5nhj.fr\/wp-content\/uploads\/2012\/07\/MOXON-d-300x225.jpg 300w\" sizes=\"auto, (max-width: 400px) 100vw, 400px\" \/><\/em><\/p>\n<p style=\"text-align: center;\">\u00a0<em style=\"text-align: center;\">Au premier essai 1 \u00e0 1,2 \/1 de Ros sur toute la bande.<br \/>\n<\/em><em style=\"text-align: center;\">Le lendemanin\u00a0<span style=\"color: #ff0000;\"><strong>6V7Q<\/strong>\u00a0<\/span>dans le log en FM.. !<\/em><\/p>\n<p>\u00a0<img loading=\"lazy\" decoding=\"async\" class=\"size-full wp-image-1599 aligncenter\" title=\"\" src=\"http:\/\/f5nhj.fr\/wp-content\/uploads\/2012\/07\/MOXON-b.jpg\" alt=\"\" width=\"289\" height=\"459\" srcset=\"https:\/\/www.f5nhj.fr\/wp-content\/uploads\/2012\/07\/MOXON-b.jpg 289w, https:\/\/www.f5nhj.fr\/wp-content\/uploads\/2012\/07\/MOXON-b-188x300.jpg 188w\" sizes=\"auto, (max-width: 289px) 100vw, 289px\" \/><\/p>\n<p style=\"text-align: center;\"><em>\u00a0J&rsquo;utilise du fil antenne style Spiderbeam ou DX-Wire. #16 recouvert.<\/em><\/p>\n<p><em>Montage avec un tube de 50 mm de PVC.<\/em><br \/>\n<em> &#8211; Trou de passage des tubes de 20mm IRO \u00e0 l&rsquo;aide d&rsquo;une m\u00eache conique.<\/em><br \/>\n<em> &#8211; Blocage inter-tubes par des goupilles.<\/em><br \/>\n<em> &#8211; montage du coax 50 mm sur le radiateur.<\/em><br \/>\n<em> Pour le r\u00e9glage final des tubes de 16 mm IRO coulissent et sont \u00e9galement bloqu\u00e9s par des goupilles.<\/em><br \/>\n<em> (Montage pr\u00e9vu pour du portable)<\/em><\/p>\n<p><img loading=\"lazy\" decoding=\"async\" class=\"size-full wp-image-1601 aligncenter\" title=\"\" src=\"http:\/\/f5nhj.fr\/wp-content\/uploads\/2012\/07\/MOXON-e.jpg\" alt=\"\" width=\"308\" height=\"204\" srcset=\"https:\/\/www.f5nhj.fr\/wp-content\/uploads\/2012\/07\/MOXON-e.jpg 308w, https:\/\/www.f5nhj.fr\/wp-content\/uploads\/2012\/07\/MOXON-e-300x198.jpg 300w\" sizes=\"auto, (max-width: 308px) 100vw, 308px\" \/><\/p>\n<p><em>Mat\u00e9riel utilis\u00e9<\/em><br \/>\n<em> &#8211; Bande aluminium 1 m\u00e8tre (Magasin brico) .<\/em><br \/>\n<em> &#8211; Boulon aluminium pour l&rsquo;axe antenne.<\/em><br \/>\n<em> &#8211; Boulons et \u00e9croux frein pour fixer les tubes et bandes alu.<\/em><br \/>\n<em> &#8211; Tube aluminium de 1 m\u00e8tre (Magasin brico) de <strong>16<\/strong> mm.<\/em><br \/>\n<em> &#8211; Goupilles de deux grosseurs<\/em><br \/>\n<em> &#8211; Un pied r\u00e9glable pour meuble ou plan cuisine.<\/em><\/p>\n<p><img loading=\"lazy\" decoding=\"async\" class=\"size-full wp-image-1600 aligncenter\" title=\"\" src=\"http:\/\/f5nhj.fr\/wp-content\/uploads\/2012\/07\/MOXON-c.jpg\" alt=\"\" width=\"308\" height=\"204\" srcset=\"https:\/\/www.f5nhj.fr\/wp-content\/uploads\/2012\/07\/MOXON-c.jpg 308w, https:\/\/www.f5nhj.fr\/wp-content\/uploads\/2012\/07\/MOXON-c-300x198.jpg 300w\" sizes=\"auto, (max-width: 308px) 100vw, 308px\" \/><\/p>\n<p><em>Le diam\u00e8tre permet de le glisser et de le serrer dans un m\u00e2t fait d&rsquo;un manche de balai de piscine. L\u00e9ger et pratique.<\/em><\/p>\n<p><img loading=\"lazy\" decoding=\"async\" class=\"size-full wp-image-1604 aligncenter\" title=\"\" src=\"http:\/\/f5nhj.fr\/wp-content\/uploads\/2012\/07\/MOXON-f.jpg\" alt=\"\" width=\"308\" height=\"204\" srcset=\"https:\/\/www.f5nhj.fr\/wp-content\/uploads\/2012\/07\/MOXON-f.jpg 308w, https:\/\/www.f5nhj.fr\/wp-content\/uploads\/2012\/07\/MOXON-f-300x198.jpg 300w\" sizes=\"auto, (max-width: 308px) 100vw, 308px\" \/><\/p>\n<p><em>Percer un trou central dans les bandes alu apr\u00e8s les avoir coup\u00e9es \u00e0 la bonne longueur.<\/em><br \/>\n<em> Puis couper le tube alu en 4 parties. Percer les bandes et les tubes pour faire la base de fixation des tubes IRO.<\/em><\/p>\n<p><img loading=\"lazy\" decoding=\"async\" class=\"size-full wp-image-1605 aligncenter\" title=\"\" src=\"http:\/\/f5nhj.fr\/wp-content\/uploads\/2012\/07\/MOXON-h.jpg\" alt=\"\" width=\"204\" height=\"308\" srcset=\"https:\/\/www.f5nhj.fr\/wp-content\/uploads\/2012\/07\/MOXON-h.jpg 204w, https:\/\/www.f5nhj.fr\/wp-content\/uploads\/2012\/07\/MOXON-h-198x300.jpg 198w\" sizes=\"auto, (max-width: 204px) 100vw, 204px\" \/><\/p>\n<p style=\"text-align: center;\"><em>PS &#8211; J&rsquo;ai rajout\u00e9 deux bandes alu prenant en sandwich les tubes car le premier montage \u00e9tait trop \u00ab\u00a0souple\u00a0\u00bb<\/em><\/p>\n<p style=\"text-align: center;\"><img loading=\"lazy\" decoding=\"async\" class=\"size-full wp-image-1606\" title=\"moxon 28\" src=\"http:\/\/f5nhj.fr\/wp-content\/uploads\/2012\/07\/moxon-28.jpg\" alt=\"\" width=\"536\" height=\"322\" srcset=\"https:\/\/www.f5nhj.fr\/wp-content\/uploads\/2012\/07\/moxon-28.jpg 536w, https:\/\/www.f5nhj.fr\/wp-content\/uploads\/2012\/07\/moxon-28-300x180.jpg 300w\" sizes=\"auto, (max-width: 536px) 100vw, 536px\" \/><\/p>\n<p style=\"text-align: center;\"><strong><em>Copyright \u00a9 21st century &#8211; Jean-Louis<\/em><\/strong><\/p>\n","protected":false},"excerpt":{"rendered":"<p>Antenne MOXON 28 Mhz Avezan &#8211; Novembre 2011 Montage \u00e0 2 m\u00e8tres sol sous la pluie. Termin\u00e9 de nuit.. \u00a0Au premier essai 1 \u00e0 1,2 \/1 de Ros sur toute la bande. Le lendemanin\u00a06V7Q\u00a0dans le log en FM.. ! \u00a0 &hellip; <a href=\"https:\/\/www.f5nhj.fr\/?page_id=1592\">Continuer la lecture <span class=\"meta-nav\">&rarr;<\/span><\/a><\/p>\n","protected":false},"author":1,"featured_media":0,"parent":3305,"menu_order":0,"comment_status":"closed","ping_status":"open","template":"onecolumn-page.php","meta":{"footnotes":""},"class_list":["post-1592","page","type-page","status-publish","hentry"],"_links":{"self":[{"href":"https:\/\/www.f5nhj.fr\/index.php?rest_route=\/wp\/v2\/pages\/1592","targetHints":{"allow":["GET"]}}],"collection":[{"href":"https:\/\/www.f5nhj.fr\/index.php?rest_route=\/wp\/v2\/pages"}],"about":[{"href":"https:\/\/www.f5nhj.fr\/index.php?rest_route=\/wp\/v2\/types\/page"}],"author":[{"embeddable":true,"href":"https:\/\/www.f5nhj.fr\/index.php?rest_route=\/wp\/v2\/users\/1"}],"replies":[{"embeddable":true,"href":"https:\/\/www.f5nhj.fr\/index.php?rest_route=%2Fwp%2Fv2%2Fcomments&post=1592"}],"version-history":[{"count":8,"href":"https:\/\/www.f5nhj.fr\/index.php?rest_route=\/wp\/v2\/pages\/1592\/revisions"}],"predecessor-version":[{"id":3310,"href":"https:\/\/www.f5nhj.fr\/index.php?rest_route=\/wp\/v2\/pages\/1592\/revisions\/3310"}],"up":[{"embeddable":true,"href":"https:\/\/www.f5nhj.fr\/index.php?rest_route=\/wp\/v2\/pages\/3305"}],"wp:attachment":[{"href":"https:\/\/www.f5nhj.fr\/index.php?rest_route=%2Fwp%2Fv2%2Fmedia&parent=1592"}],"curies":[{"name":"wp","href":"https:\/\/api.w.org\/{rel}","templated":true}]}}