{"id":1751,"date":"2012-10-28T14:17:59","date_gmt":"2012-10-28T13:17:59","guid":{"rendered":"http:\/\/f5nhj.fr\/?page_id=1751"},"modified":"2013-03-19T12:10:26","modified_gmt":"2013-03-19T11:10:26","slug":"5x-uganda","status":"publish","type":"page","link":"https:\/\/www.f5nhj.fr\/?page_id=1751","title":{"rendered":"5X  Uganda"},"content":{"rendered":"<p><img loading=\"lazy\" decoding=\"async\" class=\"alignnone size-full wp-image-1828\" alt=\"gorille-ouganda\" src=\"http:\/\/f5nhj.fr\/wp-content\/uploads\/2011\/07\/gorille-ouganda.jpg\" width=\"295\" height=\"195\" \/>\u00a0 \u00a0 \u00a0 <img loading=\"lazy\" decoding=\"async\" class=\"alignnone  wp-image-2087\" alt=\"5X8C\" src=\"http:\/\/f5nhj.fr\/wp-content\/uploads\/2012\/10\/5X8CQSLrecto.jpg\" width=\"316\" height=\"206\" \/><\/p>\n<p><img loading=\"lazy\" decoding=\"async\" class=\"alignnone size-full wp-image-1755\" title=\"f6kop\" alt=\"\" src=\"http:\/\/f5nhj.fr\/wp-content\/uploads\/2012\/10\/f6kop.jpg\" width=\"243\" height=\"47\" \/><\/p>\n<p>Retrouvailles avec l&rsquo;Afrique depuis l&rsquo;<strong>Ouganda<\/strong>.<\/p>\n<p><img loading=\"lazy\" decoding=\"async\" class=\"alignnone  wp-image-1966\" alt=\"\" src=\"http:\/\/f5nhj.fr\/wp-content\/uploads\/2011\/07\/5X8COP.jpg\" width=\"635\" height=\"318\" srcset=\"https:\/\/www.f5nhj.fr\/wp-content\/uploads\/2011\/07\/5X8COP.jpg 794w, https:\/\/www.f5nhj.fr\/wp-content\/uploads\/2011\/07\/5X8COP-300x150.jpg 300w\" sizes=\"auto, (max-width: 635px) 100vw, 635px\" \/><\/p>\n<p>Superbe dxp\u00e9dion made in<strong> KOP<\/strong>*, 12 jours de pile up en RTTY de mon c\u00f4t\u00e9. Six stations actives 24\/24 2 SSB, 2 CW , 1 Mixte et une RTTY.<\/p>\n<p><strong>81000<\/strong> qso et quelques milliers d&rsquo;heureux au bout de l&rsquo;antenne&#8230;<\/p>\n<p>*<strong>F6KOP<\/strong><\/p>\n<p><img loading=\"lazy\" decoding=\"async\" class=\"alignnone size-full wp-image-1752\" style=\"font-size: 12px; line-height: 18px;\" alt=\"\" src=\"http:\/\/f5nhj.fr\/wp-content\/uploads\/2012\/10\/uganda.png\" width=\"124\" height=\"99\" \/><\/p>\n<p><span style=\"text-decoration: underline;\"><em>5X8<\/em><\/span><span style=\"text-decoration: underline;\"><em>C i<\/em><\/span><em>s over since last Sunday<\/em><\/p>\n<p>First QSO: <strong>2013-02-07<\/strong> 15:42:15<br \/>\nLast QSO: <strong>2013-02-17<\/strong> 10:03:28<br \/>\nTotal QSOs: <strong>81242<\/strong><br \/>\nUnique Calls: 21010<\/p>\n<p>&nbsp;<\/p>\n","protected":false},"excerpt":{"rendered":"<p>\u00a0 \u00a0 \u00a0 Retrouvailles avec l&rsquo;Afrique depuis l&rsquo;Ouganda. Superbe dxp\u00e9dion made in KOP*, 12 jours de pile up en RTTY de mon c\u00f4t\u00e9. Six stations actives 24\/24 2 SSB, 2 CW , 1 Mixte et une RTTY. 81000 qso et &hellip; <a href=\"https:\/\/www.f5nhj.fr\/?page_id=1751\">Continuer la lecture <span class=\"meta-nav\">&rarr;<\/span><\/a><\/p>\n","protected":false},"author":1,"featured_media":0,"parent":278,"menu_order":0,"comment_status":"closed","ping_status":"open","template":"onecolumn-page.php","meta":{"footnotes":""},"class_list":["post-1751","page","type-page","status-publish","hentry"],"_links":{"self":[{"href":"https:\/\/www.f5nhj.fr\/index.php?rest_route=\/wp\/v2\/pages\/1751","targetHints":{"allow":["GET"]}}],"collection":[{"href":"https:\/\/www.f5nhj.fr\/index.php?rest_route=\/wp\/v2\/pages"}],"about":[{"href":"https:\/\/www.f5nhj.fr\/index.php?rest_route=\/wp\/v2\/types\/page"}],"author":[{"embeddable":true,"href":"https:\/\/www.f5nhj.fr\/index.php?rest_route=\/wp\/v2\/users\/1"}],"replies":[{"embeddable":true,"href":"https:\/\/www.f5nhj.fr\/index.php?rest_route=%2Fwp%2Fv2%2Fcomments&post=1751"}],"version-history":[{"count":35,"href":"https:\/\/www.f5nhj.fr\/index.php?rest_route=\/wp\/v2\/pages\/1751\/revisions"}],"predecessor-version":[{"id":2089,"href":"https:\/\/www.f5nhj.fr\/index.php?rest_route=\/wp\/v2\/pages\/1751\/revisions\/2089"}],"up":[{"embeddable":true,"href":"https:\/\/www.f5nhj.fr\/index.php?rest_route=\/wp\/v2\/pages\/278"}],"wp:attachment":[{"href":"https:\/\/www.f5nhj.fr\/index.php?rest_route=%2Fwp%2Fv2%2Fmedia&parent=1751"}],"curies":[{"name":"wp","href":"https:\/\/api.w.org\/{rel}","templated":true}]}}