{"id":186,"date":"2011-07-19T14:22:11","date_gmt":"2011-07-19T12:22:11","guid":{"rendered":"http:\/\/f5nhj.fr\/WP\/?page_id=186"},"modified":"2023-01-04T07:44:53","modified_gmt":"2023-01-04T06:44:53","slug":"fgf5nhj","status":"publish","type":"page","link":"https:\/\/www.f5nhj.fr\/?page_id=186","title":{"rendered":"FG\/F5NHJ &#8211; IOTA NA-102"},"content":{"rendered":"<p>Nous avions pr\u00e9vu de faire un qsy sur les<strong> Antilles<\/strong> depuis quelques ann\u00e9es et c&rsquo;est au retour d&rsquo;un s\u00e9jour professionnel au Tadjikistan (EY8\/..) que nous avons d\u00e9cid\u00e9 avec Nicole de nous lancer dans l&rsquo;aventure. (Quel travail..!)<\/p>\n<p>Quelques semaines plus tard, billets, valises et sac mat\u00e9riel dans l&rsquo;avion, nous arrivons \u00e0 <strong>Pointe \u00e0 Pitre<\/strong> apr\u00e8s un vol sans encombre depuis <strong>Nice<\/strong> via Orly.<\/p>\n<p><img loading=\"lazy\" decoding=\"async\" class=\"alignnone size-full wp-image-200\" title=\"FGMAP\" src=\"http:\/\/f5nhj.fr\/wp-content\/uploads\/2011\/07\/FGMAP.jpg\" alt=\"\" width=\"347\" height=\"249\" srcset=\"https:\/\/www.f5nhj.fr\/wp-content\/uploads\/2011\/07\/FGMAP.jpg 347w, https:\/\/www.f5nhj.fr\/wp-content\/uploads\/2011\/07\/FGMAP-300x215.jpg 300w\" sizes=\"auto, (max-width: 347px) 100vw, 347px\" \/><\/p>\n<p>Chaud mais un vrai bonheur, fin mois de mars le temps est superbe et un peu de chaleur change des <strong>-18\u00b0c<\/strong> nocturnes de\u00a0Dushamb\u00e9.<\/p>\n<p>Direction <strong>Saint Fran\u00e7ois<\/strong> et le Manganao nous accueille. Stick\u00e9 \u00ab\u00a0Tout inclus\u00a0\u00bb \u00e0 l&rsquo;arriv\u00e9e nous partons pour une semaine de farniente mais r\u00e9ellement niente !<\/p>\n<p><strong>Le qth :<\/strong><br \/>\nLog\u00e9 en bord de mer (Le coup de t\u00e9l\u00e9phone de la copine \u00e0 fonctionn\u00e9) et surtout avec un balcon qui donne sud sud ouest 180\u00b0..<\/p>\n<p><img loading=\"lazy\" decoding=\"async\" class=\"wp-image-196 alignleft\" src=\"http:\/\/f5nhj.fr\/wp-content\/uploads\/2011\/07\/FG2A.jpg\" alt=\"\" width=\"224\" height=\"168\" \/><\/p>\n<p><strong>L&rsquo;antenne :<\/strong><br \/>\nUne <strong>Buddipole<\/strong>, un choix un peu bizarre mais la \u00ab\u00a0biscornuit\u00e9\u00a0\u00bb du qth ne m&rsquo;a pas fait regretter celui-ci. J&rsquo;avais d&rsquo;ailleurs dit\u00a0\u00e0 <strong>W3FF<\/strong>\u00a0Budd que j&rsquo;allais le contacter depuis les Antilles Fran\u00e7aises.. Ce qui f\u00fbt fait d&rsquo;ailleurs sur 18 mhz en pleine journ\u00e9e. <strong>FG\/ W6<\/strong> avec une cinquantaine de watts.. Vu la propagation du moment .. sympa.<\/p>\n<p>La Buddipole install\u00e9e en \u00ab\u00a0L\u00a0\u00bb, mise en route du<strong>\u00a0FT 857<\/strong> et premiers essais : <strong>CU2, PJ2, ZF2<\/strong> in the log, s&rsquo;ensuivront les europ\u00e9ens tout au long de la semaine, la France avec <strong>F5CQ<\/strong> Rafik,\u00a0<strong>F8BBL<\/strong> Laurent.., la Suisse, l&rsquo;Italie et bien s\u00fbr les am\u00e9ricains qui remplissent la feuille \u00e0 vitesse grand V..<\/p>\n<p style=\"text-align: center;\"><img loading=\"lazy\" decoding=\"async\" class=\"alignnone size-full wp-image-197\" title=\"FT 857D\" src=\"http:\/\/f5nhj.fr\/wp-content\/uploads\/2011\/07\/FG4A1.jpg\" alt=\"\" width=\"277\" height=\"177\" \/>\u00a0 \u00a0 \u00a0 \u00a0\u00a0<img loading=\"lazy\" decoding=\"async\" class=\"alignnone size-full wp-image-198\" src=\"http:\/\/f5nhj.fr\/wp-content\/uploads\/2011\/07\/FG5A.jpg\" alt=\"\" width=\"280\" height=\"210\" \/><\/p>\n<p><span style=\"color: #000000;\">\u00ab\u00a0Holiday Trafic\u00a0\u00bb de mise.<a href=\"http:\/\/f5nhj.fr\/WP\/wp-content\/uploads\/2011\/07\/FG5A.jpg\"><br \/>\n<\/a><\/span><\/p>\n<p><strong>Le s\u00e9jour :<\/strong><br \/>\nRetour sur la C\u00f4te d&rsquo;azur apr\u00e8s de superbes vacances&#8230; Ti punch, Mat\u00e9t\u00e9 de crabes, Sorbet coco \u00e0 la <strong>Pointe des\u00a0ch\u00e2teaux<\/strong>\u00a0et tour(s) de l&rsquo;\u00eele papillon. <strong>Capesterre<\/strong>, <strong>Trois riv\u00e8res<\/strong>, <strong>Sainte Rose<\/strong>, un petit <strong>Chatrou<\/strong> grill\u00e9 \u00a0servi sur une terrasse face \u00e0 une plage de r\u00eave vers <strong>Pointe noire<\/strong>.. Le poisson sauce chien \u00e0 <strong>Terre de Haut<\/strong>. Tout au long du s\u00e9jour, l&rsquo;Afrique \u00e0 port\u00e9e de la main, Manioc, Kassav et autre plats et recettes emmen\u00e9s comme seul bagage par des hommes et femmes d\u00e9racin\u00e9s de force.<\/p>\n<p><strong>Gros bourg<\/strong> et la rhumerie du <strong>P\u00e8re Labat. <\/strong>Les boeufs\u00a0charrette\u00a0en action. Chanceux ce jour l\u00e0, nous \u00e9tions en pleine r\u00e9colte de cannes et les\u00a0propri\u00e9taires\u00a0sortaient leurs\u00a0boeufs\u00a0pour un peu d&rsquo;exercice (Peut \u00eatre en vue des concours du\u00a0week-end\u00a0?)<\/p>\n<p><strong>P\u00e2ques<\/strong> est un bon choix.. Que dire de tout le folklore \u00ab\u00a0<strong>kw\u00e9ol<\/strong>\u00ab\u00a0, danses, musiques et belles dames par\u00e9es pour la messe du dimanche matin..<\/p>\n<p>Ah oui.. J&rsquo;allais oublier : les vendeuses du march\u00e9 de P\u00e0P.. (Il faudra qu&rsquo;elles me donnent la marque des tubes amplis.. 500 watts au moins par \u00e9tal !)<\/p>\n<p>Les visites des <strong>Saintes<\/strong> et de <strong>Marie galante<\/strong> ont \u00e9t\u00e9 trop courtes, La <strong>D\u00e9sirade<\/strong> oubli\u00e9e suite \u00e0 des probl\u00e8mes de transports, vivement que nous revenions pour de plus grands s\u00e9jours..<\/p>\n<p style=\"text-align: center;\"><img loading=\"lazy\" decoding=\"async\" class=\"alignnone size-full wp-image-199\" src=\"http:\/\/f5nhj.fr\/wp-content\/uploads\/2011\/07\/FG8A.jpg\" alt=\"\" width=\"280\" height=\"210\" \/>\u00a0 \u00a0 \u00a0\u00a0<img loading=\"lazy\" decoding=\"async\" class=\"alignnone size-full wp-image-195\" src=\"http:\/\/f5nhj.fr\/wp-content\/uploads\/2011\/07\/FG0A.jpg\" alt=\"\" width=\"280\" height=\"210\" \/><\/p>\n<p style=\"text-align: center;\">Plages, cocotiers, soleil et aliz\u00e9. \u00a0 \u00a0 \u00a0 \u00a0 \u00a0 \u00a0 \u00a0 \u00a0 \u00a0 \u00a0 \u00a0 \u00a0 \u00a0 \u00a0 \u00a0 \u00a0<strong>IOTA<\/strong>\u00a0<strong>NA 114<\/strong> &#8211; Next ?<\/p>\n<p>Une vraie rencontre avec la\u00a0Cr\u00e9olit\u00e9, et l&rsquo;identit\u00e9 d&rsquo;une culture passionnante qui donne \u00e0 l&rsquo;\u00eele toute sa force et sa fiert\u00e9.<\/p>\n<p><strong>Jean louis FG\/F5NHJ<\/strong><\/p>\n<p>(c) XXI century<\/p>\n<p><script src=\"https:\/\/clublog.org\/last10.php?call=FG\/F5NHJ\" type=\"text\/javascript\"><\/script><\/p>\n","protected":false},"excerpt":{"rendered":"<p>Nous avions pr\u00e9vu de faire un qsy sur les Antilles depuis quelques ann\u00e9es et c&rsquo;est au retour d&rsquo;un s\u00e9jour professionnel au Tadjikistan (EY8\/..) que nous avons d\u00e9cid\u00e9 avec Nicole de nous lancer dans l&rsquo;aventure. (Quel travail..!) Quelques semaines plus tard, &hellip; <a href=\"https:\/\/www.f5nhj.fr\/?page_id=186\">Continuer la lecture <span class=\"meta-nav\">&rarr;<\/span><\/a><\/p>\n","protected":false},"author":1,"featured_media":0,"parent":86,"menu_order":0,"comment_status":"closed","ping_status":"open","template":"","meta":{"footnotes":""},"class_list":["post-186","page","type-page","status-publish","hentry"],"_links":{"self":[{"href":"https:\/\/www.f5nhj.fr\/index.php?rest_route=\/wp\/v2\/pages\/186","targetHints":{"allow":["GET"]}}],"collection":[{"href":"https:\/\/www.f5nhj.fr\/index.php?rest_route=\/wp\/v2\/pages"}],"about":[{"href":"https:\/\/www.f5nhj.fr\/index.php?rest_route=\/wp\/v2\/types\/page"}],"author":[{"embeddable":true,"href":"https:\/\/www.f5nhj.fr\/index.php?rest_route=\/wp\/v2\/users\/1"}],"replies":[{"embeddable":true,"href":"https:\/\/www.f5nhj.fr\/index.php?rest_route=%2Fwp%2Fv2%2Fcomments&post=186"}],"version-history":[{"count":50,"href":"https:\/\/www.f5nhj.fr\/index.php?rest_route=\/wp\/v2\/pages\/186\/revisions"}],"predecessor-version":[{"id":4172,"href":"https:\/\/www.f5nhj.fr\/index.php?rest_route=\/wp\/v2\/pages\/186\/revisions\/4172"}],"up":[{"embeddable":true,"href":"https:\/\/www.f5nhj.fr\/index.php?rest_route=\/wp\/v2\/pages\/86"}],"wp:attachment":[{"href":"https:\/\/www.f5nhj.fr\/index.php?rest_route=%2Fwp%2Fv2%2Fmedia&parent=186"}],"curies":[{"name":"wp","href":"https:\/\/api.w.org\/{rel}","templated":true}]}}