{"id":2,"date":"2011-07-08T12:12:22","date_gmt":"2011-07-08T12:12:22","guid":{"rendered":"http:\/\/f5nhj.fr\/WP\/\/?page_id=2"},"modified":"2024-04-02T05:44:22","modified_gmt":"2024-04-02T03:44:22","slug":"about","status":"publish","type":"page","link":"https:\/\/www.f5nhj.fr\/?page_id=2","title":{"rendered":"F5NHJ"},"content":{"rendered":"<p><img loading=\"lazy\" decoding=\"async\" class=\"alignleft wp-image-140\" src=\"http:\/\/f5nhj.fr\/wp-content\/uploads\/2011\/07\/marquis-2009-300x211.jpg\" alt=\"\" width=\"288\" height=\"205\" \/>Moi c&rsquo;est <strong>Jean-louis<\/strong>, mari\u00e9 \u00e0 <strong>Nicole<\/strong>, nous avons deux fils, <strong>Fran\u00e7ois<\/strong> et <strong>Olivier<\/strong>.<\/p>\n<p><img loading=\"lazy\" decoding=\"async\" class=\"alignnone wp-image-2376\" title=\"Grundig Satellit 2000\" src=\"http:\/\/f5nhj.fr\/wp-content\/uploads\/2011\/07\/jl-cha2-300x269.jpg\" alt=\"jl cha2\" width=\"193\" height=\"174\" srcset=\"https:\/\/www.f5nhj.fr\/wp-content\/uploads\/2011\/07\/jl-cha2-300x269.jpg 300w, https:\/\/www.f5nhj.fr\/wp-content\/uploads\/2011\/07\/jl-cha2.jpg 344w\" sizes=\"auto, (max-width: 193px) 100vw, 193px\" \/><\/p>\n<p>Swl en 1974,\u00a0Brevet\u00e9\u00a0Op\u00e9rateur radio \u00e0\u00a0Chamb\u00e9ry\u00a0en 1976,\u00a0\u00a0Radioamateur depuis <strong>1987<\/strong> avec l&rsquo;indicatif FB1, puis FD1NHJ en 1993, enfin <strong>6W1\/F5NHJ<\/strong> \u00e0 mon arriv\u00e9e au S\u00e9n\u00e9gal, \u00e0 <strong>Ouakam,<\/strong> o\u00f9 nous avons pass\u00e9 deux ans d&rsquo;un s\u00e9jour de r\u00eave mais tr\u00e8s occup\u00e9 professionnellement, trafiquant peu et principalement en CW et RTTY\/Packet.<br \/>\nD\u00e9couverte du num\u00e9rique au travers les BBS \u00e0 l&rsquo;aide d&rsquo;un Memorizer en Vhf, un FT 757 GXII sur les bandes HF, un MFJ 1278 et d&rsquo;un PC 186. Utilisant le link\u00a0<strong>6W1AAD-1<\/strong> et autres pour parcourir le monde..<\/p>\n<p>De retour en France \u00e0 <strong>Roquebrune Cap Martin<\/strong>, petite ville de la C\u00f4te d&rsquo;azur\u00a0situ\u00e9e entre Menton, la fronti\u00e8re italienne et la Principaut\u00e9 de Monaco.<br \/>\nInstallation de ma nouvelle station : Antenne R7, PK232 mbx, FT900at.<\/p>\n<p>D\u00e9part pour <strong>Djibouti<\/strong>\u00a0quatre ans plus tard pour un s\u00e9jour en trafic \u00ab\u00a0tous modes &#8211; toutes bandes\u00a0\u00bb avec les indicatifs <strong>J28NH,<\/strong>\u00a0<strong>J28CDX\u00a0<\/strong>&amp; <strong>J27JUIN<\/strong>\u00a0.<br \/>\n(<strong>Lac Assal<\/strong> &#8211; Iota <strong>AF-053 AF-059<\/strong>)<\/p>\n<p>Quelques ann\u00e9es de trafic \u00ab\u00a0Azur\u00e9ens\u00a0\u00bb entrecoup\u00e9 de voyages, de ballades en Europe et dans le monde.. <strong>TO4E, FK\/.. VR2\/.. FR\/.. FG\/.. 6W\/.. EY8\/F5NHJ<\/strong>.. profitant toujours d&rsquo;une heure ou deux pour faire quelques contacts radio avec le pr\u00e9fixe du pays.<br \/>\n(\u00a0<strong>R<\/strong><strong>E<\/strong><strong>F<\/strong>,\u00a0<strong>C<\/strong>lipperton <strong>DX<\/strong> <strong>C<\/strong>lub, <strong>B<\/strong>ordeaux <strong>DX<\/strong> <strong>G<\/strong>roup, <strong>F6KOP)<\/strong><br \/>\nQuelques s\u00e9jours radio en <strong>VE<\/strong> sur le <strong>Qu\u00e9bec<\/strong>, l&rsquo;<strong>Ontario<\/strong> et la <strong>Colombie Britannique<\/strong>.<\/p>\n<p>Toujours fana de <strong>RTTY<\/strong> et de modes data. Nous habitions depuis ao\u00fbt 2009 un petit village de Lomagne gersoise, dans le Sud ouest de la France, o\u00f9 nous avions ouvert une maison d&rsquo;h\u00f4tes.<\/p>\n<p style=\"text-align: center;\">****************<\/p>\n<p>De retour sur l&rsquo;<strong>Anjou<\/strong> dans notre nouveau chez nous apr\u00e8s quelques d\u00e9cades en France et \u00e0 l&rsquo;\u00e9tranger.<br \/>\nIl est temps d&rsquo;aller visiter nos enfants en <strong>Nouvelle Cal\u00e9donie<\/strong> et au <strong>Canada<\/strong>.*<\/p>\n<p>A suivre&#8230;<br \/>\n*(et faire un peu de radio !)<\/p>\n","protected":false},"excerpt":{"rendered":"<p>Moi c&rsquo;est Jean-louis, mari\u00e9 \u00e0 Nicole, nous avons deux fils, Fran\u00e7ois et Olivier. Swl en 1974,\u00a0Brevet\u00e9\u00a0Op\u00e9rateur radio \u00e0\u00a0Chamb\u00e9ry\u00a0en 1976,\u00a0\u00a0Radioamateur depuis 1987 avec l&rsquo;indicatif FB1, puis FD1NHJ en 1993, enfin 6W1\/F5NHJ \u00e0 mon arriv\u00e9e au S\u00e9n\u00e9gal, \u00e0 Ouakam, o\u00f9 nous avons &hellip; <a href=\"https:\/\/www.f5nhj.fr\/?page_id=2\">Continuer la lecture <span class=\"meta-nav\">&rarr;<\/span><\/a><\/p>\n","protected":false},"author":1,"featured_media":0,"parent":0,"menu_order":1,"comment_status":"open","ping_status":"open","template":"","meta":{"footnotes":""},"class_list":["post-2","page","type-page","status-publish","hentry"],"_links":{"self":[{"href":"https:\/\/www.f5nhj.fr\/index.php?rest_route=\/wp\/v2\/pages\/2","targetHints":{"allow":["GET"]}}],"collection":[{"href":"https:\/\/www.f5nhj.fr\/index.php?rest_route=\/wp\/v2\/pages"}],"about":[{"href":"https:\/\/www.f5nhj.fr\/index.php?rest_route=\/wp\/v2\/types\/page"}],"author":[{"embeddable":true,"href":"https:\/\/www.f5nhj.fr\/index.php?rest_route=\/wp\/v2\/users\/1"}],"replies":[{"embeddable":true,"href":"https:\/\/www.f5nhj.fr\/index.php?rest_route=%2Fwp%2Fv2%2Fcomments&post=2"}],"version-history":[{"count":74,"href":"https:\/\/www.f5nhj.fr\/index.php?rest_route=\/wp\/v2\/pages\/2\/revisions"}],"predecessor-version":[{"id":4339,"href":"https:\/\/www.f5nhj.fr\/index.php?rest_route=\/wp\/v2\/pages\/2\/revisions\/4339"}],"wp:attachment":[{"href":"https:\/\/www.f5nhj.fr\/index.php?rest_route=%2Fwp%2Fv2%2Fmedia&parent=2"}],"curies":[{"name":"wp","href":"https:\/\/api.w.org\/{rel}","templated":true}]}}