{"id":2175,"date":"2014-03-10T17:05:17","date_gmt":"2014-03-10T16:05:17","guid":{"rendered":"http:\/\/f5nhj.fr\/?page_id=2175"},"modified":"2015-04-13T23:34:22","modified_gmt":"2015-04-13T21:34:22","slug":"portugal","status":"publish","type":"page","link":"https:\/\/www.f5nhj.fr\/?page_id=2175","title":{"rendered":"Portugal"},"content":{"rendered":"<h2 style=\"text-align: center;\"><a href=\"http:\/\/f5nhj.fr\/wp-content\/uploads\/2011\/07\/portugal_flag_map.png\"><img loading=\"lazy\" decoding=\"async\" class=\"alignnone size-medium wp-image-2159\" alt=\"\" src=\"http:\/\/f5nhj.fr\/wp-content\/uploads\/2011\/07\/portugal_flag_map-143x300.png\" width=\"143\" height=\"300\" srcset=\"https:\/\/www.f5nhj.fr\/wp-content\/uploads\/2011\/07\/portugal_flag_map-143x300.png 143w, https:\/\/www.f5nhj.fr\/wp-content\/uploads\/2011\/07\/portugal_flag_map-490x1024.png 490w\" sizes=\"auto, (max-width: 143px) 100vw, 143px\" \/><\/a><strong><span style=\"color: #000000;\"><span style=\"color: #008000;\">CT7<\/span>\/<span style=\"color: #ff0000;\">F5NHJ<\/span><\/span> <\/strong>\u00a0\u00a0<a href=\"http:\/\/f5nhj.fr\/wp-content\/uploads\/2014\/02\/tap-portuga_4082582.jpg\"><img loading=\"lazy\" decoding=\"async\" class=\"alignnone size-medium wp-image-2171\" alt=\"\" src=\"http:\/\/f5nhj.fr\/wp-content\/uploads\/2014\/02\/tap-portuga_4082582-300x133.jpg\" width=\"300\" height=\"133\" srcset=\"https:\/\/www.f5nhj.fr\/wp-content\/uploads\/2014\/02\/tap-portuga_4082582-300x133.jpg 300w, https:\/\/www.f5nhj.fr\/wp-content\/uploads\/2014\/02\/tap-portuga_4082582.jpg 605w\" sizes=\"auto, (max-width: 300px) 100vw, 300px\" \/><\/a><\/h2>\n<p>Une petite semaine dans la partie nord du Portugal, en province de <strong>Beira Litoral.<\/strong><\/p>\n<p><em><span style=\"color: #000000;\"><strong><\/strong><strong><span style=\"text-decoration: underline;\"><em><strong>Le mat\u00e9riel<\/strong><\/em><\/span><\/strong><\/span><\/em><br \/>\nCondition de trafic, (entre les ballades dans les vall\u00e9es du Douro, la ville de Porto etc..), un <strong>FT450<\/strong>, Dipole bandes basses et tribandes <strong>A3S<\/strong> pour les bandes hautes, compl\u00e9t\u00e9es par une 3el 50mhz et un petit FT857d. L&rsquo;ordinateur portable pour le carnet et les logiciels.<\/p>\n<p><span style=\"text-decoration: underline;\"><em><strong>Trafic<\/strong><\/em><\/span><br \/>\n<strong>91<\/strong> qsos en <strong>DATA<\/strong> seulement. Trafic discret et surtout fait un peu moins de bruit dans la pi\u00e8ce commune .. .-)<\/p>\n<p>Merci \u00e0 <strong>Terry<\/strong>, <strong>CT2HXM<\/strong>, mon h\u00f4te et son \u00e9pouse Aida.. (ainsi qu&rsquo;\u00e0 P\u00e9pito !)<\/p>\n<p><script src=\"http:\/\/www.clublog.org\/last10.php?call=CT7\/F5NHJ\" type=\"text\/javascript\"><\/script><\/p>\n","protected":false},"excerpt":{"rendered":"<p>CT7\/F5NHJ \u00a0\u00a0 Une petite semaine dans la partie nord du Portugal, en province de Beira Litoral. Le mat\u00e9riel Condition de trafic, (entre les ballades dans les vall\u00e9es du Douro, la ville de Porto etc..), un FT450, Dipole bandes basses et &hellip; <a href=\"https:\/\/www.f5nhj.fr\/?page_id=2175\">Continuer la lecture <span class=\"meta-nav\">&rarr;<\/span><\/a><\/p>\n","protected":false},"author":1,"featured_media":0,"parent":90,"menu_order":0,"comment_status":"closed","ping_status":"open","template":"onecolumn-page.php","meta":{"footnotes":""},"class_list":["post-2175","page","type-page","status-publish","hentry"],"_links":{"self":[{"href":"https:\/\/www.f5nhj.fr\/index.php?rest_route=\/wp\/v2\/pages\/2175","targetHints":{"allow":["GET"]}}],"collection":[{"href":"https:\/\/www.f5nhj.fr\/index.php?rest_route=\/wp\/v2\/pages"}],"about":[{"href":"https:\/\/www.f5nhj.fr\/index.php?rest_route=\/wp\/v2\/types\/page"}],"author":[{"embeddable":true,"href":"https:\/\/www.f5nhj.fr\/index.php?rest_route=\/wp\/v2\/users\/1"}],"replies":[{"embeddable":true,"href":"https:\/\/www.f5nhj.fr\/index.php?rest_route=%2Fwp%2Fv2%2Fcomments&post=2175"}],"version-history":[{"count":10,"href":"https:\/\/www.f5nhj.fr\/index.php?rest_route=\/wp\/v2\/pages\/2175\/revisions"}],"predecessor-version":[{"id":2288,"href":"https:\/\/www.f5nhj.fr\/index.php?rest_route=\/wp\/v2\/pages\/2175\/revisions\/2288"}],"up":[{"embeddable":true,"href":"https:\/\/www.f5nhj.fr\/index.php?rest_route=\/wp\/v2\/pages\/90"}],"wp:attachment":[{"href":"https:\/\/www.f5nhj.fr\/index.php?rest_route=%2Fwp%2Fv2%2Fmedia&parent=2175"}],"curies":[{"name":"wp","href":"https:\/\/api.w.org\/{rel}","templated":true}]}}