{"id":2249,"date":"2015-04-09T09:23:21","date_gmt":"2015-04-09T07:23:21","guid":{"rendered":"http:\/\/f5nhj.fr\/?page_id=2249"},"modified":"2021-02-03T09:43:21","modified_gmt":"2021-02-03T08:43:21","slug":"delta-loop-portable","status":"publish","type":"page","link":"https:\/\/www.f5nhj.fr\/?page_id=2249","title":{"rendered":"Delta Loop portable"},"content":{"rendered":"<p><span style=\"text-decoration: underline;\">Montage avec\u00a0des pi\u00e8ces de r\u00e9cup\u00e9ration.<\/span><\/p>\n<p style=\"text-align: center;\">Fourreaux pour montage BA13, tubes carr\u00e9s d&rsquo;une vielle antenne t\u00e9l\u00e9vision, \u00a0canne \u00e0 p\u00eache 6mts \u00a0x 2, \u00a0Perceuse portable, vis, rondelles, \u00e9crou papillon et c&rsquo;est parti.<\/p>\n<p><img loading=\"lazy\" decoding=\"async\" class=\"alignnone wp-image-2250 size-medium\" src=\"http:\/\/f5nhj.fr\/wp-content\/uploads\/2015\/04\/delta-1-199x300.jpg\" alt=\"delta 1\" width=\"199\" height=\"300\" srcset=\"https:\/\/www.f5nhj.fr\/wp-content\/uploads\/2015\/04\/delta-1-199x300.jpg 199w, https:\/\/www.f5nhj.fr\/wp-content\/uploads\/2015\/04\/delta-1.jpg 408w\" sizes=\"auto, (max-width: 199px) 100vw, 199px\" \/>\u00a0 \u00a0 \u00a0 \u00a0 \u00a0 \u00a0 \u00a0<img loading=\"lazy\" decoding=\"async\" class=\"alignnone wp-image-2251 size-medium\" src=\"http:\/\/f5nhj.fr\/wp-content\/uploads\/2015\/04\/delta-2-300x199.jpg\" alt=\"delta 2\" width=\"300\" height=\"199\" srcset=\"https:\/\/www.f5nhj.fr\/wp-content\/uploads\/2015\/04\/delta-2-300x199.jpg 300w, https:\/\/www.f5nhj.fr\/wp-content\/uploads\/2015\/04\/delta-2-1024x678.jpg 1024w, https:\/\/www.f5nhj.fr\/wp-content\/uploads\/2015\/04\/delta-2-900x596.jpg 900w, https:\/\/www.f5nhj.fr\/wp-content\/uploads\/2015\/04\/delta-2.jpg 1232w\" sizes=\"auto, (max-width: 300px) 100vw, 300px\" \/><\/p>\n<p style=\"text-align: center;\">J&rsquo;ai coup\u00e9 la boucle et mont\u00e9 des fiches pour la fixation d&rsquo;une rallonge\u00a0pour chaque bande. La base est sur 24 Mhz soit 12 m\u00e8tres de cable qui seront rallong\u00e9s par un <strong>U<\/strong>\u00a0\u00e0 la demande install\u00e9 au centre de l&rsquo;antenne.<\/p>\n<p style=\"text-align: center;\">I cut the 24 mhz loop for attaching an extension for each band. The base is about 12 meters of cable to be lengthened by a <strong>U<\/strong> installed at the antenna center.<\/p>\n<p><img loading=\"lazy\" decoding=\"async\" class=\"alignnone wp-image-2252 size-medium\" src=\"http:\/\/f5nhj.fr\/wp-content\/uploads\/2015\/04\/delta-3-300x199.jpg\" alt=\"delta 3\" width=\"300\" height=\"199\" srcset=\"https:\/\/www.f5nhj.fr\/wp-content\/uploads\/2015\/04\/delta-3-300x199.jpg 300w, https:\/\/www.f5nhj.fr\/wp-content\/uploads\/2015\/04\/delta-3.jpg 616w\" sizes=\"auto, (max-width: 300px) 100vw, 300px\" \/>\u00a0 \u00a0 \u00a0 \u00a0 \u00a0<img loading=\"lazy\" decoding=\"async\" class=\"alignnone wp-image-2253 size-medium\" src=\"http:\/\/f5nhj.fr\/wp-content\/uploads\/2015\/04\/delta-4-199x300.jpg\" alt=\"delta 4\" width=\"199\" height=\"300\" srcset=\"https:\/\/www.f5nhj.fr\/wp-content\/uploads\/2015\/04\/delta-4-199x300.jpg 199w, https:\/\/www.f5nhj.fr\/wp-content\/uploads\/2015\/04\/delta-4.jpg 408w\" sizes=\"auto, (max-width: 199px) 100vw, 199px\" \/><\/p>\n<p>&nbsp;<\/p>\n<p><img loading=\"lazy\" decoding=\"async\" class=\"alignleft wp-image-2261 size-medium\" src=\"http:\/\/f5nhj.fr\/wp-content\/uploads\/2015\/04\/DELTA-5-231x300.jpg\" alt=\"DELTA 5\" width=\"231\" height=\"300\" srcset=\"https:\/\/www.f5nhj.fr\/wp-content\/uploads\/2015\/04\/DELTA-5-231x300.jpg 231w, https:\/\/www.f5nhj.fr\/wp-content\/uploads\/2015\/04\/DELTA-5.jpg 385w\" sizes=\"auto, (max-width: 231px) 100vw, 231px\" \/>\u00a0 \u00a0\u00a0<img loading=\"lazy\" decoding=\"async\" class=\"alignnone wp-image-2262 size-medium\" src=\"http:\/\/f5nhj.fr\/wp-content\/uploads\/2015\/04\/DELTA-6-300x199.jpg\" alt=\"DELTA 6\" width=\"300\" height=\"199\" srcset=\"https:\/\/www.f5nhj.fr\/wp-content\/uploads\/2015\/04\/DELTA-6-300x199.jpg 300w, https:\/\/www.f5nhj.fr\/wp-content\/uploads\/2015\/04\/DELTA-6.jpg 616w\" sizes=\"auto, (max-width: 300px) 100vw, 300px\" \/><\/p>\n<p>&nbsp;<\/p>\n<p>&nbsp;<\/p>\n<p style=\"text-align: center;\">Chevilles nylon pour la protection du fil\u00a0 \u00a0 \u00a0 \u00a0 \u00a0 &#8211;\u00a0 \u00a0 \u00a0 \u00a0Fixation du m\u00e2t&#8230;<br \/>\nI use nylon pegs, there are several sizes for wire protection<br \/>\nMast attachment with butterfly nuts for \/P&#8230;<\/p>\n<p><img loading=\"lazy\" decoding=\"async\" class=\"size-medium wp-image-2264 alignleft\" src=\"http:\/\/f5nhj.fr\/wp-content\/uploads\/2015\/04\/DELTA-8-213x300.jpg\" alt=\"DELTA 8\" width=\"213\" height=\"300\" srcset=\"https:\/\/www.f5nhj.fr\/wp-content\/uploads\/2015\/04\/DELTA-8-213x300.jpg 213w, https:\/\/www.f5nhj.fr\/wp-content\/uploads\/2015\/04\/DELTA-8.jpg 680w\" sizes=\"auto, (max-width: 213px) 100vw, 213px\" \/>\u00a0 \u00a0 \u00a0 \u00a0 \u00a0\u00a0<img loading=\"lazy\" decoding=\"async\" class=\"alignnone wp-image-2263 size-medium\" src=\"http:\/\/f5nhj.fr\/wp-content\/uploads\/2015\/04\/DELTA-7-199x300.jpg\" alt=\"DELTA 7\" width=\"199\" height=\"300\" srcset=\"https:\/\/www.f5nhj.fr\/wp-content\/uploads\/2015\/04\/DELTA-7-199x300.jpg 199w, https:\/\/www.f5nhj.fr\/wp-content\/uploads\/2015\/04\/DELTA-7.jpg 408w\" sizes=\"auto, (max-width: 199px) 100vw, 199px\" \/><\/p>\n<p style=\"text-align: center;\">\u00a0Trappe <strong>17<\/strong>Mts .. 12 mts + 3 mts de rallonge en <strong>U<br \/>\n<\/strong><strong>17<\/strong>mts .. 12 + 3 mts U extension wire.<br \/>\n(6mts fishing poles but 4.5 mts used..)<\/p>\n<p style=\"text-align: center;\">Premiers essais .. <strong>9M2<\/strong>\u00a0 en pile up dans le \u00a0log <strong>57<\/strong> RX TX..<br \/>\nFirst try \u00a0..\u00a0<strong>9M2<\/strong>\u00a0 on pile up in the\u00a0log <strong>57<\/strong> RX TX.. !<\/p>\n<p style=\"text-align: center;\"><img loading=\"lazy\" decoding=\"async\" class=\"alignleft wp-image-2274 size-medium\" src=\"http:\/\/f5nhj.fr\/wp-content\/uploads\/2015\/04\/delta-loups-1-199x300.jpg\" alt=\"delta loups 1\" width=\"199\" height=\"300\" srcset=\"https:\/\/www.f5nhj.fr\/wp-content\/uploads\/2015\/04\/delta-loups-1-199x300.jpg 199w, https:\/\/www.f5nhj.fr\/wp-content\/uploads\/2015\/04\/delta-loups-1.jpg 408w\" sizes=\"auto, (max-width: 199px) 100vw, 199px\" \/>\u00a0\u00a0<img loading=\"lazy\" decoding=\"async\" class=\"alignleft wp-image-2275 size-medium\" src=\"http:\/\/f5nhj.fr\/wp-content\/uploads\/2015\/04\/delta-loups-2-243x300.jpg\" alt=\"delta loups 2\" width=\"243\" height=\"300\" srcset=\"https:\/\/www.f5nhj.fr\/wp-content\/uploads\/2015\/04\/delta-loups-2-243x300.jpg 243w, https:\/\/www.f5nhj.fr\/wp-content\/uploads\/2015\/04\/delta-loups-2.jpg 387w\" sizes=\"auto, (max-width: 243px) 100vw, 243px\" \/><\/p>\n<p style=\"text-align: center;\">Trappe <strong>15<\/strong>Mts .. 12 mts + 3 mts + 2mts de rallonge en U<\/p>\n<p style=\"text-align: center;\"><b>\u00a9\u00a0<\/b>F5NHJ 20xx<\/p>\n","protected":false},"excerpt":{"rendered":"<p>Montage avec\u00a0des pi\u00e8ces de r\u00e9cup\u00e9ration. Fourreaux pour montage BA13, tubes carr\u00e9s d&rsquo;une vielle antenne t\u00e9l\u00e9vision, \u00a0canne \u00e0 p\u00eache 6mts \u00a0x 2, \u00a0Perceuse portable, vis, rondelles, \u00e9crou papillon et c&rsquo;est parti. \u00a0 \u00a0 \u00a0 \u00a0 \u00a0 \u00a0 \u00a0 J&rsquo;ai coup\u00e9 la &hellip; <a href=\"https:\/\/www.f5nhj.fr\/?page_id=2249\">Continuer la lecture <span class=\"meta-nav\">&rarr;<\/span><\/a><\/p>\n","protected":false},"author":1,"featured_media":0,"parent":3305,"menu_order":22,"comment_status":"closed","ping_status":"open","template":"onecolumn-page.php","meta":{"footnotes":""},"class_list":["post-2249","page","type-page","status-publish","hentry"],"_links":{"self":[{"href":"https:\/\/www.f5nhj.fr\/index.php?rest_route=\/wp\/v2\/pages\/2249","targetHints":{"allow":["GET"]}}],"collection":[{"href":"https:\/\/www.f5nhj.fr\/index.php?rest_route=\/wp\/v2\/pages"}],"about":[{"href":"https:\/\/www.f5nhj.fr\/index.php?rest_route=\/wp\/v2\/types\/page"}],"author":[{"embeddable":true,"href":"https:\/\/www.f5nhj.fr\/index.php?rest_route=\/wp\/v2\/users\/1"}],"replies":[{"embeddable":true,"href":"https:\/\/www.f5nhj.fr\/index.php?rest_route=%2Fwp%2Fv2%2Fcomments&post=2249"}],"version-history":[{"count":25,"href":"https:\/\/www.f5nhj.fr\/index.php?rest_route=\/wp\/v2\/pages\/2249\/revisions"}],"predecessor-version":[{"id":2956,"href":"https:\/\/www.f5nhj.fr\/index.php?rest_route=\/wp\/v2\/pages\/2249\/revisions\/2956"}],"up":[{"embeddable":true,"href":"https:\/\/www.f5nhj.fr\/index.php?rest_route=\/wp\/v2\/pages\/3305"}],"wp:attachment":[{"href":"https:\/\/www.f5nhj.fr\/index.php?rest_route=%2Fwp%2Fv2%2Fmedia&parent=2249"}],"curies":[{"name":"wp","href":"https:\/\/api.w.org\/{rel}","templated":true}]}}