{"id":2319,"date":"2015-04-15T20:05:22","date_gmt":"2015-04-15T18:05:22","guid":{"rendered":"http:\/\/f5nhj.fr\/?page_id=2319"},"modified":"2022-11-12T19:06:58","modified_gmt":"2022-11-12T18:06:58","slug":"balun-41-minute","status":"publish","type":"page","link":"https:\/\/www.f5nhj.fr\/?page_id=2319","title":{"rendered":"Balun 4\/1 minute"},"content":{"rendered":"<h2 class=\"entry-title\"><a href=\"http:\/\/f5nhj.fr\/wp-content\/uploads\/2015\/04\/42-c.jpg\"><img loading=\"lazy\" decoding=\"async\" class=\"alignnone size-medium wp-image-2314\" src=\"http:\/\/f5nhj.fr\/wp-content\/uploads\/2015\/04\/Balun421-223x300.jpg\" alt=\"Balun42\" width=\"223\" height=\"300\" srcset=\"https:\/\/www.f5nhj.fr\/wp-content\/uploads\/2015\/04\/Balun421-223x300.jpg 223w, https:\/\/www.f5nhj.fr\/wp-content\/uploads\/2015\/04\/Balun421.jpg 270w\" sizes=\"auto, (max-width: 223px) 100vw, 223px\" \/>\u00a0 \u00a0<\/a><a href=\"http:\/\/f5nhj.fr\/wp-content\/uploads\/2015\/04\/42-c.jpg\" target=\"_blank\" rel=\"noopener\"><img loading=\"lazy\" decoding=\"async\" class=\"alignnone wp-image-2309 size-medium\" src=\"http:\/\/f5nhj.fr\/wp-content\/uploads\/2015\/04\/42-c-300x199.jpg\" alt=\"42 c\" width=\"300\" height=\"199\" srcset=\"https:\/\/www.f5nhj.fr\/wp-content\/uploads\/2015\/04\/42-c-300x199.jpg 300w, https:\/\/www.f5nhj.fr\/wp-content\/uploads\/2015\/04\/42-c.jpg 616w\" sizes=\"auto, (max-width: 300px) 100vw, 300px\" \/><\/a><\/h2>\n<div class=\"entry-content\">\n<p>11 tours pour cette fois ci, (je reste sur les \u00ab\u00a0bandes hautes), de deux fils dans la main puis on revient avec le rouge sur la tresse et on soude <strong>b<\/strong> . Le bleu reste vers le haut et sera la \u00ab\u00a0tresse alimentation\u00a0\u00bb<strong> B<\/strong> avec une fiche \u00e9lectrique ronde..<br \/>\nLe troisi\u00e8me fil, noir, est soud\u00e9 sur le rouge qui lui sera\u00a0soud\u00e9 sur l\u2019\u00e2me, et sort en face du bleu. Il sera \u00e9quip\u00e9 lui aussi d\u2019une fiche destin\u00e9e \u00eatre \u00ab\u00a0l\u2019\u00e2me\u00a0\u00bb de l\u2019antenne.<strong> a<\/strong><br \/>\nUne derni\u00e8re fiche est soud\u00e9e sur les fils rouge\/bleu qui seront viss\u00e9s sur le socle PL.<\/p>\n<p>Et ouala.. Plus qu\u2019\u00e0 \u00ab\u00a0emboiter\u00a0\u00bb .. bon trafic !<\/p>\n<p><a href=\"http:\/\/f5nhj.fr\/wp-content\/uploads\/2015\/04\/41-a.jpg\" target=\"_blank\" rel=\"noopener\"><img loading=\"lazy\" decoding=\"async\" class=\"alignnone wp-image-2310 size-medium\" src=\"http:\/\/f5nhj.fr\/wp-content\/uploads\/2015\/04\/41-a-300x188.jpg\" alt=\"41 a\" width=\"300\" height=\"188\" srcset=\"https:\/\/www.f5nhj.fr\/wp-content\/uploads\/2015\/04\/41-a-300x188.jpg 300w, https:\/\/www.f5nhj.fr\/wp-content\/uploads\/2015\/04\/41-a.jpg 585w\" sizes=\"auto, (max-width: 300px) 100vw, 300px\" \/><\/a>\u00a0 \u00a0\u00a0<img loading=\"lazy\" decoding=\"async\" class=\"alignnone wp-image-2311 size-medium\" src=\"http:\/\/f5nhj.fr\/wp-content\/uploads\/2015\/04\/41-b-300x117.jpg\" alt=\"41 b\" width=\"300\" height=\"117\" srcset=\"https:\/\/www.f5nhj.fr\/wp-content\/uploads\/2015\/04\/41-b-300x117.jpg 300w, https:\/\/www.f5nhj.fr\/wp-content\/uploads\/2015\/04\/41-b.jpg 716w\" sizes=\"auto, (max-width: 300px) 100vw, 300px\" \/><\/p>\n<p style=\"text-align: center;\">\u00a0<b>\u00a9\u00a0<\/b>F5NHJ 20xx<\/p>\n<\/div>\n","protected":false},"excerpt":{"rendered":"<p>\u00a0 \u00a0 11 tours pour cette fois ci, (je reste sur les \u00ab\u00a0bandes hautes), de deux fils dans la main puis on revient avec le rouge sur la tresse et on soude b . Le bleu reste vers le haut &hellip; <a href=\"https:\/\/www.f5nhj.fr\/?page_id=2319\">Continuer la lecture <span class=\"meta-nav\">&rarr;<\/span><\/a><\/p>\n","protected":false},"author":1,"featured_media":0,"parent":4120,"menu_order":24,"comment_status":"closed","ping_status":"open","template":"","meta":{"footnotes":""},"class_list":["post-2319","page","type-page","status-publish","hentry"],"_links":{"self":[{"href":"https:\/\/www.f5nhj.fr\/index.php?rest_route=\/wp\/v2\/pages\/2319","targetHints":{"allow":["GET"]}}],"collection":[{"href":"https:\/\/www.f5nhj.fr\/index.php?rest_route=\/wp\/v2\/pages"}],"about":[{"href":"https:\/\/www.f5nhj.fr\/index.php?rest_route=\/wp\/v2\/types\/page"}],"author":[{"embeddable":true,"href":"https:\/\/www.f5nhj.fr\/index.php?rest_route=\/wp\/v2\/users\/1"}],"replies":[{"embeddable":true,"href":"https:\/\/www.f5nhj.fr\/index.php?rest_route=%2Fwp%2Fv2%2Fcomments&post=2319"}],"version-history":[{"count":9,"href":"https:\/\/www.f5nhj.fr\/index.php?rest_route=\/wp\/v2\/pages\/2319\/revisions"}],"predecessor-version":[{"id":4124,"href":"https:\/\/www.f5nhj.fr\/index.php?rest_route=\/wp\/v2\/pages\/2319\/revisions\/4124"}],"up":[{"embeddable":true,"href":"https:\/\/www.f5nhj.fr\/index.php?rest_route=\/wp\/v2\/pages\/4120"}],"wp:attachment":[{"href":"https:\/\/www.f5nhj.fr\/index.php?rest_route=%2Fwp%2Fv2%2Fmedia&parent=2319"}],"curies":[{"name":"wp","href":"https:\/\/api.w.org\/{rel}","templated":true}]}}