{"id":2439,"date":"2015-12-11T17:23:23","date_gmt":"2015-12-11T16:23:23","guid":{"rendered":"http:\/\/f5nhj.fr\/?page_id=2439"},"modified":"2025-03-21T07:07:21","modified_gmt":"2025-03-21T06:07:21","slug":"mbour","status":"publish","type":"page","link":"https:\/\/www.f5nhj.fr\/?page_id=2439","title":{"rendered":"M&rsquo;bour &#8211; 6W7\/F5NHJ"},"content":{"rendered":"<p><strong>2016<\/strong> &#8211; Ca se pr\u00e9cise et arrive \u00e0 grand pas.. Un s\u00e9jour sur <strong>La Somone<\/strong> pour ce d\u00e9but d&rsquo;ann\u00e9e. Mat\u00e9riel portable 100w et trafic \u00ab\u00a0Holiday\u00a0\u00bb.. A bient\u00f4t.<\/p>\n<p>It&rsquo;s\u00a0almost here .. \u00a0M&rsquo;bour for early 2016&rsquo;s . 100w portable equipment and traffic \u00ab\u00a0Holiday\u00a0\u00bb .. soon.<\/p>\n<p><img loading=\"lazy\" decoding=\"async\" class=\"alignnone wp-image-2459 size-medium\" src=\"http:\/\/f5nhj.fr\/wp-content\/uploads\/2015\/12\/102860359_o-300x265.gif\" alt=\"\" width=\"300\" height=\"265\" \/><\/p>\n<p>Bien arriv\u00e9s sur <strong>Ouakam<\/strong>, nous partons le 2 janvier pour Mbour. A bient\u00f4t sur l&rsquo;air.<br \/>\n&#8211; \u00a0TTY Maniaques .. 14088 .. !<\/p>\n<p style=\"text-align: center;\">***************************<\/p>\n<p style=\"text-align: left;\"><span style=\"text-decoration: underline;\"><strong>La Somone<\/strong>, installation et trafic..<\/span><\/p>\n<p>Le trafic a d\u00e9but\u00e9. Data pour l&rsquo;instant avec la verticale en L, le FT857d, MixW, le modem Signalink\u00a0et le PC portable.. Pas d&rsquo;internet \u00e0 la maison c&rsquo;est dommage pour le log mais on arrive \u00e0 se connecter lors de passages dans les h\u00f4tels et\/ou restaurants. Mise \u00e0 jour sur Clublog hebdomadaire ou coup par coup.<\/p>\n<p>La 3G est arriv\u00e9e .. plus simple et mise \u00e0 jour presque quotidienne des logs..<\/p>\n<p><img loading=\"lazy\" decoding=\"async\" class=\"alignnone wp-image-2468 size-medium\" src=\"http:\/\/f5nhj.fr\/wp-content\/uploads\/2015\/12\/P1050098b-225x300.jpg\" alt=\"\" width=\"225\" height=\"300\" srcset=\"https:\/\/www.f5nhj.fr\/wp-content\/uploads\/2015\/12\/P1050098b-225x300.jpg 225w, https:\/\/www.f5nhj.fr\/wp-content\/uploads\/2015\/12\/P1050098b.jpg 600w\" sizes=\"auto, (max-width: 225px) 100vw, 225px\" \/>\u00a0 \u00a0<img loading=\"lazy\" decoding=\"async\" class=\"alignnone wp-image-2469 size-medium\" src=\"http:\/\/f5nhj.fr\/wp-content\/uploads\/2015\/12\/P1040094b-300x225.jpg\" alt=\"\" width=\"300\" height=\"225\" srcset=\"https:\/\/www.f5nhj.fr\/wp-content\/uploads\/2015\/12\/P1040094b-300x225.jpg 300w, https:\/\/www.f5nhj.fr\/wp-content\/uploads\/2015\/12\/P1040094b-768x576.jpg 768w, https:\/\/www.f5nhj.fr\/wp-content\/uploads\/2015\/12\/P1040094b.jpg 800w\" sizes=\"auto, (max-width: 300px) 100vw, 300px\" \/><\/p>\n<p style=\"text-align: center;\">***************************<\/p>\n<p style=\"text-align: left;\">Concours du REF T\u00e9l\u00e9graphie.<\/p>\n<p><img loading=\"lazy\" decoding=\"async\" class=\"alignnone size-full wp-image-2823\" src=\"https:\/\/f5nhj.fr\/wp-content\/uploads\/2019\/04\/CLASSEMENT-AFRIQUE-2016.jpg\" alt=\"\" width=\"943\" height=\"308\" srcset=\"https:\/\/www.f5nhj.fr\/wp-content\/uploads\/2019\/04\/CLASSEMENT-AFRIQUE-2016.jpg 943w, https:\/\/www.f5nhj.fr\/wp-content\/uploads\/2019\/04\/CLASSEMENT-AFRIQUE-2016-300x98.jpg 300w, https:\/\/www.f5nhj.fr\/wp-content\/uploads\/2019\/04\/CLASSEMENT-AFRIQUE-2016-768x251.jpg 768w\" sizes=\"auto, (max-width: 943px) 100vw, 943px\" \/><\/p>\n<p><img loading=\"lazy\" decoding=\"async\" class=\"alignnone size-medium wp-image-2758\" src=\"https:\/\/f5nhj.fr\/wp-content\/uploads\/2019\/03\/QSL-WORLD-TOUR-F5NHJ_2016-b-300x195-300x195.jpg\" alt=\"\" width=\"300\" height=\"195\" \/><\/p>\n<p>Encore merci mille fois \u00e0 <em><strong>Daniel 6W7RP<span style=\"font-family: Georgia;\">\u00a0<\/span><\/strong><\/em>(Pr\u00e9sident Adrasec S\u00e9n\u00e9gal)<br \/>\nPour son aide pr\u00e9cieuse et son accueil. En esp\u00e9rant te revoir tr\u00e8s bient\u00f4t. 73 88<\/p>\n<p><i><span style=\"color: #ffffff; font-family: Georgia; font-size: xx-small;\">our l&rsquo;<img loading=\"lazy\" decoding=\"async\" class=\"alignnone size-medium wp-image-2544\" src=\"http:\/\/f5nhj.fr\/wp-content\/uploads\/2015\/12\/AG16A-300x225.jpg\" alt=\"AG16A\" width=\"300\" height=\"225\" srcset=\"https:\/\/www.f5nhj.fr\/wp-content\/uploads\/2015\/12\/AG16A-300x225.jpg 300w, https:\/\/www.f5nhj.fr\/wp-content\/uploads\/2015\/12\/AG16A-768x576.jpg 768w, https:\/\/www.f5nhj.fr\/wp-content\/uploads\/2015\/12\/AG16A-1024x768.jpg 1024w, https:\/\/www.f5nhj.fr\/wp-content\/uploads\/2015\/12\/AG16A.jpg 1500w\" sizes=\"auto, (max-width: 300px) 100vw, 300px\" \/>Afri<\/span><\/i><\/p>\n<p style=\"text-align: center;\">***************************<\/p>\n<p><i><\/i><i><\/i><strong>2018 &#8211; La Somone<\/strong> .. De retour sur le Sud pour deux semaines et une semaine sur Dakar et sa r\u00e9gion;<br \/>\nBack for two weeks in South and one on Dakar area.<\/p>\n<p><strong>6W\/F5NHJ (<\/strong>Check ClubLog<strong> 6W7\/F5NHJ)<\/strong><\/p>\n<p>Qth : Keur Maringuen lodge<\/p>\n<p><img loading=\"lazy\" decoding=\"async\" class=\"alignnone wp-image-2593\" src=\"http:\/\/f5nhj.fr\/wp-content\/uploads\/2018\/02\/Photo-018A-300x169.jpg\" alt=\"\" width=\"434\" height=\"245\" srcset=\"https:\/\/www.f5nhj.fr\/wp-content\/uploads\/2018\/02\/Photo-018A-300x169.jpg 300w, https:\/\/www.f5nhj.fr\/wp-content\/uploads\/2018\/02\/Photo-018A-768x432.jpg 768w, https:\/\/www.f5nhj.fr\/wp-content\/uploads\/2018\/02\/Photo-018A.jpg 960w\" sizes=\"auto, (max-width: 434px) 100vw, 434px\" \/><\/p>\n<p>PC &#8211; FT 857d &#8211; Signalink USB&#8230; Samlex 1223<\/p>\n<p><img loading=\"lazy\" decoding=\"async\" class=\"alignnone size-medium wp-image-2595\" src=\"http:\/\/f5nhj.fr\/wp-content\/uploads\/2018\/02\/Photo-014A-169x300.jpg\" alt=\"\" width=\"169\" height=\"300\" srcset=\"https:\/\/www.f5nhj.fr\/wp-content\/uploads\/2018\/02\/Photo-014A-169x300.jpg 169w, https:\/\/www.f5nhj.fr\/wp-content\/uploads\/2018\/02\/Photo-014A.jpg 540w\" sizes=\"auto, (max-width: 169px) 100vw, 169px\" \/>\u00a0 \u00a0\u00a0<img loading=\"lazy\" decoding=\"async\" class=\"alignnone size-medium wp-image-2594\" style=\"line-height: 24px;\" src=\"http:\/\/f5nhj.fr\/wp-content\/uploads\/2018\/02\/Photo-012A-169x300.jpg\" alt=\"\" width=\"169\" height=\"300\" srcset=\"https:\/\/www.f5nhj.fr\/wp-content\/uploads\/2018\/02\/Photo-012A-169x300.jpg 169w, https:\/\/www.f5nhj.fr\/wp-content\/uploads\/2018\/02\/Photo-012A.jpg 540w\" sizes=\"auto, (max-width: 169px) 100vw, 169px\" \/><\/p>\n<p>L antenna and Buddistick&#8230;<\/p>\n<p style=\"text-align: center;\">***************************<\/p>\n<p><strong>2019 qsy &#8212; 6W7\/F5NHJ<\/strong><\/p>\n<p>Le qsy sur La Somone habituel. Bonnes conditions au d\u00e9but mais beaucoup de qrm du au vents de sables. Ft8 uniquement. Sp\u00e9cial mais la demande est l\u00e0, donc au travai..lol<\/p>\n<p>From feb 25th to 13rd of march i was near Saly, 70km south of Dakar on \u00ab\u00a0La petite cote\u00a0\u00bb.<br \/>\nSame qth in IK14ll .. and one day qsy in Dakar IK14gr.<\/p>\n<p><img loading=\"lazy\" decoding=\"async\" class=\"alignnone wp-image-2219\" src=\"https:\/\/f5nhj.fr\/wp-content\/uploads\/2011\/07\/SENEGAL-300x216.png\" alt=\"\" width=\"76\" height=\"55\" srcset=\"https:\/\/www.f5nhj.fr\/wp-content\/uploads\/2011\/07\/SENEGAL-300x216.png 300w, https:\/\/www.f5nhj.fr\/wp-content\/uploads\/2011\/07\/SENEGAL.png 763w\" sizes=\"auto, (max-width: 76px) 100vw, 76px\" \/> Log loaded on Clublog, and LoTW.<\/p>\n<p>Bons qso mais le FT8 n&rsquo;est vraiment pas ma \u00ab\u00a0tasse de th\u00e9\u00a0\u00bb, en fait je n&rsquo;avais jamais imagin\u00e9 combien de \u00ab\u00a0Bourrins\u00a0\u00bb on pouvait trouver derri\u00e8re les claviers &#8230; Appeler, appeler et ne jamais \u00e9couter .. En fait, de m\u00eame qu&rsquo;en SSB ou en CW<\/p>\n<p>De plus rien de facile avec un call en barr\u00e9 xx\/f5nhj .. le programme n&rsquo;autorisant pas l&#8217;emploi du RR73. Donc mode Fox et l\u00e0 on subit..<\/p>\n<p>Nice qso but the FT8 is really not my \u00ab\u00a0cup of tea\u00a0\u00bb, in fact i never imagined how much \u00ab\u00a0Mule\u00a0\u00bb you can found behind the keyboard.. Calling , calling and never listening.. In fact the same like an SSB or CW trafic<br \/>\nNothing is easy with a slashed call like xx \/ f5nhj .. the program does not allow the use of the RR73. So qsy in Fox mode and here we suffer ..<\/p>\n<p>Jean louis<\/p>\n<p>&nbsp;<\/p>\n<p><img loading=\"lazy\" decoding=\"async\" class=\"alignnone size-medium wp-image-2744\" src=\"https:\/\/f5nhj.fr\/wp-content\/uploads\/2019\/03\/DSCF1478b-300x225.jpg\" alt=\"\" width=\"300\" height=\"225\" srcset=\"https:\/\/www.f5nhj.fr\/wp-content\/uploads\/2019\/03\/DSCF1478b-300x225.jpg 300w, https:\/\/www.f5nhj.fr\/wp-content\/uploads\/2019\/03\/DSCF1478b-768x576.jpg 768w, https:\/\/www.f5nhj.fr\/wp-content\/uploads\/2019\/03\/DSCF1478b.jpg 1024w\" sizes=\"auto, (max-width: 300px) 100vw, 300px\" \/> <img loading=\"lazy\" decoding=\"async\" class=\"alignnone size-medium wp-image-2745\" src=\"https:\/\/f5nhj.fr\/wp-content\/uploads\/2019\/03\/DSCF1483b-225x300.jpg\" alt=\"\" width=\"225\" height=\"300\" srcset=\"https:\/\/www.f5nhj.fr\/wp-content\/uploads\/2019\/03\/DSCF1483b-225x300.jpg 225w, https:\/\/www.f5nhj.fr\/wp-content\/uploads\/2019\/03\/DSCF1483b.jpg 768w\" sizes=\"auto, (max-width: 225px) 100vw, 225px\" \/><\/p>\n<p>The sation\u00a0 &#8211;\u00a0 Testing C.Pole antenna for 18 mhz<\/p>\n<p><img loading=\"lazy\" decoding=\"async\" class=\"alignnone size-medium wp-image-2746\" src=\"https:\/\/f5nhj.fr\/wp-content\/uploads\/2019\/03\/DSCF1492b-300x169.jpg\" alt=\"\" width=\"300\" height=\"169\" srcset=\"https:\/\/www.f5nhj.fr\/wp-content\/uploads\/2019\/03\/DSCF1492b-300x169.jpg 300w, https:\/\/www.f5nhj.fr\/wp-content\/uploads\/2019\/03\/DSCF1492b-768x434.jpg 768w, https:\/\/www.f5nhj.fr\/wp-content\/uploads\/2019\/03\/DSCF1492b.jpg 1018w\" sizes=\"auto, (max-width: 300px) 100vw, 300px\" \/><\/p>\n<p>My old Mfj945\u00a0 (25 Years old) &#8211; doing well with a 32 feet LW !<\/p>\n<p style=\"text-align: center;\">***************************<\/p>\n<p><img loading=\"lazy\" decoding=\"async\" class=\"aligncenter size-full wp-image-4600\" src=\"https:\/\/www.f5nhj.fr\/wp-content\/uploads\/2025\/03\/Screenshot_20250321_070035_Messenger-scaled.jpg\" alt=\"\" width=\"2560\" height=\"1529\" srcset=\"https:\/\/www.f5nhj.fr\/wp-content\/uploads\/2025\/03\/Screenshot_20250321_070035_Messenger-scaled.jpg 2560w, https:\/\/www.f5nhj.fr\/wp-content\/uploads\/2025\/03\/Screenshot_20250321_070035_Messenger-300x179.jpg 300w, https:\/\/www.f5nhj.fr\/wp-content\/uploads\/2025\/03\/Screenshot_20250321_070035_Messenger-1024x612.jpg 1024w, https:\/\/www.f5nhj.fr\/wp-content\/uploads\/2025\/03\/Screenshot_20250321_070035_Messenger-768x459.jpg 768w, https:\/\/www.f5nhj.fr\/wp-content\/uploads\/2025\/03\/Screenshot_20250321_070035_Messenger-1536x917.jpg 1536w, https:\/\/www.f5nhj.fr\/wp-content\/uploads\/2025\/03\/Screenshot_20250321_070035_Messenger-2048x1223.jpg 2048w, https:\/\/www.f5nhj.fr\/wp-content\/uploads\/2025\/03\/Screenshot_20250321_070035_Messenger-500x300.jpg 500w\" sizes=\"auto, (max-width: 2560px) 100vw, 2560px\" \/><\/p>\n<p style=\"text-align: center;\">Le qth .. Auberge Keurmaringen<\/p>\n<p style=\"text-align: center;\">*******************************<\/p>\n<p><script src=\"https:\/\/clublog.org\/last10.php?call=6W7\/F5NHJ\" type=\"text\/javascript\"><\/script><\/p>\n<p>&nbsp;<\/p>\n","protected":false},"excerpt":{"rendered":"<p>2016 &#8211; Ca se pr\u00e9cise et arrive \u00e0 grand pas.. Un s\u00e9jour sur La Somone pour ce d\u00e9but d&rsquo;ann\u00e9e. Mat\u00e9riel portable 100w et trafic \u00ab\u00a0Holiday\u00a0\u00bb.. A bient\u00f4t. It&rsquo;s\u00a0almost here .. \u00a0M&rsquo;bour for early 2016&rsquo;s . 100w portable equipment and traffic &hellip; <a href=\"https:\/\/www.f5nhj.fr\/?page_id=2439\">Continuer la lecture <span class=\"meta-nav\">&rarr;<\/span><\/a><\/p>\n","protected":false},"author":1,"featured_media":0,"parent":345,"menu_order":0,"comment_status":"closed","ping_status":"closed","template":"","meta":{"footnotes":""},"class_list":["post-2439","page","type-page","status-publish","hentry"],"_links":{"self":[{"href":"https:\/\/www.f5nhj.fr\/index.php?rest_route=\/wp\/v2\/pages\/2439","targetHints":{"allow":["GET"]}}],"collection":[{"href":"https:\/\/www.f5nhj.fr\/index.php?rest_route=\/wp\/v2\/pages"}],"about":[{"href":"https:\/\/www.f5nhj.fr\/index.php?rest_route=\/wp\/v2\/types\/page"}],"author":[{"embeddable":true,"href":"https:\/\/www.f5nhj.fr\/index.php?rest_route=\/wp\/v2\/users\/1"}],"replies":[{"embeddable":true,"href":"https:\/\/www.f5nhj.fr\/index.php?rest_route=%2Fwp%2Fv2%2Fcomments&post=2439"}],"version-history":[{"count":38,"href":"https:\/\/www.f5nhj.fr\/index.php?rest_route=\/wp\/v2\/pages\/2439\/revisions"}],"predecessor-version":[{"id":4601,"href":"https:\/\/www.f5nhj.fr\/index.php?rest_route=\/wp\/v2\/pages\/2439\/revisions\/4601"}],"up":[{"embeddable":true,"href":"https:\/\/www.f5nhj.fr\/index.php?rest_route=\/wp\/v2\/pages\/345"}],"wp:attachment":[{"href":"https:\/\/www.f5nhj.fr\/index.php?rest_route=%2Fwp%2Fv2%2Fmedia&parent=2439"}],"curies":[{"name":"wp","href":"https:\/\/api.w.org\/{rel}","templated":true}]}}