{"id":2713,"date":"2019-02-03T22:30:16","date_gmt":"2019-02-03T21:30:16","guid":{"rendered":"https:\/\/www.f5nhj.fr\/?page_id=2713"},"modified":"2022-11-12T19:00:20","modified_gmt":"2022-11-12T18:00:20","slug":"antenne-cal","status":"publish","type":"page","link":"https:\/\/www.f5nhj.fr\/?page_id=2713","title":{"rendered":"Antenne \u00ab\u00a0CAL\u00a0\u00bb"},"content":{"rendered":"<p style=\"text-align: center;\"><strong>Callum<\/strong> Multiband Antenna (c) <strong>DX Commander<\/strong><br \/>\n(Youtube channel) and https:\/\/www.m0mcx.co.uk\/author\/m0mcx\/<\/p>\n<hr \/>\n<p style=\"text-align: center;\"><strong>Prototype<\/strong>\u00a0 \u00a02019 0203<\/p>\n<p>\u00a0 \u00a0 \u00a0 \u00a0 <img loading=\"lazy\" decoding=\"async\" class=\"wp-image-2716 alignnone\" style=\"font-size: 12px;\" src=\"https:\/\/f5nhj.fr\/wp-content\/uploads\/2019\/02\/P_20190202_1931281-300x169.jpg\" alt=\"\" width=\"231\" height=\"134\" \/> \u00a0<img loading=\"lazy\" decoding=\"async\" class=\"alignnone wp-image-2721\" style=\"font-size: 12px;\" src=\"https:\/\/f5nhj.fr\/wp-content\/uploads\/2019\/02\/P_20190203_1453271-300x242.jpg\" alt=\"\" width=\"267\" height=\"217\" srcset=\"https:\/\/www.f5nhj.fr\/wp-content\/uploads\/2019\/02\/P_20190203_1453271-768x620.jpg 768w, https:\/\/www.f5nhj.fr\/wp-content\/uploads\/2019\/02\/P_20190203_1453271.jpg 1001w\" sizes=\"auto, (max-width: 267px) 100vw, 267px\" \/><\/p>\n<p style=\"text-align: center;\">Spiderbeam connector\u00a0 \u00a0 \u00a0&#8211;\u00a0 \u00a0 Guying<\/p>\n<p>\u00a0 \u00a0 \u00a0 \u00a0 \u00a0<img loading=\"lazy\" decoding=\"async\" class=\"alignnone wp-image-2719\" style=\"font-size: 12px;\" src=\"https:\/\/f5nhj.fr\/wp-content\/uploads\/2019\/02\/P_20190203_1444361-169x300.jpg\" alt=\"\" width=\"243\" height=\"419\" \/> \u00a0 <img loading=\"lazy\" decoding=\"async\" class=\"alignnone wp-image-2722\" src=\"https:\/\/f5nhj.fr\/wp-content\/uploads\/2019\/02\/P_20190203_1455321-169x300.jpg\" alt=\"\" width=\"261\" height=\"450\" \/> \u00a0 <img loading=\"lazy\" decoding=\"async\" class=\"wp-image-2723 aligncenter\" style=\"font-size: 12px;\" src=\"https:\/\/f5nhj.fr\/wp-content\/uploads\/2019\/02\/P_20190203_1457101-169x300.jpg\" alt=\"\" width=\"266\" height=\"459\" \/><\/p>\n<p style=\"text-align: center;\">&#8230; Feeding \/ Alimentation &#8211; Ready to go.<br \/>\nTests 30, 20, 15,\u00a0 10 et 6 mt \/ swr<strong> 1\/1<\/strong> &#8211; <strong>1\/3<\/strong> on bands<\/p>\n<p style=\"text-align: center;\">***************************<\/p>\n<p style=\"text-align: center;\">\u00a0Mai 2019\/ May<br \/>\nEmbase <strong>#2<\/strong>\u00a0 pour antenne portable\/ qsy Canada.<br \/>\nReady for Canada.. Using a short 6 mts pole.<\/p>\n<p><img loading=\"lazy\" decoding=\"async\" class=\"alignnone wp-image-2774\" src=\"https:\/\/f5nhj.fr\/wp-content\/uploads\/2019\/03\/embase3a-300x225.jpg\" alt=\"\" width=\"270\" height=\"203\" srcset=\"https:\/\/www.f5nhj.fr\/wp-content\/uploads\/2019\/03\/embase3a-300x225.jpg 300w, https:\/\/www.f5nhj.fr\/wp-content\/uploads\/2019\/03\/embase3a-768x576.jpg 768w, https:\/\/www.f5nhj.fr\/wp-content\/uploads\/2019\/03\/embase3a.jpg 1024w\" sizes=\"auto, (max-width: 270px) 100vw, 270px\" \/> \u00a0 <img loading=\"lazy\" decoding=\"async\" class=\"alignnone wp-image-2778\" src=\"https:\/\/f5nhj.fr\/wp-content\/uploads\/2019\/03\/embase3c-300x225.jpg\" alt=\"\" width=\"270\" height=\"205\" \/><\/p>\n<p style=\"text-align: center;\">New base and feeding &#8230;.\u00a0 Ground \/Plan de sol 2x 4 fils de 5 m\u00e8tres<br \/>\nusing 2&#215;4 wires of 5 mt long .. it&rsquo;s enough<br \/>\nNouvelle embase et alimentation antenne multibandes.<\/p>\n<p><img loading=\"lazy\" decoding=\"async\" class=\"alignnone size-medium wp-image-2777 aligncenter\" src=\"https:\/\/f5nhj.fr\/wp-content\/uploads\/2019\/03\/embase3b-300x225.jpg\" alt=\"\" width=\"300\" height=\"225\" srcset=\"https:\/\/www.f5nhj.fr\/wp-content\/uploads\/2019\/03\/embase3b-300x225.jpg 300w, https:\/\/www.f5nhj.fr\/wp-content\/uploads\/2019\/03\/embase3b-768x576.jpg 768w, https:\/\/www.f5nhj.fr\/wp-content\/uploads\/2019\/03\/embase3b.jpg 1024w\" sizes=\"auto, (max-width: 300px) 100vw, 300px\" \/><\/p>\n<p style=\"text-align: center;\">The base is blocked with a cuted and slipped tube on the fishing rod.<\/p>\n<p style=\"text-align: center;\">***************************<\/p>\n<p style=\"text-align: center;\">Montage de l&#8217;embase III<\/p>\n<p><img loading=\"lazy\" decoding=\"async\" class=\"alignnone wp-image-2830\" style=\"font-size: 12px;\" src=\"https:\/\/f5nhj.fr\/wp-content\/uploads\/2019\/04\/embase-4-c-300x225.jpg\" alt=\"\" width=\"270\" height=\"203\" srcset=\"https:\/\/www.f5nhj.fr\/wp-content\/uploads\/2019\/04\/embase-4-c-300x225.jpg 300w, https:\/\/www.f5nhj.fr\/wp-content\/uploads\/2019\/04\/embase-4-c-768x576.jpg 768w, https:\/\/www.f5nhj.fr\/wp-content\/uploads\/2019\/04\/embase-4-c.jpg 1024w\" sizes=\"auto, (max-width: 270px) 100vw, 270px\" \/>\u00a0 \u00a0<img loading=\"lazy\" decoding=\"async\" class=\"alignnone wp-image-2833\" style=\"font-size: 12px;\" src=\"https:\/\/f5nhj.fr\/wp-content\/uploads\/2019\/04\/embase-4-f-300x225.jpg\" alt=\"\" width=\"270\" height=\"203\" srcset=\"https:\/\/www.f5nhj.fr\/wp-content\/uploads\/2019\/04\/embase-4-f-300x225.jpg 300w, https:\/\/www.f5nhj.fr\/wp-content\/uploads\/2019\/04\/embase-4-f-768x576.jpg 768w, https:\/\/www.f5nhj.fr\/wp-content\/uploads\/2019\/04\/embase-4-f.jpg 1024w\" sizes=\"auto, (max-width: 270px) 100vw, 270px\" \/><\/p>\n<p style=\"text-align: center;\">Montage de 4 bandes &#8211; 30 20 15 17 m\u00e8tres ( 12 10 et 6 m\u00e8tres )<br \/>\n8 wires of 5 mts for ground system<\/p>\n<p style=\"text-align: center;\"><img loading=\"lazy\" decoding=\"async\" class=\"alignnone wp-image-2829\" src=\"https:\/\/f5nhj.fr\/wp-content\/uploads\/2019\/04\/embase-4-b-300x228.jpg\" alt=\"\" width=\"260\" height=\"198\" srcset=\"https:\/\/www.f5nhj.fr\/wp-content\/uploads\/2019\/04\/embase-4-b-300x228.jpg 300w, https:\/\/www.f5nhj.fr\/wp-content\/uploads\/2019\/04\/embase-4-b.jpg 644w\" sizes=\"auto, (max-width: 260px) 100vw, 260px\" \/> \u00a0\u00a0 <img loading=\"lazy\" decoding=\"async\" class=\"alignnone wp-image-2828\" src=\"https:\/\/f5nhj.fr\/wp-content\/uploads\/2019\/04\/embase-4-a-300x225.jpg\" alt=\"\" width=\"260\" height=\"195\" srcset=\"https:\/\/www.f5nhj.fr\/wp-content\/uploads\/2019\/04\/embase-4-a-300x225.jpg 300w, https:\/\/www.f5nhj.fr\/wp-content\/uploads\/2019\/04\/embase-4-a-768x576.jpg 768w, https:\/\/www.f5nhj.fr\/wp-content\/uploads\/2019\/04\/embase-4-a.jpg 1024w\" sizes=\"auto, (max-width: 260px) 100vw, 260px\" \/><\/p>\n<p style=\"text-align: center;\">Embase II ..\u00a0 Fil cuivre 1.5 mm ..<br \/>\nElectric coper wire<\/p>\n<p style=\"text-align: center;\">***************************<\/p>\n<p style=\"text-align: center;\">Juin 2019 \/ June<\/p>\n<p><img loading=\"lazy\" decoding=\"async\" class=\"alignnone wp-image-2962\" src=\"https:\/\/f5nhj.fr\/wp-content\/uploads\/2019\/08\/clip-B-300x169.jpg\" alt=\"\" width=\"270\" height=\"152\" srcset=\"https:\/\/www.f5nhj.fr\/wp-content\/uploads\/2019\/08\/clip-B-300x169.jpg 300w, https:\/\/www.f5nhj.fr\/wp-content\/uploads\/2019\/08\/clip-B-768x432.jpg 768w, https:\/\/www.f5nhj.fr\/wp-content\/uploads\/2019\/08\/clip-B.jpg 960w\" sizes=\"auto, (max-width: 270px) 100vw, 270px\" \/>\u00a0 \u00a0<img loading=\"lazy\" decoding=\"async\" class=\"alignnone wp-image-2963\" src=\"https:\/\/f5nhj.fr\/wp-content\/uploads\/2019\/08\/clip-A-300x169.jpg\" alt=\"\" width=\"270\" height=\"152\" srcset=\"https:\/\/www.f5nhj.fr\/wp-content\/uploads\/2019\/08\/clip-A-300x169.jpg 300w, https:\/\/www.f5nhj.fr\/wp-content\/uploads\/2019\/08\/clip-A-768x432.jpg 768w, https:\/\/www.f5nhj.fr\/wp-content\/uploads\/2019\/08\/clip-A.jpg 960w\" sizes=\"auto, (max-width: 270px) 100vw, 270px\" \/><\/p>\n<p style=\"text-align: center;\">Clip Plastiques \/ Plastic clips<\/p>\n<p><img loading=\"lazy\" decoding=\"async\" class=\"alignnone wp-image-2913\" src=\"https:\/\/f5nhj.fr\/wp-content\/uploads\/2019\/07\/P_20190404_181750b.jpg\" alt=\"\" width=\"260\" height=\"462\" srcset=\"https:\/\/www.f5nhj.fr\/wp-content\/uploads\/2019\/07\/P_20190404_181750b.jpg 540w, https:\/\/www.f5nhj.fr\/wp-content\/uploads\/2019\/07\/P_20190404_181750b-169x300.jpg 169w\" sizes=\"auto, (max-width: 260px) 100vw, 260px\" \/>\u00a0 \u00a0 \u00a0<img loading=\"lazy\" decoding=\"async\" class=\"alignnone wp-image-2914\" src=\"https:\/\/f5nhj.fr\/wp-content\/uploads\/2019\/07\/montage-tendeurs.jpg\" alt=\"\" width=\"270\" height=\"426\" srcset=\"https:\/\/www.f5nhj.fr\/wp-content\/uploads\/2019\/07\/montage-tendeurs.jpg 1069w, https:\/\/www.f5nhj.fr\/wp-content\/uploads\/2019\/07\/montage-tendeurs-190x300.jpg 190w, https:\/\/www.f5nhj.fr\/wp-content\/uploads\/2019\/07\/montage-tendeurs-768x1211.jpg 768w, https:\/\/www.f5nhj.fr\/wp-content\/uploads\/2019\/07\/montage-tendeurs-650x1024.jpg 650w\" sizes=\"auto, (max-width: 270px) 100vw, 270px\" \/><\/p>\n<p style=\"text-align: center;\">Embase et \u00ab\u00a0montage tendeur\u00a0\u00bb des fils antenne.<br \/>\nstretched with an elastic thread<\/p>\n<p style=\"text-align: center;\">***************************<\/p>\n<p style=\"text-align: center;\"><img loading=\"lazy\" decoding=\"async\" class=\"wp-image-2917 alignleft\" style=\"font-size: 12px;\" src=\"https:\/\/f5nhj.fr\/wp-content\/uploads\/2019\/07\/ecarteurs.jpg\" alt=\"\" width=\"237\" height=\"409\" srcset=\"https:\/\/www.f5nhj.fr\/wp-content\/uploads\/2019\/07\/ecarteurs.jpg 552w, https:\/\/www.f5nhj.fr\/wp-content\/uploads\/2019\/07\/ecarteurs-174x300.jpg 174w\" sizes=\"auto, (max-width: 237px) 100vw, 237px\" \/><\/p>\n<p><img loading=\"lazy\" decoding=\"async\" class=\"alignnone wp-image-2958\" src=\"https:\/\/f5nhj.fr\/wp-content\/uploads\/2019\/07\/MQS_9660-199x300.jpg\" alt=\"\" width=\"272\" height=\"410\" srcset=\"https:\/\/www.f5nhj.fr\/wp-content\/uploads\/2019\/07\/MQS_9660-199x300.jpg 199w, https:\/\/www.f5nhj.fr\/wp-content\/uploads\/2019\/07\/MQS_9660-768x1160.jpg 768w, https:\/\/www.f5nhj.fr\/wp-content\/uploads\/2019\/07\/MQS_9660-678x1024.jpg 678w, https:\/\/www.f5nhj.fr\/wp-content\/uploads\/2019\/07\/MQS_9660.jpg 1632w\" sizes=\"auto, (max-width: 272px) 100vw, 272px\" \/><\/p>\n<p style=\"text-align: center;\">DX Wire 10 mts long pole &#8211; with 7 mhz wire.<\/p>\n<p style=\"text-align: center;\">Ecarteurs ronds doubl\u00e9s pour \u00e9viter le m\u00e9lange de fil<br \/>\n(10 ou 7 mhz et les autres bandes) \/ Spiderbeam wires<br \/>\nUsing plastic spreader (flower pot bottom) to avoid twists.<\/p>\n<p style=\"text-align: center;\">***************************<\/p>\n<p style=\"text-align: center;\"><img loading=\"lazy\" decoding=\"async\" class=\"wp-image-3041 aligncenter\" src=\"https:\/\/f5nhj.fr\/wp-content\/uploads\/2020\/03\/ant5mhzb.jpg\" alt=\"\" width=\"466\" height=\"309\" srcset=\"https:\/\/www.f5nhj.fr\/wp-content\/uploads\/2020\/03\/ant5mhzb.jpg 616w, https:\/\/www.f5nhj.fr\/wp-content\/uploads\/2020\/03\/ant5mhzb-300x199.jpg 300w\" sizes=\"auto, (max-width: 466px) 100vw, 466px\" \/><\/p>\n<p style=\"text-align: center;\">Des rallonges pour le 40, 60 et 80 mts<br \/>\nExtensions on\u00a0 7,\u00a0 5.3\u00a0 or\u00a0 3.5 mhz from 10 mts wire..<\/p>\n<p><img loading=\"lazy\" decoding=\"async\" class=\"aligncenter wp-image-3026 size-medium\" src=\"https:\/\/www.f5nhj.fr\/wp-content\/uploads\/2020\/03\/embase-2020-3-bandes-e1667302207495-300x201.jpg\" alt=\"\" width=\"300\" height=\"201\" srcset=\"https:\/\/www.f5nhj.fr\/wp-content\/uploads\/2020\/03\/embase-2020-3-bandes-e1667302207495-300x201.jpg 300w, https:\/\/www.f5nhj.fr\/wp-content\/uploads\/2020\/03\/embase-2020-3-bandes-e1667302207495-1024x685.jpg 1024w, https:\/\/www.f5nhj.fr\/wp-content\/uploads\/2020\/03\/embase-2020-3-bandes-e1667302207495-768x514.jpg 768w, https:\/\/www.f5nhj.fr\/wp-content\/uploads\/2020\/03\/embase-2020-3-bandes-e1667302207495-448x300.jpg 448w, https:\/\/www.f5nhj.fr\/wp-content\/uploads\/2020\/03\/embase-2020-3-bandes-e1667302207495.jpg 1421w\" sizes=\"auto, (max-width: 300px) 100vw, 300px\" \/><\/p>\n<p style=\"text-align: center;\">Embases III &#8211; 3 bandes<br \/>\n03 \/ 2020<\/p>\n<header class=\"entry-header\">\n<div class=\"entry-meta\" style=\"text-align: center;\">***************************<\/div>\n<div><\/div>\n<p style=\"text-align: center;\"><strong>New Caledonia<\/strong> qsy april to june 2022.<\/p>\n<\/header>\n<div class=\"entry-content\">\n<p><img loading=\"lazy\" decoding=\"async\" class=\"wp-image-4035 alignnone alignleft\" src=\"https:\/\/www.f5nhj.fr\/wp-content\/uploads\/2022\/06\/284670544_1047402446150988_6259252848196892886_n-762x1024.jpg\" sizes=\"auto, (max-width: 225px) 100vw, 225px\" srcset=\"https:\/\/www.f5nhj.fr\/wp-content\/uploads\/2022\/06\/284670544_1047402446150988_6259252848196892886_n-762x1024.jpg 762w, https:\/\/www.f5nhj.fr\/wp-content\/uploads\/2022\/06\/284670544_1047402446150988_6259252848196892886_n-223x300.jpg 223w, https:\/\/www.f5nhj.fr\/wp-content\/uploads\/2022\/06\/284670544_1047402446150988_6259252848196892886_n-768x1032.jpg 768w, https:\/\/www.f5nhj.fr\/wp-content\/uploads\/2022\/06\/284670544_1047402446150988_6259252848196892886_n-1143x1536.jpg 1143w, https:\/\/www.f5nhj.fr\/wp-content\/uploads\/2022\/06\/284670544_1047402446150988_6259252848196892886_n.jpg 1488w\" alt=\"\" width=\"231\" height=\"306\" \/><img loading=\"lazy\" decoding=\"async\" class=\"wp-image-4034 alignnone alignleft\" src=\"https:\/\/www.f5nhj.fr\/wp-content\/uploads\/2022\/06\/284807977_1143274416528724_8731613101828881773_n-762x1024.jpg\" sizes=\"auto, (max-width: 225px) 100vw, 225px\" srcset=\"https:\/\/www.f5nhj.fr\/wp-content\/uploads\/2022\/06\/284807977_1143274416528724_8731613101828881773_n-762x1024.jpg 762w, https:\/\/www.f5nhj.fr\/wp-content\/uploads\/2022\/06\/284807977_1143274416528724_8731613101828881773_n-223x300.jpg 223w, https:\/\/www.f5nhj.fr\/wp-content\/uploads\/2022\/06\/284807977_1143274416528724_8731613101828881773_n-768x1032.jpg 768w, https:\/\/www.f5nhj.fr\/wp-content\/uploads\/2022\/06\/284807977_1143274416528724_8731613101828881773_n-1143x1536.jpg 1143w, https:\/\/www.f5nhj.fr\/wp-content\/uploads\/2022\/06\/284807977_1143274416528724_8731613101828881773_n.jpg 1488w\" alt=\"\" width=\"231\" height=\"306\" \/><br \/>\n<a href=\"https:\/\/www.f5nhj.fr\/wp-content\/uploads\/2022\/06\/284588592_384570617050803_3126335658284375983_n.jpg\"><img loading=\"lazy\" decoding=\"async\" class=\"wp-image-4036 aligncenter\" src=\"https:\/\/www.f5nhj.fr\/wp-content\/uploads\/2022\/06\/284588592_384570617050803_3126335658284375983_n-1024x768.jpg\" alt=\"\" width=\"399\" height=\"302\" \/><\/a><\/p>\n<p style=\"text-align: center;\">The grass that covers the ground is too thick and does not help the contact between the earth and the radians,\u00a0 SWR 1,7 \u2013 1,9 .. ( Usualy flat ) but it\u2019s doing the job.<\/p>\n<\/div>\n<p style=\"text-align: center;\">***************************<br \/>\nF5NHJ &#8211; 20xx<\/p>\n","protected":false},"excerpt":{"rendered":"<p>Callum Multiband Antenna (c) DX Commander (Youtube channel) and https:\/\/www.m0mcx.co.uk\/author\/m0mcx\/ Prototype\u00a0 \u00a02019 0203 \u00a0 \u00a0 \u00a0 \u00a0 \u00a0 Spiderbeam connector\u00a0 \u00a0 \u00a0&#8211;\u00a0 \u00a0 Guying \u00a0 \u00a0 \u00a0 \u00a0 \u00a0 \u00a0 \u00a0 &#8230; Feeding \/ Alimentation &#8211; Ready to go. Tests &hellip; <a href=\"https:\/\/www.f5nhj.fr\/?page_id=2713\">Continuer la lecture <span class=\"meta-nav\">&rarr;<\/span><\/a><\/p>\n","protected":false},"author":1,"featured_media":0,"parent":2850,"menu_order":21,"comment_status":"closed","ping_status":"closed","template":"","meta":{"footnotes":""},"class_list":["post-2713","page","type-page","status-publish","hentry"],"_links":{"self":[{"href":"https:\/\/www.f5nhj.fr\/index.php?rest_route=\/wp\/v2\/pages\/2713","targetHints":{"allow":["GET"]}}],"collection":[{"href":"https:\/\/www.f5nhj.fr\/index.php?rest_route=\/wp\/v2\/pages"}],"about":[{"href":"https:\/\/www.f5nhj.fr\/index.php?rest_route=\/wp\/v2\/types\/page"}],"author":[{"embeddable":true,"href":"https:\/\/www.f5nhj.fr\/index.php?rest_route=\/wp\/v2\/users\/1"}],"replies":[{"embeddable":true,"href":"https:\/\/www.f5nhj.fr\/index.php?rest_route=%2Fwp%2Fv2%2Fcomments&post=2713"}],"version-history":[{"count":76,"href":"https:\/\/www.f5nhj.fr\/index.php?rest_route=\/wp\/v2\/pages\/2713\/revisions"}],"predecessor-version":[{"id":4075,"href":"https:\/\/www.f5nhj.fr\/index.php?rest_route=\/wp\/v2\/pages\/2713\/revisions\/4075"}],"up":[{"embeddable":true,"href":"https:\/\/www.f5nhj.fr\/index.php?rest_route=\/wp\/v2\/pages\/2850"}],"wp:attachment":[{"href":"https:\/\/www.f5nhj.fr\/index.php?rest_route=%2Fwp%2Fv2%2Fmedia&parent=2713"}],"curies":[{"name":"wp","href":"https:\/\/api.w.org\/{rel}","templated":true}]}}