{"id":3257,"date":"2021-01-08T14:53:18","date_gmt":"2021-01-08T13:53:18","guid":{"rendered":"https:\/\/www.f5nhj.fr\/?page_id=3257"},"modified":"2024-08-19T19:53:35","modified_gmt":"2024-08-19T17:53:35","slug":"dipole-portable","status":"publish","type":"page","link":"https:\/\/www.f5nhj.fr\/?page_id=3257","title":{"rendered":"Dipole portable"},"content":{"rendered":"<p style=\"text-align: center;\"><strong>Centre de balai de piscine retaill\u00e9.\u00a0<\/strong><\/p>\n<p><img loading=\"lazy\" decoding=\"async\" class=\"aligncenter wp-image-4382\" title=\"Support central\" src=\"https:\/\/www.f5nhj.fr\/wp-content\/uploads\/2024\/08\/456235772_1568538487393230_7382742740275723251_n-768x1024.jpg\" alt=\"\" width=\"581\" height=\"771\" \/> <img loading=\"lazy\" decoding=\"async\" class=\"aligncenter size-large wp-image-4381\" src=\"https:\/\/www.f5nhj.fr\/wp-content\/uploads\/2024\/08\/455290164_1021246146045329_5804977153360073049_n-1024x768.jpg\" alt=\"\" width=\"584\" height=\"438\" srcset=\"https:\/\/www.f5nhj.fr\/wp-content\/uploads\/2024\/08\/455290164_1021246146045329_5804977153360073049_n-1024x768.jpg 1024w, https:\/\/www.f5nhj.fr\/wp-content\/uploads\/2024\/08\/455290164_1021246146045329_5804977153360073049_n-300x225.jpg 300w, https:\/\/www.f5nhj.fr\/wp-content\/uploads\/2024\/08\/455290164_1021246146045329_5804977153360073049_n-768x576.jpg 768w, https:\/\/www.f5nhj.fr\/wp-content\/uploads\/2024\/08\/455290164_1021246146045329_5804977153360073049_n-1536x1152.jpg 1536w, https:\/\/www.f5nhj.fr\/wp-content\/uploads\/2024\/08\/455290164_1021246146045329_5804977153360073049_n-400x300.jpg 400w, https:\/\/www.f5nhj.fr\/wp-content\/uploads\/2024\/08\/455290164_1021246146045329_5804977153360073049_n.jpg 2000w\" sizes=\"auto, (max-width: 584px) 100vw, 584px\" \/> <img loading=\"lazy\" decoding=\"async\" class=\"wp-image-4380 size-medium alignleft\" src=\"https:\/\/www.f5nhj.fr\/wp-content\/uploads\/2024\/08\/454392639_474539598723785_5369140549323593283_n-1-225x300.jpg\" alt=\"\" width=\"225\" height=\"300\" srcset=\"https:\/\/www.f5nhj.fr\/wp-content\/uploads\/2024\/08\/454392639_474539598723785_5369140549323593283_n-1-225x300.jpg 225w, https:\/\/www.f5nhj.fr\/wp-content\/uploads\/2024\/08\/454392639_474539598723785_5369140549323593283_n-1-768x1024.jpg 768w, https:\/\/www.f5nhj.fr\/wp-content\/uploads\/2024\/08\/454392639_474539598723785_5369140549323593283_n-1-1152x1536.jpg 1152w, https:\/\/www.f5nhj.fr\/wp-content\/uploads\/2024\/08\/454392639_474539598723785_5369140549323593283_n-1.jpg 1530w\" sizes=\"auto, (max-width: 225px) 100vw, 225px\" \/> <img loading=\"lazy\" decoding=\"async\" class=\"size-medium wp-image-4379 alignnone\" src=\"https:\/\/www.f5nhj.fr\/wp-content\/uploads\/2024\/08\/455369261_1283470409290328_6597940286401268259_n-225x300.jpg\" alt=\"\" width=\"225\" height=\"300\" srcset=\"https:\/\/www.f5nhj.fr\/wp-content\/uploads\/2024\/08\/455369261_1283470409290328_6597940286401268259_n-225x300.jpg 225w, https:\/\/www.f5nhj.fr\/wp-content\/uploads\/2024\/08\/455369261_1283470409290328_6597940286401268259_n-768x1024.jpg 768w, https:\/\/www.f5nhj.fr\/wp-content\/uploads\/2024\/08\/455369261_1283470409290328_6597940286401268259_n-1152x1536.jpg 1152w, https:\/\/www.f5nhj.fr\/wp-content\/uploads\/2024\/08\/455369261_1283470409290328_6597940286401268259_n.jpg 1530w\" sizes=\"auto, (max-width: 225px) 100vw, 225px\" \/><\/p>\n<p style=\"text-align: center;\">Update pour un qsy <strong>Canada. QC<\/strong><\/p>\n<hr \/>\n<p>&nbsp;<\/p>\n<p><img loading=\"lazy\" decoding=\"async\" class=\"wp-image-3258 aligncenter\" src=\"https:\/\/f5nhj.fr\/wp-content\/uploads\/2021\/01\/DIP-A.jpg\" alt=\"\" width=\"637\" height=\"478\" srcset=\"https:\/\/www.f5nhj.fr\/wp-content\/uploads\/2021\/01\/DIP-A.jpg 800w, https:\/\/www.f5nhj.fr\/wp-content\/uploads\/2021\/01\/DIP-A-300x225.jpg 300w, https:\/\/www.f5nhj.fr\/wp-content\/uploads\/2021\/01\/DIP-A-768x576.jpg 768w\" sizes=\"auto, (max-width: 637px) 100vw, 637px\" \/><\/p>\n<p style=\"text-align: center;\"><strong>Dipole<\/strong> portable premiers essais..<br \/>\nLooking for a light multibande dipole for next portable QSYs<\/p>\n<p><img loading=\"lazy\" decoding=\"async\" class=\"wp-image-3260 aligncenter\" style=\"font-size: 12px;\" src=\"https:\/\/f5nhj.fr\/wp-content\/uploads\/2021\/01\/DIP-C.jpg\" alt=\"\" width=\"656\" height=\"291\" \/><\/p>\n<p style=\"text-align: center;\">Installation sur un manche de balais de piscine..<\/p>\n<p style=\"text-align: center;\"><img loading=\"lazy\" decoding=\"async\" class=\"alignnone wp-image-3261\" src=\"https:\/\/f5nhj.fr\/wp-content\/uploads\/2021\/01\/DIP-D.jpg\" alt=\"\" width=\"274\" height=\"208\" \/>\u00a0 \u00a0 \u00a0<img loading=\"lazy\" decoding=\"async\" class=\"wp-image-3262 alignnone\" style=\"font-size: 12px;\" src=\"https:\/\/f5nhj.fr\/wp-content\/uploads\/2021\/01\/DIP-E.jpg\" alt=\"\" width=\"260\" height=\"198\" \/><\/p>\n<p style=\"text-align: center;\">R\u00e9cup\u00e9ration d&rsquo;une carcasse d&rsquo;\u00e9puisette de piscine ..<br \/>\nFixation de deux tubes pour y glisser les cannes de 4m.<\/p>\n<p style=\"text-align: center;\">Using a broken junk swimming pool net.<br \/>\nFixing and gluing of two tubes to slide the 4m rods into them.<\/p>\n<hr \/>\n<p><img loading=\"lazy\" decoding=\"async\" class=\"alignnone wp-image-3263\" src=\"https:\/\/f5nhj.fr\/wp-content\/uploads\/2021\/01\/DIP-F.jpg\" alt=\"\" width=\"266\" height=\"202\" \/>\u00a0 \u00a0 \u00a0<img loading=\"lazy\" decoding=\"async\" class=\"alignnone wp-image-3264\" src=\"https:\/\/f5nhj.fr\/wp-content\/uploads\/2021\/01\/DIP-G.jpg\" alt=\"\" width=\"264\" height=\"201\" \/><\/p>\n<p style=\"text-align: center;\"><strong>Boucles<\/strong> pour chaque bande. ( 14\/ 18\/ 21\/ 24\/ 28\/..)<\/p>\n<p><img loading=\"lazy\" decoding=\"async\" class=\"wp-image-3265 alignnone\" src=\"https:\/\/f5nhj.fr\/wp-content\/uploads\/2021\/01\/DIP-H.jpg\" alt=\"\" width=\"257\" height=\"195\" \/>\u00a0 \u00a0 <img loading=\"lazy\" decoding=\"async\" class=\"alignnone\" style=\"font-size: 12px;\" src=\"https:\/\/f5nhj.fr\/wp-content\/uploads\/2021\/01\/DIP-K.jpg\" width=\"218\" height=\"286\" \/><\/p>\n<p style=\"text-align: center;\">Installation du dipole sur chaque canne..<br \/>\nFits in a suitcase with 4 mts shorter roads<\/p>\n<p><img loading=\"lazy\" decoding=\"async\" class=\"wp-image-3266 aligncenter\" src=\"https:\/\/f5nhj.fr\/wp-content\/uploads\/2021\/01\/DIP-J.jpg\" alt=\"\" width=\"506\" height=\"675\" srcset=\"https:\/\/www.f5nhj.fr\/wp-content\/uploads\/2021\/01\/DIP-J.jpg 600w, https:\/\/www.f5nhj.fr\/wp-content\/uploads\/2021\/01\/DIP-J-225x300.jpg 225w\" sizes=\"auto, (max-width: 506px) 100vw, 506px\" \/><\/p>\n<h1 style=\"text-align: center;\"><strong>Yep we go.. !<br \/>\n<\/strong><\/h1>\n<hr \/>\n<p style=\"text-align: center;\">2021 0108 &#8211; <strong>F5NHJ<\/strong><\/p>\n<p>.<\/p>\n","protected":false},"excerpt":{"rendered":"<p>Centre de balai de piscine retaill\u00e9.\u00a0 Update pour un qsy Canada. QC &nbsp; Dipole portable premiers essais.. Looking for a light multibande dipole for next portable QSYs Installation sur un manche de balais de piscine.. \u00a0 \u00a0 \u00a0 R\u00e9cup\u00e9ration d&rsquo;une &hellip; <a href=\"https:\/\/www.f5nhj.fr\/?page_id=3257\">Continuer la lecture <span class=\"meta-nav\">&rarr;<\/span><\/a><\/p>\n","protected":false},"author":1,"featured_media":0,"parent":3305,"menu_order":0,"comment_status":"closed","ping_status":"closed","template":"","meta":{"footnotes":""},"class_list":["post-3257","page","type-page","status-publish","hentry"],"_links":{"self":[{"href":"https:\/\/www.f5nhj.fr\/index.php?rest_route=\/wp\/v2\/pages\/3257","targetHints":{"allow":["GET"]}}],"collection":[{"href":"https:\/\/www.f5nhj.fr\/index.php?rest_route=\/wp\/v2\/pages"}],"about":[{"href":"https:\/\/www.f5nhj.fr\/index.php?rest_route=\/wp\/v2\/types\/page"}],"author":[{"embeddable":true,"href":"https:\/\/www.f5nhj.fr\/index.php?rest_route=\/wp\/v2\/users\/1"}],"replies":[{"embeddable":true,"href":"https:\/\/www.f5nhj.fr\/index.php?rest_route=%2Fwp%2Fv2%2Fcomments&post=3257"}],"version-history":[{"count":14,"href":"https:\/\/www.f5nhj.fr\/index.php?rest_route=\/wp\/v2\/pages\/3257\/revisions"}],"predecessor-version":[{"id":4386,"href":"https:\/\/www.f5nhj.fr\/index.php?rest_route=\/wp\/v2\/pages\/3257\/revisions\/4386"}],"up":[{"embeddable":true,"href":"https:\/\/www.f5nhj.fr\/index.php?rest_route=\/wp\/v2\/pages\/3305"}],"wp:attachment":[{"href":"https:\/\/www.f5nhj.fr\/index.php?rest_route=%2Fwp%2Fv2%2Fmedia&parent=3257"}],"curies":[{"name":"wp","href":"https:\/\/api.w.org\/{rel}","templated":true}]}}