{"id":3371,"date":"2021-10-05T20:36:55","date_gmt":"2021-10-05T18:36:55","guid":{"rendered":"https:\/\/www.f5nhj.fr\/?page_id=3371"},"modified":"2022-02-10T20:00:36","modified_gmt":"2022-02-10T19:00:36","slug":"qo-100","status":"publish","type":"page","link":"https:\/\/www.f5nhj.fr\/?page_id=3371","title":{"rendered":"QO-100"},"content":{"rendered":"<p>Lors du passage \u00e0 Yenne pour le rassemblement <strong>CDXC<\/strong>, j&rsquo;ai eu l&rsquo;occasion de faire quelques contacts avec le mat\u00e9riel d&rsquo;<strong>Olivier<\/strong> HB9GWJ, Virus en place\u00a0<strong> \ud83d\ude09<\/strong><\/p>\n<p><a href=\"https:\/\/f5nhj.fr\/wp-content\/uploads\/2021\/10\/244018255_543090933430206_4272584755592482973_n.jpg\">\u00a0 <\/a><a href=\"https:\/\/f5nhj.fr\/wp-content\/uploads\/2021\/10\/244018255_543090933430206_4272584755592482973_n.jpg\"><img loading=\"lazy\" decoding=\"async\" class=\"alignnone wp-image-3385\" src=\"https:\/\/f5nhj.fr\/wp-content\/uploads\/2021\/10\/244018255_543090933430206_4272584755592482973_n-224x300.jpg\" alt=\"\" width=\"224\" height=\"300\" srcset=\"https:\/\/www.f5nhj.fr\/wp-content\/uploads\/2021\/10\/244018255_543090933430206_4272584755592482973_n-224x300.jpg 224w, https:\/\/www.f5nhj.fr\/wp-content\/uploads\/2021\/10\/244018255_543090933430206_4272584755592482973_n.jpg 560w\" sizes=\"auto, (max-width: 224px) 100vw, 224px\" \/><\/a><a href=\"https:\/\/f5nhj.fr\/wp-content\/uploads\/2021\/10\/parabolea.jpg\"><img loading=\"lazy\" decoding=\"async\" class=\"alignnone wp-image-3345 size-medium\" src=\"https:\/\/f5nhj.fr\/wp-content\/uploads\/2021\/10\/parabolea-224x300.jpg\" alt=\"\" width=\"224\" height=\"300\" srcset=\"https:\/\/www.f5nhj.fr\/wp-content\/uploads\/2021\/10\/parabolea-224x300.jpg 224w, https:\/\/www.f5nhj.fr\/wp-content\/uploads\/2021\/10\/parabolea.jpg 560w\" sizes=\"auto, (max-width: 224px) 100vw, 224px\" \/><\/a><\/p>\n<p>Commande de mat\u00e9riel effectu\u00e9 j&rsquo;attends les livraisons.<\/p>\n<p><a href=\"https:\/\/f5nhj.fr\/wp-content\/uploads\/2021\/10\/BOXBIAS-2.jpg\"><img loading=\"lazy\" decoding=\"async\" class=\"alignnone wp-image-3393\" src=\"https:\/\/f5nhj.fr\/wp-content\/uploads\/2021\/10\/BOXBIAS-2-300x266.jpg\" alt=\"\" width=\"231\" height=\"206\" srcset=\"https:\/\/www.f5nhj.fr\/wp-content\/uploads\/2021\/10\/BOXBIAS-2-300x266.jpg 300w, https:\/\/www.f5nhj.fr\/wp-content\/uploads\/2021\/10\/BOXBIAS-2.jpg 500w\" sizes=\"auto, (max-width: 231px) 100vw, 231px\" \/><\/a><a href=\"https:\/\/f5nhj.fr\/wp-content\/uploads\/2021\/10\/BOXBIAS-1.jpg\"><img loading=\"lazy\" decoding=\"async\" class=\"alignnone wp-image-3395\" src=\"https:\/\/f5nhj.fr\/wp-content\/uploads\/2021\/10\/BOXBIAS-1-300x218.jpg\" alt=\"\" width=\"273\" height=\"201\" \/><\/a><\/p>\n<p><strong>3D<\/strong> Print&#8230; Bias boxed..<\/p>\n<p><a href=\"https:\/\/f5nhj.fr\/wp-content\/uploads\/2021\/10\/paraboleb.jpg\"><img loading=\"lazy\" decoding=\"async\" class=\"alignnone size-medium wp-image-3346\" src=\"https:\/\/f5nhj.fr\/wp-content\/uploads\/2021\/10\/paraboleb-243x300.jpg\" alt=\"\" width=\"243\" height=\"300\" srcset=\"https:\/\/www.f5nhj.fr\/wp-content\/uploads\/2021\/10\/paraboleb-243x300.jpg 243w, https:\/\/www.f5nhj.fr\/wp-content\/uploads\/2021\/10\/paraboleb.jpg 399w\" sizes=\"auto, (max-width: 243px) 100vw, 243px\" \/><\/a><a href=\"https:\/\/f5nhj.fr\/wp-content\/uploads\/2021\/10\/parabolec.jpg\"><img loading=\"lazy\" decoding=\"async\" class=\"alignnone size-medium wp-image-3347\" src=\"https:\/\/f5nhj.fr\/wp-content\/uploads\/2021\/10\/parabolec-224x300.jpg\" alt=\"\" width=\"224\" height=\"300\" srcset=\"https:\/\/www.f5nhj.fr\/wp-content\/uploads\/2021\/10\/parabolec-224x300.jpg 224w, https:\/\/www.f5nhj.fr\/wp-content\/uploads\/2021\/10\/parabolec.jpg 560w\" sizes=\"auto, (max-width: 224px) 100vw, 224px\" \/><\/a><\/p>\n<p>Double t\u00eate <strong>2.4 &#8211; 10 GHZ<\/strong>\u00a0 &#8211; une antenne de <strong>60 cm<\/strong> sur tr\u00e9pied.<\/p>\n<p>A suivre..<\/p>\n","protected":false},"excerpt":{"rendered":"<p>Lors du passage \u00e0 Yenne pour le rassemblement CDXC, j&rsquo;ai eu l&rsquo;occasion de faire quelques contacts avec le mat\u00e9riel d&rsquo;Olivier HB9GWJ, Virus en place\u00a0 \ud83d\ude09 \u00a0 Commande de mat\u00e9riel effectu\u00e9 j&rsquo;attends les livraisons. 3D Print&#8230; Bias boxed.. Double t\u00eate 2.4 &hellip; <a href=\"https:\/\/www.f5nhj.fr\/?page_id=3371\">Continuer la lecture <span class=\"meta-nav\">&rarr;<\/span><\/a><\/p>\n","protected":false},"author":1,"featured_media":0,"parent":14,"menu_order":0,"comment_status":"closed","ping_status":"closed","template":"","meta":{"footnotes":""},"class_list":["post-3371","page","type-page","status-publish","hentry"],"_links":{"self":[{"href":"https:\/\/www.f5nhj.fr\/index.php?rest_route=\/wp\/v2\/pages\/3371","targetHints":{"allow":["GET"]}}],"collection":[{"href":"https:\/\/www.f5nhj.fr\/index.php?rest_route=\/wp\/v2\/pages"}],"about":[{"href":"https:\/\/www.f5nhj.fr\/index.php?rest_route=\/wp\/v2\/types\/page"}],"author":[{"embeddable":true,"href":"https:\/\/www.f5nhj.fr\/index.php?rest_route=\/wp\/v2\/users\/1"}],"replies":[{"embeddable":true,"href":"https:\/\/www.f5nhj.fr\/index.php?rest_route=%2Fwp%2Fv2%2Fcomments&post=3371"}],"version-history":[{"count":12,"href":"https:\/\/www.f5nhj.fr\/index.php?rest_route=\/wp\/v2\/pages\/3371\/revisions"}],"predecessor-version":[{"id":3398,"href":"https:\/\/www.f5nhj.fr\/index.php?rest_route=\/wp\/v2\/pages\/3371\/revisions\/3398"}],"up":[{"embeddable":true,"href":"https:\/\/www.f5nhj.fr\/index.php?rest_route=\/wp\/v2\/pages\/14"}],"wp:attachment":[{"href":"https:\/\/www.f5nhj.fr\/index.php?rest_route=%2Fwp%2Fv2%2Fmedia&parent=3371"}],"curies":[{"name":"wp","href":"https:\/\/api.w.org\/{rel}","templated":true}]}}