{"id":341,"date":"2012-02-20T18:14:05","date_gmt":"2012-02-20T17:14:05","guid":{"rendered":"http:\/\/f5nhj.fr\/?page_id=341"},"modified":"2012-08-06T23:00:44","modified_gmt":"2012-08-06T21:00:44","slug":"maskali-iota-af-059","status":"publish","type":"page","link":"https:\/\/www.f5nhj.fr\/?page_id=341","title":{"rendered":"MASKALI IOTA AF-053"},"content":{"rendered":"<p><img loading=\"lazy\" decoding=\"async\" class=\"wp-image-519 alignleft\" src=\"http:\/\/f5nhj.fr\/wp-content\/uploads\/2012\/02\/QSL.jpg\" alt=\"\" width=\"248\" height=\"172\" \/><\/p>\n<p style=\"text-align: right;\"><span style=\"color: #ff0000;\"><strong>J28NH\/P<\/strong><\/span><\/p>\n<p style=\"text-align: right;\"><strong><\/strong><strong><\/strong><strong><\/strong><strong>MASKALI Is.\u00a0 AF-053<br \/>\npar J28NH Jean-Louis<br \/>\n14, 15 et 16 avril 2000.<\/strong><br \/>\n<em><strong><\/strong><\/em><\/p>\n<p>&nbsp;<\/p>\n<p>&nbsp;<\/p>\n<p><em><strong>Maskali, du 14 au 16 avril 2000.<\/strong>&#8230;D\u00e9part du port de\u00a0<strong>Djibouti<\/strong>\u00a0apr\u00e8s avoir charg\u00e9 les sacs, le mat\u00e9riel radio, les jerrycans d&rsquo;eau et de gasoil , les antennes dans une barque lou\u00e9e pour l&rsquo;occasion \u00e0 un p\u00eacheur local.<strong>\u00ab\u00a0<\/strong><\/em><\/p>\n<p><em><strong> Jamais deux sans trois \u2026 \u00ab\u00a0<\/strong>Apr\u00e8s un\u00a0<strong>IC706mkIIG<\/strong>, qui refusant de fonctionner sur les bandes hautes vient de partir en r\u00e9paration sur la France, le PC portable qui n&rsquo;a pas appr\u00e9ci\u00e9 de voir mon fils Fran\u00e7ois s&#8217;emp\u00eatrer dans les fils de l&rsquo;alimentation, c&rsquo;est le moteur hors-bord qui refuse de fonctionner nous gratifiant de deux appareillages \u2026<br \/>\nLe patron appel\u00e9 sur-le-champ avec force cris et grands gestes de m\u00e9contentement de notre part s&rsquo;aper\u00e7ut que le probl\u00e8me venait tout simplement de l&rsquo;antivol qui \u00e9tait en fonctionnement \u2026 Un simple n\u0153ud sur le tuyau \u00e0 l&rsquo;int\u00e9rieur de la bourriche d&rsquo;essence.. Facile non ! ? de col\u00e8re il prend lui m\u00eame la barre.<\/em><\/p>\n<p><img loading=\"lazy\" decoding=\"async\" class=\"aligncenter size-full wp-image-520\" style=\"line-height: 24px; font-size: 16px; text-align: justify;\" src=\"http:\/\/f5nhj.fr\/wp-content\/uploads\/2012\/02\/AF053-ARRIVEE2A1.jpg\" alt=\"\" width=\"190\" height=\"124\" \/><\/p>\n<p style=\"text-align: left;\"><em>\u00a0<strong>40<\/strong>\u00a0minutes de mer et \u00e0 17h30 nous arrivons sur la plage Nord de\u00a0<strong>Maskal<\/strong>i, la mar\u00e9e haute nous permet de d\u00e9poser le mat\u00e9riel au pied du Far\u00e9, petit b\u00e2timent au sol en dur pourvu du bien le plus pr\u00e9cieux : un groupe \u00e9lectrog\u00e8ne diesel en \u00e9tat de fonctionnement.. V\u00e9rification du mat\u00e9riel et test de l&rsquo;installation \u00e9lectrique avant de laisser repartir notre transporteur.Tout est ok, le rendez-vous retour est pris pour dimanche en fin d&rsquo;apr\u00e8s midi. Nous installons l&rsquo;antenne\u00a0<strong>R7<\/strong>, la station ainsi que lits,<br \/>\n<\/em><br \/>\n<em><img loading=\"lazy\" decoding=\"async\" class=\"size-full wp-image-522 aligncenter\" src=\"http:\/\/f5nhj.fr\/wp-content\/uploads\/2012\/02\/AF053-LITA.jpg\" alt=\"\" width=\"160\" height=\"120\" \/><\/em><\/p>\n<p style=\"text-align: center;\">Moustiquaires et coin repas avant la nuit.\u00a0 &#8230;<\/p>\n<p style=\"text-align: center;\"><img loading=\"lazy\" decoding=\"async\" class=\"size-full wp-image-523 aligncenter\" style=\"line-height: 24px;\" src=\"http:\/\/f5nhj.fr\/wp-content\/uploads\/2012\/02\/AF053-ANTA1.jpg\" alt=\"\" width=\"160\" height=\"120\" \/><\/p>\n<p><em>\u00a0<strong>Vendredi Tra<\/strong><strong>fic 1er\u00a0<\/strong><strong>jour\/nuit \/\/\/\/<\/strong><strong><\/strong>Mise en route et test avec appr\u00e9hension, (le transbordement du mat\u00e9riel par les oms locaux avait \u00e9t\u00e9 plus que viril), v\u00e9rification du Ros: 1.2 sur 28520, 14260, 7045 et 1.5 sur 21240 et 24960 \u00e7a ira..D\u00e9but de trafic sur 14 mhz l&rsquo;<strong>Europe<\/strong>\u00a0et le\u00a0<strong>Japon<\/strong>\u00a0sont au rendez-vous, je reconnais des voix fran\u00e7aises et \u00e9trang\u00e8res entendues lors du dernier concours\u00a0<strong>REF<\/strong>, puis une propagation tournant en direction des Am\u00e9riques.Apr\u00e8s un bref passage sur 21mhz pour donner le bonjour, comme promis, \u00e0\u00a0<strong>Ron<\/strong>\u00a0et lui mettre sans dessus dessous son Net je retourne sur 14 mhz le pile up \u00e9tant trop anarchique et les \u00e9missions professionnelles brouillant la bande des 15 m\u00e8tres sur la portion basse ne me permettant pas de trouver une fr\u00e9quence utilisable..Fin du trafic vers 2300 GMT ( 0200 locales).. Apr\u00e8s un dernier contact avec\u00a0<strong>F2YT<\/strong>\u00a0Paul, retrouv\u00e9 sur les ondes d\u00e8s le lendemain, qui arrive tr\u00e8s fort sur Maskali.V\u00e9rification log, station, le plein du groupe et extinction des feux pour une toute petite nuit.<br \/>\n<strong><\/strong><\/em><\/p>\n<p><em><strong>Samedi 15 au matin. \/\/\/\/ 0215 GMT (0515 locales)<\/strong><\/em><\/p>\n<div><img loading=\"lazy\" decoding=\"async\" class=\"size-full wp-image-526 alignnone aligncenter\" src=\"http:\/\/f5nhj.fr\/wp-content\/uploads\/2012\/02\/AF053-JLRDO.jpg\" alt=\"\" width=\"233\" height=\"164\" \/><\/div>\n<div><\/div>\n<p><em>..R\u00e9veil en fanfare, les mouettes qui ont trouv\u00e9 refuge sur le toit de t\u00f4les et autour du Far\u00e9 se bagarrent pour les quelques morceaux de pain que R\u00e9gis leur envoie.Petit d\u00e9jeuner consistant et plongeon dans le lagon. Je m&rsquo;aper\u00e7ois rapidement non sans \u00e9tonnement que je tiens compagnie \u00e0 des tortues, raies pastenagues et barracudas qui heureusement chassent au loin.<\/em><\/p>\n<p><img loading=\"lazy\" decoding=\"async\" class=\"aligncenter\" src=\"http:\/\/f5nhj.fr\/wp-content\/uploads\/2012\/02\/AF053-JL03A.jpg\" alt=\"\" width=\"311\" height=\"81\" \/><\/p>\n<p><em>J&rsquo;ai une vue superbe du campement avec l&rsquo;antenne\u00a0<strong>R7<\/strong>\u00a0se d\u00e9coupant sur le ciel, le soleil est d\u00e9j\u00e0 haut sur l&rsquo;horizon. C&rsquo;est le moment \u00e9motion, \u00a0\u00bb Non Nicolas ! \u00a0\u00bb c&rsquo;est simplement du aux trois petites heures de sommeil, je me surprends \u00e0 me demander comment une simple antenne verticale plant\u00e9e sur une plage et une soixantaine de watts d&rsquo;un bon vieux FT900 suffisent amplement \u00e0 faire le tour du monde et \u00e0 offrir la r\u00e9f\u00e9rence\u00a0<strong>IOTA AF053<\/strong>\u00a0\u00e0 des centaines d&rsquo;om. Je peux confirmer \u00e0\u00a0<strong>F5AD<\/strong>\u00a0que la meilleure terre du monde c&rsquo;est \u2026 la mer. (cf. page 90)<\/em><\/p>\n<p><em><strong>0342 GMT (0642 locales) \/\/\/\/<\/strong>Retour sur terre et d\u00e9but des \u00e9missions sur 14 mhz. Quelques appels en direction de la c\u00f4te Ouest et du Pacifique restent sans r\u00e9ponse.\u00a0<strong>IV3UHL\/P<\/strong>\u00a0en iota et\u00a0<strong>5R8GB<\/strong>\u00a0de\u00a0<strong>Madagascar<\/strong>\u00a0me donnent le bonjour, des tunes intempestifs pendant les \u00e9changes annoncent le pile up, le week-end ayant d\u00e9but\u00e9 et les Om, cluster et Internet aidant, (en rentrant j&rsquo;ai pu lire que le CDXC avait sonn\u00e9 le rappel via la liste InfoDX sur le net ), se sont pass\u00e9 l&rsquo;information je me retrouve coinc\u00e9 durant deux heures par une horde d&rsquo;europ\u00e9ens et de stations russes ua0..9, passage en split puis qsy rapide sur 28 mhz quelques F, JA et\u00a0<strong>VK5MS<\/strong>\u00a0arrivent \u00e0 percer le bruit non sans mal malgr\u00e9 des appels r\u00e9serv\u00e9s,\u00a0<strong>F5IPW Jo\u00ebl<\/strong>\u00a0mon qsl manager, fait un petit passage alert\u00e9 par un coup de t\u00e9l\u00e9phone lui annon\u00e7ant mon arriv\u00e9e sur l&rsquo;air. Le pile up se termine par une station br\u00e9silienne vers 0930 GMT (1230 locales.)<\/em><br \/>\n<em>Apr\u00e8s un repas et un somme r\u00e9parateur, reprise \u00e0 1224 GMT. Quelques contacts et je choisis d&rsquo;essayer les 12 m\u00e8tres contactant\u00a0<strong>5R8FU<\/strong>. D\u00e9part des tunes, split rapide et retour sur l&rsquo;Europe et les JA pendant deux heures.<\/em><br \/>\n<em>Arr\u00eat technique de 30 minutes : plein du groupe et v\u00e9rification log, station. Arriv\u00e9e sur 14 mhz avec un qrm de 54 \u00e0 57 par instant apr\u00e8s v\u00e9rification je me retrouve en plein \u00a0\u00bb Contest Holly land \u00a0\u00bb avec des stations 4X sur et tout autour de la fr\u00e9quence Iota, j&rsquo;ai vraiment choisi le bon jour.. ! Bref le trafic se fera en Split jusqu&rsquo;en d\u00e9but de soir\u00e9e uniquement avec des \u00a0\u00bb big guns \u00a0\u00bb usa, japonais et europ\u00e9ens. De l&rsquo;\u00e9coute sur les bandes et quelques contacts sur 40 m\u00e8tres tout aussi perturb\u00e9 par nos amis 4X.<\/em><br \/>\n<em>Un contact avec AP2JZB depuis Karachi sur 18 mhz nous permet de passer un bon moment il faut l&rsquo;avoir contact\u00e9 pour comprendre.<br \/>\n<strong><\/strong><\/em><\/p>\n<p><em><strong>1830 GMT\u00a0<\/strong>je r\u00e9ussis \u00e0 trouver une fr\u00e9quence libre et me cale sur 14327 mhz je lance quelques appels, des stations m&rsquo;ont suivi et je profite d&rsquo;un moment de calme pour contacter quelques stations canadiennes et am\u00e9ricaines de la c\u00f4te Ouest. Je fais un break et pr\u00e9pare mes feuilles de log.<\/em><br \/>\n<em>J&rsquo;entends les \u00a0\u00bb Net control \u00a0\u00bb qui commencent \u00e0 pr\u00e9parer des listes dans le lointain, j&rsquo;ai le c\u0153ur qui tape et je me demande surtout ce que je fais ici\u2026 j&rsquo;imagine l&rsquo;\u00e9tat de stress des oms lors d&rsquo;une grosse exp\u00e9dition comme celle qui vient de s&rsquo;effectuer sur Clipperton\u2026 quelques<\/em> centaines de stations attendant le top pour appeler ce doit \u00eatre fou. !<\/p>\n<p><img loading=\"lazy\" decoding=\"async\" class=\"aligncenter\" src=\"http:\/\/f5nhj.fr\/wp-content\/uploads\/2012\/02\/AF053-STNFT900A1.jpg\" alt=\"\" width=\"160\" height=\"120\" \/><img decoding=\"async\" src=\"file:\/\/\/D:\/WEB%20ANCIEN\/JLRDO.JPG\" alt=\"\" border=\"0\" hspace=\"0\" vspace=\"0\" \/><\/p>\n<p><em>Je m&rsquo;installe confortablement, la bouteille d&rsquo;eau, les stylos sans oublier la pince pour ces satan\u00e9es feuilles de log qui n&rsquo;attendent qu&rsquo;un moment d&rsquo;inattention pour s&rsquo;envoler, je pense au portable et au logiciel de contest qui sont rest\u00e9s \u00e0 la maison. Je remets le casque audio et une mauvaise surprise m&rsquo;attendait : en quelques minutes un bruit blanc \u00e0 s.8 s.9 sur la bande, des statiques venant se greffer sur la station. Je fais quelques annonces \u00a0\u00bb en l&rsquo;air \u00a0\u00bb donnant un qrx de 30 minutes.<\/em><br \/>\n<em>Je passe sur 21355 mhz.\u00a0<strong>Ron KZ5RO<\/strong>\u00a0sur le Net Afrique, qui arrive normalement 57 \u00e0 58 de Virginie, fait \u00e0 peine bouger le Sm\u00e8tre. Il est en qso avec une station d&rsquo;Am\u00e9rique du sud qui se plaint de ne plus avoir de r\u00e9ception suite \u00e0 un qrn \u00e9norme, je le contacte \u00e0 mon tour et lui confirme la chose.<\/em><br \/>\n<em>Le reste de la nuit un trafic \u00e9prouvant et de grosses col\u00e8res. Des stations japonaises se bornant \u00e0 breaker malgr\u00e9 un trafic sur liste, par pays et par num\u00e9ro de call. Fin des \u00e9missions le 16 \u00e0 0040 GMT (03h40 locales) je n&rsquo;ai plus de voix apr\u00e8s 11h30 de qrn et de pile up. Je fais le point du log un peu d\u00e9\u00e7u car seulement\u00a0<strong>900<\/strong>\u00a0qso ont \u00e9t\u00e9 effectu\u00e9s suite aux mauvaises mani\u00e8res de certains et aux probl\u00e8mes de propagation.<\/em><br \/>\n<em>Je me sens un peu coupable il est vrai, d&rsquo;autant plus pour un d\u00e9butant qu&rsquo;il est difficile de diriger des stations qui annoncent 1 kW dans 7 \u00e9l\u00e9ments mono bande sur 14 mhz. !<\/em><br \/>\n<em>H\u00e9.. ! Ho.. ! On se d\u00e9p\u00eache. Plein du groupe et arrosage en r\u00e8gle au gasoil de l&rsquo;om, c&rsquo;est super avant d&rsquo;aller dormir\u2026 Une petite pri\u00e8re aux dieux de la Radio pour la prochaine vacation et je ferme les yeux.<br \/>\n<strong><\/strong><\/em><\/p>\n<p><em><strong>0314 GMT le dimanche\/\/\/\/<\/strong>Deux petites heures de sommeil, dur dur pour boire le micro, parler dans la tasse de caf\u00e9, trouver le stylo et la bonne feuille de log. Mais il faut que je rattrape le temps perdu\u2026<\/em><br \/>\n<em>D\u00e9marrage du groupe \u00e9lectrog\u00e8ne et je me pr\u00e9cipite sur le FT900 \u2026 Sourire b\u00e9at, la fr\u00e9quence est claire. Je lance appel en direction des VK ZL et c\u00f4te Ouest, quelques stations UA0\u20269 puis des japonais, tient \u00e7a me rappelle quelque chose. ! ? Je d\u00e9cide de rester ferme, je glane quelques am\u00e9ricains couche tard et enfin\u00a0<strong>ZL3JT<\/strong>\u00a0suivi quelques instants plus tard par\u00a0<strong>VK9NS<\/strong>\u00a0puis\u00a0<strong>ZL3RK<\/strong>\u00a0je leur fais part de toutes les difficult\u00e9s pour les contacter.<\/em><\/p>\n<p><img loading=\"lazy\" decoding=\"async\" class=\"aligncenter\" src=\"http:\/\/f5nhj.fr\/wp-content\/uploads\/2012\/02\/AF0531.jpg\" alt=\"\" width=\"180\" height=\"117\" \/><img decoding=\"async\" src=\"file:\/\/\/D:\/WEB%20ANCIEN\/STNFT900A.JPG\" alt=\"\" border=\"0\" hspace=\"0\" vspace=\"0\" \/><\/p>\n<p><em>Je passe sur 28 mhz et les Fran\u00e7ais arrivent fort \u00e9galement<strong>\u00a0F2GL<\/strong>,\u00a0<strong>F5KBA<\/strong>,\u00a0<strong>F5BOY<\/strong>\u00a0qui comme son call ne l&rsquo;indique pas est une YL ( je vous vois venir avec\u00a0<strong>F6COW<\/strong>\u2026) et bien d&rsquo;autres seront dans le log pendant deux heures encore.Retour pour d&rsquo;autres contacts sur 10 m\u00e8tres, profitant de la propagation et surtout le seul moyen d&rsquo;\u00e9viter le contest Isra\u00e9lien qui battait son plein.<br \/>\n<\/em><em><strong><\/strong><\/em><\/p>\n<p><em><strong>1030 GMT<\/strong>\u00a0arr\u00eat des \u00e9missions pour le repas, je n&rsquo;ai plus de voix et la gorge en feu, je m&rsquo;\u00e9croule sur le lit pliant apr\u00e8s une petite collation pour une petite heure et demi de sommeil.<br \/>\n<\/em><em>Le vent s&rsquo;est lev\u00e9 et vient rafra\u00eechir les 32\u00b0c \u00e0 41\u00b0c sous le toit de t\u00f4les. Aucun risque de me voir venir cet \u00e9t\u00e9 ce doit \u00eatre une vraie fournaise pour les oms et surtout pour le mat\u00e9riel.<br \/>\n<\/em><em><strong><\/strong><\/em><\/p>\n<p><em><strong>1225 GMT<\/strong>\u00a0nous avons une information que le bateau est en p\u00eache et ne pourra pas venir nous chercher avant 1700 locales. Je d\u00e9marre le groupe et c&rsquo;est parti pour un peu plus d&rsquo;une heure d&rsquo;un pile up Europe, j&rsquo;en profite pour contacter quelques fran\u00e7ais F5UTE, F8PX et un vieil ami\u00a0<strong>TK5GF<\/strong>\u00a0Ignace pr\u00e9venu \u00e9galement par t\u00e9l\u00e9phone par un copain SWL.<\/em><\/p>\n<p><em>D\u00e9montage rapide de la station non sans regret, la t\u00eate encore pleine de projets, retour sur la terre ferme o\u00f9 m&rsquo;attendaient Olivier et Nicole pour un retour \u00e0 la civilisation. Pr\u00e8s de 1200 contacts sont envoy\u00e9 sur\u00a0<strong>F5IPW<\/strong>\u00a0via Internet.<br \/>\n<strong><\/strong><\/em><\/p>\n<p><em><strong>Remerciements \/\/\/\/<\/strong>Je ne remercierai pas assez\u00a0<strong>Patrick<\/strong>\u00a0pour les heures perdues \u00e0 palabrer pour le bateau, les horaires et prix du voyage,\u00a0<strong>R\u00e9gis<\/strong>\u00a0pour l&rsquo;aide technique et\u00a0<strong>Daniel<\/strong>\u00a0pour la logistique. Merci \u00e0 tous les oms pour leur patience et malheureusement tous ceux que j&rsquo;ai oubli\u00e9 involontairement, cach\u00e9s derri\u00e8re les stations puissantes.<\/em><\/p>\n<p style=\"text-align: right;\"><strong>\u00a0J28NH\/ F5NHJ &#8211; CDXC 976<\/strong><\/p>\n<div><strong>\u00a9 J.Louis- F5NHJ\/ 21st century.<\/strong><\/div>\n<div>\n<div><span style=\"color: #000000; font-size: xx-small;\"><span style=\"line-height: 15px;\"><strong><br \/>\n<\/strong><\/span><\/span><\/div>\n<\/div>\n","protected":false},"excerpt":{"rendered":"<p>J28NH\/P MASKALI Is.\u00a0 AF-053 par J28NH Jean-Louis 14, 15 et 16 avril 2000. &nbsp; &nbsp; Maskali, du 14 au 16 avril 2000.&#8230;D\u00e9part du port de\u00a0Djibouti\u00a0apr\u00e8s avoir charg\u00e9 les sacs, le mat\u00e9riel radio, les jerrycans d&rsquo;eau et de gasoil , les &hellip; <a href=\"https:\/\/www.f5nhj.fr\/?page_id=341\">Continuer la lecture <span class=\"meta-nav\">&rarr;<\/span><\/a><\/p>\n","protected":false},"author":1,"featured_media":0,"parent":333,"menu_order":1,"comment_status":"closed","ping_status":"open","template":"onecolumn-page.php","meta":{"footnotes":""},"class_list":["post-341","page","type-page","status-publish","hentry"],"_links":{"self":[{"href":"https:\/\/www.f5nhj.fr\/index.php?rest_route=\/wp\/v2\/pages\/341","targetHints":{"allow":["GET"]}}],"collection":[{"href":"https:\/\/www.f5nhj.fr\/index.php?rest_route=\/wp\/v2\/pages"}],"about":[{"href":"https:\/\/www.f5nhj.fr\/index.php?rest_route=\/wp\/v2\/types\/page"}],"author":[{"embeddable":true,"href":"https:\/\/www.f5nhj.fr\/index.php?rest_route=\/wp\/v2\/users\/1"}],"replies":[{"embeddable":true,"href":"https:\/\/www.f5nhj.fr\/index.php?rest_route=%2Fwp%2Fv2%2Fcomments&post=341"}],"version-history":[{"count":32,"href":"https:\/\/www.f5nhj.fr\/index.php?rest_route=\/wp\/v2\/pages\/341\/revisions"}],"predecessor-version":[{"id":1675,"href":"https:\/\/www.f5nhj.fr\/index.php?rest_route=\/wp\/v2\/pages\/341\/revisions\/1675"}],"up":[{"embeddable":true,"href":"https:\/\/www.f5nhj.fr\/index.php?rest_route=\/wp\/v2\/pages\/333"}],"wp:attachment":[{"href":"https:\/\/www.f5nhj.fr\/index.php?rest_route=%2Fwp%2Fv2%2Fmedia&parent=341"}],"curies":[{"name":"wp","href":"https:\/\/api.w.org\/{rel}","templated":true}]}}