{"id":347,"date":"2012-02-20T18:15:49","date_gmt":"2012-02-20T17:15:49","guid":{"rendered":"http:\/\/f5nhj.fr\/?page_id=347"},"modified":"2023-01-04T07:38:09","modified_gmt":"2023-01-04T06:38:09","slug":"ouakam-6w1f5nhj","status":"publish","type":"page","link":"https:\/\/www.f5nhj.fr\/?page_id=347","title":{"rendered":"Ouakam &#8211; 6W1\/F5NHJ"},"content":{"rendered":"<h3 style=\"text-align: center;\"><strong><span style=\"color: #ff0000;\">6W\/F5NHJ<\/span> &#8211; DA 160 OUAKAM..<\/strong><br \/>\nFT 757 GXII &#8211; BENCHER &#8211; Dipole et V invers\u00e9..<\/h3>\n<p><img loading=\"lazy\" decoding=\"async\" class=\"size-full wp-image-536 aligncenter\" title=\"6W\" src=\"http:\/\/f5nhj.fr\/wp-content\/uploads\/2012\/02\/6W.gif\" alt=\"\" width=\"49\" height=\"34\" \/>\u00a0 \u00a0 \u00a0\u00a0<img loading=\"lazy\" decoding=\"async\" class=\"aligncenter size-full wp-image-537\" title=\"mfj1278\" src=\"http:\/\/f5nhj.fr\/wp-content\/uploads\/2012\/02\/mfj1278.jpg\" alt=\"\" width=\"180\" height=\"72\" \/><\/p>\n<p style=\"text-align: center;\"><img loading=\"lazy\" decoding=\"async\" class=\"size-full wp-image-538 alignnone\" src=\"http:\/\/f5nhj.fr\/wp-content\/uploads\/2012\/02\/STNPKTDKR.jpg\" alt=\"\" width=\"220\" height=\"145\" \/>\u00a0 \u00a0 \u00a0 \u00a0 \u00a0\u00a0<img loading=\"lazy\" decoding=\"async\" class=\"wp-image-539 alignnone\" src=\"http:\/\/f5nhj.fr\/wp-content\/uploads\/2012\/02\/6WANTDKR12-300x196.jpg\" alt=\"\" width=\"210\" height=\"137\" srcset=\"https:\/\/www.f5nhj.fr\/wp-content\/uploads\/2012\/02\/6WANTDKR12-300x196.jpg 300w, https:\/\/www.f5nhj.fr\/wp-content\/uploads\/2012\/02\/6WANTDKR12.jpg 640w\" sizes=\"auto, (max-width: 210px) 100vw, 210px\" \/><\/p>\n<p style=\"text-align: center;\">D\u00e9couverte des modes Packet et RTTY \u00e0 l&rsquo;aide d&rsquo;un Mfj 1278&#8230;<\/p>\n<p style=\"text-align: center;\"><span style=\"text-align: center;\">&#8230;&#8230;&#8230;&#8230;&#8230;&#8230;&#8230;&#8230;&#8230;&#8230;&#8230;&#8230;&#8230;&#8230;&#8230;&#8230;&#8230;&#8230;&#8230;&#8230;&#8230;&#8230;&#8230;&#8230;&#8230;&#8230;&#8230;&#8230;&#8230;.<\/span><\/p>\n<p style=\"text-align: justify;\">Merci \u00e0 <strong>Tafa<\/strong> <strong>6W1KI<\/strong> qui\u00a0gr\u00e2ce \u00e0 son assiduit\u00e9 a su maintenir la BBS <strong>6W1AAD<\/strong> en fonctionnement. Dieuredieuf !<\/p>\n<p style=\"text-align: justify;\">Le trafic s&rsquo;est d\u00e9roul\u00e9 depuis le <strong>DA160 de Ouakam<\/strong>, des contacts essentiellement en graphie. Quelle suprise de contacter l&rsquo; Ile de p\u00e2ques tous les matins et de \u00ab\u00a0sauter\u00a0\u00bb de continent en continent en suivant une propagation vraiment d\u00e9routante.<\/p>\n<p style=\"text-align: center;\"><img loading=\"lazy\" decoding=\"async\" class=\"size-full wp-image-544 alignnone\" title=\"6W1A\" src=\"http:\/\/f5nhj.fr\/wp-content\/uploads\/2012\/02\/6W1A.jpg\" alt=\"\" width=\"295\" height=\"178\" \/>\u00a0 \u00a0 \u00a0<img loading=\"lazy\" decoding=\"async\" class=\"size-full wp-image-545 alignnone\" title=\"6W1BA\" src=\"http:\/\/f5nhj.fr\/wp-content\/uploads\/2012\/02\/6W1BA.jpg\" alt=\"\" width=\"294\" height=\"179\" \/><\/p>\n<p style=\"text-align: center;\">&#8230;&#8230;&#8230;&#8230;&#8230;&#8230;&#8230;&#8230;&#8230;&#8230;&#8230;&#8230;&#8230;&#8230;&#8230;&#8230;&#8230;&#8230;&#8230;&#8230;&#8230;&#8230;&#8230;&#8230;&#8230;&#8230;&#8230;&#8230;&#8230;..<\/p>\n<p style=\"text-align: justify;\">Le seul regret est de pas avoir obtenu d&rsquo;indicatif s\u00e9n\u00e9galais durant mon s\u00e9jour, les autorit\u00e9s ayant arr\u00eat\u00e9 temporairement, sans trop de raison, du moins \u00e0 mon point de vue tout \u00e0 fait personnel, l&rsquo;attribution des calls. \u00a0En esp\u00e9rant revenir un jour faire \u00ab\u00a0du bruit\u00a0\u00bb sur les bandes depuis la R\u00e9publique du S\u00e9n\u00e9gal.<\/p>\n<p style=\"text-align: justify;\">.. Amul solo..<\/p>\n<p style=\"text-align: justify;\">Une bonne propagation Tropo Vhf m&rsquo;a permis de passer sur les relais espagnols des \u00eeles Canaries et de remonter jusqu&rsquo;\u00e0 Faro au Portugal en profitant des relais et transpondeur.. Tout cela en FM avec le vieux Memorizer et un dipole !<\/p>\n<p style=\"text-align: justify;\">Quelques contacts depuis la station 6W1AG, mais suite aux amplitudes horaires de mon travail, les week end en famille et le trafic hf et vhf via bbs \u00e0 peine plus de <strong>1000<\/strong> contacts \u00a0en autres modes ont \u00e9t\u00e9 effectu\u00e9s en 2 ans. Trafic plus que succins.<\/p>\n<p style=\"text-align: center;\">******************<\/p>\n<p style=\"text-align: justify;\"><strong>01 Janvier 2016<\/strong> &#8230; \u00a0 \u00a0De retour apr\u00e8s deux d\u00e9cennies, quelques contacts Data depuis <strong>Ouakam<\/strong> avant notre d\u00e9part pour la \u00ab\u00a0Petite C\u00f4te\u00a0\u00bb et la ville de <strong>La Somone<\/strong>. \u00a0 \u00ab\u00a0Souvenirs\u00a0\u00bb<\/p>\n<p style=\"text-align: justify;\"><img loading=\"lazy\" decoding=\"async\" class=\"size-medium wp-image-2483 alignleft\" src=\"http:\/\/f5nhj.fr\/wp-content\/uploads\/2012\/02\/P1010061b-300x225.jpg\" alt=\"\" width=\"300\" height=\"225\" srcset=\"https:\/\/www.f5nhj.fr\/wp-content\/uploads\/2012\/02\/P1010061b-300x225.jpg 300w, https:\/\/www.f5nhj.fr\/wp-content\/uploads\/2012\/02\/P1010061b-768x576.jpg 768w, https:\/\/www.f5nhj.fr\/wp-content\/uploads\/2012\/02\/P1010061b.jpg 800w\" sizes=\"auto, (max-width: 300px) 100vw, 300px\" \/><\/p>\n<p style=\"text-align: justify;\">\n<p>&nbsp;<\/p>\n<p>&nbsp;<\/p>\n<p>&nbsp;<\/p>\n<p>&nbsp;<\/p>\n<p>&nbsp;<\/p>\n<p style=\"text-align: left;\">***********************<\/p>\n<p><strong>2018<\/strong> tour .. trafic sur le quartier Geille situ\u00e9 \u00e0 <strong>Ouakam\u00a0<\/strong>comme en 2016, une antenne multibande en L et le FT857d\/ Signalink \/MixW &#8211; RTTY<\/p>\n<p>***********************<\/p>\n<p><strong>2019<\/strong> tour .. March 8th,\u00a0 one day FT8 trafic in <strong>Ouakam<\/strong> in the north of <strong>Dakar<\/strong> city with my a L antenna and FT857d<br \/>\nTrafic en fin de journ\u00e9e sur<strong> Ouakam<\/strong> en FT8<\/p>\n<p>&nbsp;<br \/>\n<script src=\"https:\/\/clublog.org\/last10.php?call=6W1\/F5NHJ\" type=\"text\/javascript\"><\/script><br \/>\n&nbsp;<\/p>\n<p>&nbsp;<\/p>\n","protected":false},"excerpt":{"rendered":"<p>6W\/F5NHJ &#8211; DA 160 OUAKAM.. FT 757 GXII &#8211; BENCHER &#8211; Dipole et V invers\u00e9.. \u00a0 \u00a0 \u00a0\u00a0 \u00a0 \u00a0 \u00a0 \u00a0 \u00a0\u00a0 D\u00e9couverte des modes Packet et RTTY \u00e0 l&rsquo;aide d&rsquo;un Mfj 1278&#8230; &#8230;&#8230;&#8230;&#8230;&#8230;&#8230;&#8230;&#8230;&#8230;&#8230;&#8230;&#8230;&#8230;&#8230;&#8230;&#8230;&#8230;&#8230;&#8230;&#8230;&#8230;&#8230;&#8230;&#8230;&#8230;&#8230;&#8230;&#8230;&#8230;. Merci \u00e0 Tafa 6W1KI qui\u00a0gr\u00e2ce &hellip; <a href=\"https:\/\/www.f5nhj.fr\/?page_id=347\">Continuer la lecture <span class=\"meta-nav\">&rarr;<\/span><\/a><\/p>\n","protected":false},"author":1,"featured_media":0,"parent":345,"menu_order":0,"comment_status":"closed","ping_status":"closed","template":"","meta":{"footnotes":""},"class_list":["post-347","page","type-page","status-publish","hentry"],"_links":{"self":[{"href":"https:\/\/www.f5nhj.fr\/index.php?rest_route=\/wp\/v2\/pages\/347","targetHints":{"allow":["GET"]}}],"collection":[{"href":"https:\/\/www.f5nhj.fr\/index.php?rest_route=\/wp\/v2\/pages"}],"about":[{"href":"https:\/\/www.f5nhj.fr\/index.php?rest_route=\/wp\/v2\/types\/page"}],"author":[{"embeddable":true,"href":"https:\/\/www.f5nhj.fr\/index.php?rest_route=\/wp\/v2\/users\/1"}],"replies":[{"embeddable":true,"href":"https:\/\/www.f5nhj.fr\/index.php?rest_route=%2Fwp%2Fv2%2Fcomments&post=347"}],"version-history":[{"count":34,"href":"https:\/\/www.f5nhj.fr\/index.php?rest_route=\/wp\/v2\/pages\/347\/revisions"}],"predecessor-version":[{"id":4166,"href":"https:\/\/www.f5nhj.fr\/index.php?rest_route=\/wp\/v2\/pages\/347\/revisions\/4166"}],"up":[{"embeddable":true,"href":"https:\/\/www.f5nhj.fr\/index.php?rest_route=\/wp\/v2\/pages\/345"}],"wp:attachment":[{"href":"https:\/\/www.f5nhj.fr\/index.php?rest_route=%2Fwp%2Fv2%2Fmedia&parent=347"}],"curies":[{"name":"wp","href":"https:\/\/api.w.org\/{rel}","templated":true}]}}