{"id":389,"date":"2012-02-20T18:55:12","date_gmt":"2012-02-20T17:55:12","guid":{"rendered":"http:\/\/f5nhj.fr\/?page_id=389"},"modified":"2012-06-19T00:58:39","modified_gmt":"2012-06-18T22:58:39","slug":"dfcf","status":"publish","type":"page","link":"https:\/\/www.f5nhj.fr\/?page_id=389","title":{"rendered":"DFCF"},"content":{"rendered":"<p style=\"text-align: center;\">73 depuis le <strong>DFCF <span style=\"color: #ff0000;\">32-057<\/span><\/strong><br \/>\nCh\u00e2teau d&rsquo;<strong>Avezan<\/strong>..<\/p>\n<p><img loading=\"lazy\" decoding=\"async\" class=\"size-full wp-image-1172 aligncenter\" title=\"chateau-avezan_484\" src=\"http:\/\/f5nhj.fr\/wp-content\/uploads\/2012\/02\/chateau-avezan_484.jpg\" alt=\"\" width=\"400\" height=\"300\" srcset=\"https:\/\/www.f5nhj.fr\/wp-content\/uploads\/2012\/02\/chateau-avezan_484.jpg 400w, https:\/\/www.f5nhj.fr\/wp-content\/uploads\/2012\/02\/chateau-avezan_484-300x225.jpg 300w\" sizes=\"auto, (max-width: 400px) 100vw, 400px\" \/><\/p>\n<p style=\"text-align: center;\">*********************************<\/p>\n<p style=\"text-align: center;\"><a href=\"http:\/\/f5nhj.fr\/wp-content\/uploads\/2012\/02\/DFCF1.gif\"><img loading=\"lazy\" decoding=\"async\" class=\"alignnone size-full wp-image-1165\" title=\"DFCF1\" src=\"http:\/\/f5nhj.fr\/wp-content\/uploads\/2012\/02\/DFCF1.gif\" alt=\"\" width=\"39\" height=\"36\" \/><\/a>\u00a0 \u00a0 \u00a0\u00a0DFCF 06xxx<br \/>\nD\u00e9partement des Alpes Maritimes&#8230;<\/p>\n<p><img loading=\"lazy\" decoding=\"async\" class=\"size-full wp-image-1156 aligncenter\" title=\"06005A\" src=\"http:\/\/f5nhj.fr\/wp-content\/uploads\/2012\/02\/06005A.jpg\" alt=\"\" width=\"302\" height=\"236\" srcset=\"https:\/\/www.f5nhj.fr\/wp-content\/uploads\/2012\/02\/06005A.jpg 302w, https:\/\/www.f5nhj.fr\/wp-content\/uploads\/2012\/02\/06005A-300x234.jpg 300w\" sizes=\"auto, (max-width: 302px) 100vw, 302px\" \/><\/p>\n<p style=\"text-align: center;\">La ligne de d\u00e9fense des Alpes-maritimes.<\/p>\n<p style=\"text-align: center;\">*********************************<\/p>\n<p style=\"text-align: center;\"><img loading=\"lazy\" decoding=\"async\" class=\"alignnone  wp-image-1153\" title=\"05006B\" src=\"http:\/\/f5nhj.fr\/wp-content\/uploads\/2012\/02\/05006B.jpg\" alt=\"\" width=\"256\" height=\"192\" srcset=\"https:\/\/www.f5nhj.fr\/wp-content\/uploads\/2012\/02\/05006B.jpg 320w, https:\/\/www.f5nhj.fr\/wp-content\/uploads\/2012\/02\/05006B-300x225.jpg 300w\" sizes=\"auto, (max-width: 256px) 100vw, 256px\" \/>\u00a0 \u00a0\u00a0<img loading=\"lazy\" decoding=\"async\" class=\"alignnone size-full wp-image-1155\" title=\"06005\" src=\"http:\/\/f5nhj.fr\/wp-content\/uploads\/2012\/02\/06005.jpg\" alt=\"\" width=\"302\" height=\"96\" srcset=\"https:\/\/www.f5nhj.fr\/wp-content\/uploads\/2012\/02\/06005.jpg 302w, https:\/\/www.f5nhj.fr\/wp-content\/uploads\/2012\/02\/06005-300x95.jpg 300w\" sizes=\"auto, (max-width: 302px) 100vw, 302px\" \/><\/p>\n<p style=\"text-align: center;\">Fort de <strong>Sainte-Agn\u00e8s<\/strong> DFCF 06-005&#8230;<br \/>\nJanvier 2002..<\/p>\n<p><img loading=\"lazy\" decoding=\"async\" class=\"size-full wp-image-1147 aligncenter\" title=\"o-104\" src=\"http:\/\/f5nhj.fr\/wp-content\/uploads\/2012\/02\/o-104.gif\" alt=\"\" width=\"92\" height=\"123\" \/><\/p>\n<p style=\"text-align: center;\">Ouvrage mixte \u00e0 4 blocs. 300 hommes.<\/p>\n<p>&#8230; Le vieux village de Sainte-Agn\u00e8s est accroch\u00e9 au flanc d&rsquo;un pic qui culmine \u00e0 780 m\u00e8tres en surplomb de la M\u00e9diterran\u00e9e. Cette situation exceptionnelle qui lui vaut d&rsquo;\u00eatre \u00a0\u00bb le Village Littoral le plus haut d&rsquo;Europe\u00a0\u00bb a fa\u00e7onn\u00e9 sa longue histoire de promontoire fortifi\u00e9.<\/p>\n<p>C&rsquo;est ainsi qu&rsquo;un important ouvrage MAGINOT y fut \u00e9difi\u00e9 entre 1932 et 1938 pour assurer la d\u00e9fense de la baie de Menton qu&rsquo;il couvrait de sa puissance de feu.<br \/>\nV\u00e9ritable ville souterraine, creus\u00e9e dans les profondeurs du rocher, le fort est dans un \u00e9tonnant \u00e9tat de conservation qui permet aux visiteurs de se sentir en situation.<br \/>\nToujours \u00e9quip\u00e9 de son armement d&rsquo;artillerie sous casemate: canons-obusier de 135 et 75, mortiers de 81, son bloc sud \u00e9tait la casemate frontale la plus puissamment arm\u00e9e de toute la ligne MAGINOT.<br \/>\nLa centrale \u00e9lectrique et la salle de neutralisation contre les gazs de combat, ascenseurs et monte-charge toujours en \u00e9tat de fonctionnement, ainsi qu&rsquo;un important casernement, rendent compte du savoir-faire d\u00e9ploy\u00e9 par les ing\u00e9nieurs militaires. Il prit une part d\u00e9terminante aux combats de juin 1940 \u00e0 Menton.<br \/>\n(.. extrait du d\u00e9pliant publicitaire de la ville de Sainte-Agn\u00e8s&#8230; Certaines informations sont tir\u00e9es du site ci dessus.. )<\/p>\n<p style=\"text-align: center;\">*********************************<\/p>\n<p><img loading=\"lazy\" decoding=\"async\" class=\"size-full wp-image-1160 aligncenter\" title=\"ANT06006A\" src=\"http:\/\/f5nhj.fr\/wp-content\/uploads\/2012\/02\/ANT06006A.jpg\" alt=\"\" width=\"120\" height=\"160\" \/><\/p>\n<p style=\"text-align: center;\">Fort du <strong>Mont AGEL<\/strong>, DFCF 06-006<br \/>\nAvril 2002.<\/p>\n<p><img loading=\"lazy\" decoding=\"async\" class=\"size-full wp-image-1148 aligncenter\" title=\"o-106\" src=\"http:\/\/f5nhj.fr\/wp-content\/uploads\/2012\/02\/o-106.gif\" alt=\"\" width=\"158\" height=\"149\" \/><\/p>\n<p style=\"text-align: center;\">Ouvrage mixte \u00e0 7 blocs. 200 hommes.<\/p>\n<p>L&rsquo;ouvrage, situ\u00e9 \u00e0 1100m d&rsquo;altitude, est reli\u00e9 \u00e0 deux observatoires (\u00e0 cloches VDP) ind\u00e9pendants afin d&rsquo;\u00e9viter l&rsquo;aveuglement d\u00fb au brouillard souvent important en bordure de mer :<\/p>\n<p>-le premier au voisinage imm\u00e9diat de l&rsquo;ouvrage ;<br \/>\n-le second, plus bas, sur le Mont-Gros de Roquebrune.<\/p>\n<p>Malgr\u00e9 un temps pluvieux et venteux, un match de rugby et une coupe Davis &#8230;<br \/>\nOuf&#8230; La sortie sur le Mont Agel est valid\u00e9e, beaucoup de qrn \u00e0 900 mts d&rsquo;altitude.<\/p>\n<p>RTX IC 706 MKIIg &#8211; ATU AH4 &#8211; Antenne stick kaki \/ wx 6\u00b0 pluie<\/p>\n<p style=\"text-align: center;\">*********************************<\/p>\n<p style=\"text-align: center;\">Fort du <strong>Cap Martin<\/strong>, DFCF 06-036<br \/>\nMars 2007.<\/p>\n<p style=\"text-align: center;\"><img loading=\"lazy\" decoding=\"async\" class=\"alignnone  wp-image-1163\" title=\"OLYMPUS DIGITAL CAMERA\" src=\"http:\/\/f5nhj.fr\/wp-content\/uploads\/2012\/02\/DFCF06036B.jpg\" alt=\"\" width=\"288\" height=\"216\" srcset=\"https:\/\/www.f5nhj.fr\/wp-content\/uploads\/2012\/02\/DFCF06036B.jpg 400w, https:\/\/www.f5nhj.fr\/wp-content\/uploads\/2012\/02\/DFCF06036B-300x225.jpg 300w\" sizes=\"auto, (max-width: 288px) 100vw, 288px\" \/>\u00a0 \u00a0 <img loading=\"lazy\" decoding=\"async\" class=\"alignnone  wp-image-1164\" title=\"OLYMPUS DIGITAL CAMERA\" src=\"http:\/\/f5nhj.fr\/wp-content\/uploads\/2012\/02\/DFCF06036C.jpg\" alt=\"\" width=\"282\" height=\"211\" srcset=\"https:\/\/www.f5nhj.fr\/wp-content\/uploads\/2012\/02\/DFCF06036C.jpg 400w, https:\/\/www.f5nhj.fr\/wp-content\/uploads\/2012\/02\/DFCF06036C-300x225.jpg 300w\" sizes=\"auto, (max-width: 282px) 100vw, 282px\" \/><\/p>\n<p style=\"text-align: center;\">Le haut du Fort du Cap Martin avec ses \u00ab\u00a0cloches\u00a0\u00bb de surveillance et r\u00e9glage des tirs.<br \/>\nAu fond Menton.<\/p>\n<p><img loading=\"lazy\" decoding=\"async\" class=\"size-full wp-image-1149 aligncenter\" title=\"o-109\" src=\"http:\/\/f5nhj.fr\/wp-content\/uploads\/2012\/02\/o-109.gif\" alt=\"\" width=\"68\" height=\"106\" \/><\/p>\n<p style=\"text-align: center;\">Ouvrage mixte \u00e0 3 blocs. 350 hommes.<\/p>\n<p><img loading=\"lazy\" decoding=\"async\" class=\"size-full wp-image-1170 aligncenter\" title=\"RCM06036\" src=\"http:\/\/f5nhj.fr\/wp-content\/uploads\/2012\/02\/RCM06036.jpg\" alt=\"\" width=\"320\" height=\"240\" srcset=\"https:\/\/www.f5nhj.fr\/wp-content\/uploads\/2012\/02\/RCM06036.jpg 320w, https:\/\/www.f5nhj.fr\/wp-content\/uploads\/2012\/02\/RCM06036-300x225.jpg 300w\" sizes=\"auto, (max-width: 320px) 100vw, 320px\" \/><\/p>\n<p>Deux de ses blocs (B1 avec 2.81 et B2 avec 1.75) sont \u00e0 action frontale, ce qui est rare sur la Ligne Maginot (sauf dans les Alpes).<\/p>\n<p>&#8211; Rtx ft 857 50 Watts &#8211; Atu GC 3000 long fil.<\/p>\n<p style=\"text-align: center;\">*********************************<\/p>\n<p style=\"text-align: center;\">En cours le 12 mars 2007..<br \/>\n<span style=\"color: #ff0000;\">Annul\u00e9 suite probl\u00e8mes de sant\u00e9.<\/span><\/p>\n<p style=\"text-align: center;\">Fort de <strong>CASTILLON<\/strong> DFCF 06-035<\/p>\n<p style=\"text-align: center;\"><img loading=\"lazy\" decoding=\"async\" class=\"wp-image-1161 aligncenter\" title=\"DFCF06035BB\" src=\"http:\/\/f5nhj.fr\/wp-content\/uploads\/2012\/02\/DFCF06035BB.jpg\" alt=\"\" width=\"490\" height=\"274\" srcset=\"https:\/\/www.f5nhj.fr\/wp-content\/uploads\/2012\/02\/DFCF06035BB.jpg 613w, https:\/\/www.f5nhj.fr\/wp-content\/uploads\/2012\/02\/DFCF06035BB-300x167.jpg 300w\" sizes=\"auto, (max-width: 490px) 100vw, 490px\" \/><\/p>\n<p style=\"text-align: center;\">Ouvrage mixte \u00e0 5 blocs. 350 hommes.<\/p>\n<p><img loading=\"lazy\" decoding=\"async\" class=\"size-full wp-image-1146 aligncenter\" title=\"o-102\" src=\"http:\/\/f5nhj.fr\/wp-content\/uploads\/2012\/02\/o-102.gif\" alt=\"\" width=\"171\" height=\"61\" \/><\/p>\n<p style=\"text-align: center;\">Montage du m\u00e2t \u00ab\u00a0canne \u00e0 p\u00eache\u00a0\u00bb.<\/p>\n<p style=\"text-align: center;\"><img loading=\"lazy\" decoding=\"async\" class=\"wp-image-1162 aligncenter\" title=\"DFCF06035EE\" src=\"http:\/\/f5nhj.fr\/wp-content\/uploads\/2012\/02\/DFCF06035EE.jpg\" alt=\"\" width=\"442\" height=\"197\" srcset=\"https:\/\/www.f5nhj.fr\/wp-content\/uploads\/2012\/02\/DFCF06035EE.jpg 552w, https:\/\/www.f5nhj.fr\/wp-content\/uploads\/2012\/02\/DFCF06035EE-300x133.jpg 300w\" sizes=\"auto, (max-width: 442px) 100vw, 442px\" \/><\/p>\n<p style=\"text-align: center;\">Ruine de l&rsquo;\u00e9glise du village detruite lors de la deuxi\u00e8me guerre mondiale.<\/p>\n<p>&#8212;&#8212;&#8212;&#8212;&#8212;&#8212;&#8212;&#8212;&#8212;&#8212;&#8212;&#8212;&#8212;&#8212;&#8212;&#8212;&#8212;&#8212;&#8212;&#8212;&#8212;&#8212;&#8212;&#8212;&#8212;&#8212;&#8211;<br \/>\n\u00a9 J.Louis- F5NHJ\/ 21st century.<\/p>\n","protected":false},"excerpt":{"rendered":"<p>73 depuis le DFCF 32-057 Ch\u00e2teau d&rsquo;Avezan.. ********************************* \u00a0 \u00a0 \u00a0\u00a0DFCF 06xxx D\u00e9partement des Alpes Maritimes&#8230; La ligne de d\u00e9fense des Alpes-maritimes. ********************************* \u00a0 \u00a0\u00a0 Fort de Sainte-Agn\u00e8s DFCF 06-005&#8230; Janvier 2002.. Ouvrage mixte \u00e0 4 blocs. 300 hommes. &#8230; &hellip; <a href=\"https:\/\/www.f5nhj.fr\/?page_id=389\">Continuer la lecture <span class=\"meta-nav\">&rarr;<\/span><\/a><\/p>\n","protected":false},"author":1,"featured_media":0,"parent":387,"menu_order":1,"comment_status":"closed","ping_status":"open","template":"onecolumn-page.php","meta":{"footnotes":""},"class_list":["post-389","page","type-page","status-publish","hentry"],"_links":{"self":[{"href":"https:\/\/www.f5nhj.fr\/index.php?rest_route=\/wp\/v2\/pages\/389","targetHints":{"allow":["GET"]}}],"collection":[{"href":"https:\/\/www.f5nhj.fr\/index.php?rest_route=\/wp\/v2\/pages"}],"about":[{"href":"https:\/\/www.f5nhj.fr\/index.php?rest_route=\/wp\/v2\/types\/page"}],"author":[{"embeddable":true,"href":"https:\/\/www.f5nhj.fr\/index.php?rest_route=\/wp\/v2\/users\/1"}],"replies":[{"embeddable":true,"href":"https:\/\/www.f5nhj.fr\/index.php?rest_route=%2Fwp%2Fv2%2Fcomments&post=389"}],"version-history":[{"count":8,"href":"https:\/\/www.f5nhj.fr\/index.php?rest_route=\/wp\/v2\/pages\/389\/revisions"}],"predecessor-version":[{"id":1151,"href":"https:\/\/www.f5nhj.fr\/index.php?rest_route=\/wp\/v2\/pages\/389\/revisions\/1151"}],"up":[{"embeddable":true,"href":"https:\/\/www.f5nhj.fr\/index.php?rest_route=\/wp\/v2\/pages\/387"}],"wp:attachment":[{"href":"https:\/\/www.f5nhj.fr\/index.php?rest_route=%2Fwp%2Fv2%2Fmedia&parent=389"}],"curies":[{"name":"wp","href":"https:\/\/api.w.org\/{rel}","templated":true}]}}