{"id":4209,"date":"2023-10-29T11:19:47","date_gmt":"2023-10-29T10:19:47","guid":{"rendered":"https:\/\/www.f5nhj.fr\/?page_id=4209"},"modified":"2023-10-29T11:25:40","modified_gmt":"2023-10-29T10:25:40","slug":"antenne-magique","status":"publish","type":"page","link":"https:\/\/www.f5nhj.fr\/?page_id=4209","title":{"rendered":"Antenne \u00ab\u00a0magique\u00a0\u00bb"},"content":{"rendered":"<p style=\"text-align: center;\"><strong>(Fabrication \u00e9t\u00e9 1997&#8230; longueur 6.50 environ, install\u00e9e sans radian.)<\/strong><br \/>\nMat\u00e9riel : 1- 18VS mais une antenne CB fait l&rsquo;affaire, penser \u00e0 \u00ab\u00a0courcuiter\u00a0\u00bb la self de base s&rsquo;il y a..\u00a0un balun ZX YAGI ou MTFT &#8211; deux petits ressorts longueur inf\u00e9rieure au balun &#8211; deux petites \u00e9querres de 4 ou 5 centim\u00e8tres perc\u00e9es de deux trous \u00e0 leurs extr\u00e9mit\u00e9es &#8211; un bout d&rsquo;\u00e2me de coaxial multibrins.Puissance maximum une cinquantaine de watts. Plage de 10 \u00e0 50 mhz avec l&rsquo;aide une boite d&rsquo;accord MFJ 945C.<\/p>\n<hr \/>\n<p style=\"text-align: center;\"><img loading=\"lazy\" decoding=\"async\" class=\"alignnone size-medium wp-image-4210\" src=\"https:\/\/www.f5nhj.fr\/wp-content\/uploads\/2023\/10\/ZX1-300x225.jpg\" alt=\"\" width=\"300\" height=\"225\" srcset=\"https:\/\/www.f5nhj.fr\/wp-content\/uploads\/2023\/10\/ZX1-300x225.jpg 300w, https:\/\/www.f5nhj.fr\/wp-content\/uploads\/2023\/10\/ZX1-400x300.jpg 400w, https:\/\/www.f5nhj.fr\/wp-content\/uploads\/2023\/10\/ZX1.jpg 512w\" sizes=\"auto, (max-width: 300px) 100vw, 300px\" \/><\/p>\n<p style=\"text-align: center;\">Modification de la 18VS<br \/>\n1\/ D\u00e9monter la bobine d&rsquo;origine, \u00e9vider le bas d&rsquo;antenne<\/p>\n<hr \/>\n<p style=\"text-align: center;\"><img loading=\"lazy\" decoding=\"async\" class=\"alignnone size-medium wp-image-4215\" src=\"https:\/\/www.f5nhj.fr\/wp-content\/uploads\/2023\/10\/ZX2-300x211.jpg\" alt=\"\" width=\"300\" height=\"211\" srcset=\"https:\/\/www.f5nhj.fr\/wp-content\/uploads\/2023\/10\/ZX2-300x211.jpg 300w, https:\/\/www.f5nhj.fr\/wp-content\/uploads\/2023\/10\/ZX2-426x300.jpg 426w, https:\/\/www.f5nhj.fr\/wp-content\/uploads\/2023\/10\/ZX2.jpg 553w\" sizes=\"auto, (max-width: 300px) 100vw, 300px\" \/><\/p>\n<p style=\"text-align: center;\">2\/ Percer pour faire passer le fil d&rsquo;alimentation,<br \/>\nici une \u00e2me d&rsquo;un coaxial 50 ohms multibrins.<\/p>\n<hr \/>\n<p style=\"text-align: center;\"><img loading=\"lazy\" decoding=\"async\" class=\"alignnone size-medium wp-image-4216\" src=\"https:\/\/www.f5nhj.fr\/wp-content\/uploads\/2023\/10\/ZX3-300x212.jpg\" alt=\"\" width=\"300\" height=\"212\" srcset=\"https:\/\/www.f5nhj.fr\/wp-content\/uploads\/2023\/10\/ZX3-300x212.jpg 300w, https:\/\/www.f5nhj.fr\/wp-content\/uploads\/2023\/10\/ZX3-424x300.jpg 424w, https:\/\/www.f5nhj.fr\/wp-content\/uploads\/2023\/10\/ZX3.jpg 488w\" sizes=\"auto, (max-width: 300px) 100vw, 300px\" \/><\/p>\n<p style=\"text-align: center;\">3\/ Ajout d&rsquo;une plaque support du 1\/9<br \/>\nLe support et les deux \u00e9querres sont pli\u00e9s,<br \/>\nperc\u00e9s et pr\u00eats \u00e0 recevoir les ressorts..<\/p>\n<hr \/>\n<p style=\"text-align: center;\"><img loading=\"lazy\" decoding=\"async\" class=\"alignnone size-medium wp-image-4211\" src=\"https:\/\/www.f5nhj.fr\/wp-content\/uploads\/2023\/10\/ZX6-300x253.jpg\" alt=\"\" width=\"300\" height=\"253\" srcset=\"https:\/\/www.f5nhj.fr\/wp-content\/uploads\/2023\/10\/ZX6-300x253.jpg 300w, https:\/\/www.f5nhj.fr\/wp-content\/uploads\/2023\/10\/ZX6-355x300.jpg 355w, https:\/\/www.f5nhj.fr\/wp-content\/uploads\/2023\/10\/ZX6.jpg 423w\" sizes=\"auto, (max-width: 300px) 100vw, 300px\" \/><\/p>\n<p style=\"text-align: center;\">3\/ Ajout d&rsquo;une plaque support du balun<br \/>\nLe support et les deux \u00e9querres sont pli\u00e9s,<br \/>\nperc\u00e9s et pr\u00eats \u00e0 recevoir les ressorts..<\/p>\n<hr \/>\n<p style=\"text-align: center;\"><img loading=\"lazy\" decoding=\"async\" class=\"alignnone size-medium wp-image-4213\" src=\"https:\/\/www.f5nhj.fr\/wp-content\/uploads\/2023\/10\/ZX4-300x225.jpg\" alt=\"\" width=\"300\" height=\"225\" srcset=\"https:\/\/www.f5nhj.fr\/wp-content\/uploads\/2023\/10\/ZX4-300x225.jpg 300w, https:\/\/www.f5nhj.fr\/wp-content\/uploads\/2023\/10\/ZX4-400x300.jpg 400w, https:\/\/www.f5nhj.fr\/wp-content\/uploads\/2023\/10\/ZX4.jpg 512w\" sizes=\"auto, (max-width: 300px) 100vw, 300px\" \/><\/p>\n<p style=\"text-align: center;\">Une autre vue de la plaque support..<\/p>\n<hr \/>\n<p style=\"text-align: center;\"><img loading=\"lazy\" decoding=\"async\" class=\"alignnone size-medium wp-image-4214\" src=\"https:\/\/www.f5nhj.fr\/wp-content\/uploads\/2023\/10\/ZX5-300x225.jpg\" alt=\"\" width=\"300\" height=\"225\" srcset=\"https:\/\/www.f5nhj.fr\/wp-content\/uploads\/2023\/10\/ZX5-300x225.jpg 300w, https:\/\/www.f5nhj.fr\/wp-content\/uploads\/2023\/10\/ZX5-400x300.jpg 400w, https:\/\/www.f5nhj.fr\/wp-content\/uploads\/2023\/10\/ZX5.jpg 512w\" sizes=\"auto, (max-width: 300px) 100vw, 300px\" \/><\/p>\n<p style=\"text-align: center;\">BALUN ZX YAGI.<br \/>\n4\/ plaque support et un joint de caoutchouc de r\u00e9cup\u00e9ration..<br \/>\nJoint de toit d&#8217;embase DV27..<\/p>\n<hr \/>\n<p style=\"text-align: center;\"><img loading=\"lazy\" decoding=\"async\" class=\"alignnone size-medium wp-image-4212\" src=\"https:\/\/www.f5nhj.fr\/wp-content\/uploads\/2023\/10\/ZX7-300x225.jpg\" alt=\"\" width=\"300\" height=\"225\" srcset=\"https:\/\/www.f5nhj.fr\/wp-content\/uploads\/2023\/10\/ZX7-300x225.jpg 300w, https:\/\/www.f5nhj.fr\/wp-content\/uploads\/2023\/10\/ZX7-400x300.jpg 400w, https:\/\/www.f5nhj.fr\/wp-content\/uploads\/2023\/10\/ZX7.jpg 512w\" sizes=\"auto, (max-width: 300px) 100vw, 300px\" \/><\/p>\n<p style=\"text-align: center;\">Termin\u00e9e et pr\u00eate \u00e0 l&#8217;emploi&#8230;.<\/p>\n<h2 style=\"text-align: center;\">( Gare aux surprises.. <span style=\"color: #ff0000;\">utilisez une\u00a0boite d&rsquo;accord\u00a0<\/span>!! )<\/h2>\n<hr \/>\n<p style=\"text-align: center;\">\u00a9 J.Louis- F5NHJ\/ 21st century.<\/p>\n<p style=\"text-align: center;\">\n","protected":false},"excerpt":{"rendered":"<p>(Fabrication \u00e9t\u00e9 1997&#8230; longueur 6.50 environ, install\u00e9e sans radian.) Mat\u00e9riel : 1- 18VS mais une antenne CB fait l&rsquo;affaire, penser \u00e0 \u00ab\u00a0courcuiter\u00a0\u00bb la self de base s&rsquo;il y a..\u00a0un balun ZX YAGI ou MTFT &#8211; deux petits ressorts longueur inf\u00e9rieure &hellip; <a href=\"https:\/\/www.f5nhj.fr\/?page_id=4209\">Continuer la lecture <span class=\"meta-nav\">&rarr;<\/span><\/a><\/p>\n","protected":false},"author":1,"featured_media":0,"parent":2850,"menu_order":0,"comment_status":"closed","ping_status":"closed","template":"","meta":{"footnotes":""},"class_list":["post-4209","page","type-page","status-publish","hentry"],"_links":{"self":[{"href":"https:\/\/www.f5nhj.fr\/index.php?rest_route=\/wp\/v2\/pages\/4209","targetHints":{"allow":["GET"]}}],"collection":[{"href":"https:\/\/www.f5nhj.fr\/index.php?rest_route=\/wp\/v2\/pages"}],"about":[{"href":"https:\/\/www.f5nhj.fr\/index.php?rest_route=\/wp\/v2\/types\/page"}],"author":[{"embeddable":true,"href":"https:\/\/www.f5nhj.fr\/index.php?rest_route=\/wp\/v2\/users\/1"}],"replies":[{"embeddable":true,"href":"https:\/\/www.f5nhj.fr\/index.php?rest_route=%2Fwp%2Fv2%2Fcomments&post=4209"}],"version-history":[{"count":5,"href":"https:\/\/www.f5nhj.fr\/index.php?rest_route=\/wp\/v2\/pages\/4209\/revisions"}],"predecessor-version":[{"id":4221,"href":"https:\/\/www.f5nhj.fr\/index.php?rest_route=\/wp\/v2\/pages\/4209\/revisions\/4221"}],"up":[{"embeddable":true,"href":"https:\/\/www.f5nhj.fr\/index.php?rest_route=\/wp\/v2\/pages\/2850"}],"wp:attachment":[{"href":"https:\/\/www.f5nhj.fr\/index.php?rest_route=%2Fwp%2Fv2%2Fmedia&parent=4209"}],"curies":[{"name":"wp","href":"https:\/\/api.w.org\/{rel}","templated":true}]}}