{"id":4489,"date":"2025-02-06T11:02:23","date_gmt":"2025-02-06T10:02:23","guid":{"rendered":"https:\/\/www.f5nhj.fr\/?page_id=4489"},"modified":"2025-02-26T10:58:06","modified_gmt":"2025-02-26T09:58:06","slug":"zeppelin-f5ad","status":"publish","type":"page","link":"https:\/\/www.f5nhj.fr\/?page_id=4489","title":{"rendered":"Zeppelin (F5AD)"},"content":{"rendered":"<p>&nbsp;<\/p>\n<p style=\"text-align: center;\">Principe :<\/p>\n<p style=\"text-align: left;\"><span style=\"text-align: center;\">On la rencontre souvent dans les stations d&rsquo;amateurs <\/span>trafiquant sur bandes d\u00e9cam\u00e9triques et ne disposant que d&rsquo;un espace r\u00e9duit, le point d&rsquo;alimentation \u00e9tant proche de la station.<br \/>\nParfois appel\u00e9e \u00ab\u00a0End Fed\u00a0\u00bb par les anglo-saxons, elle fait partie de ces antennes aliment\u00e9es par une extr\u00e9mit\u00e9. Elle tient son nom des fameux dirigeables pour l&rsquo;\u00e9quipement desquels elle fut mise au point.<\/p>\n<p><img loading=\"lazy\" decoding=\"async\" class=\"size-medium wp-image-4490 aligncenter\" src=\"https:\/\/www.f5nhj.fr\/wp-content\/uploads\/2025\/02\/img18-300x208.gif\" alt=\"\" width=\"300\" height=\"208\" srcset=\"https:\/\/www.f5nhj.fr\/wp-content\/uploads\/2025\/02\/img18-300x208.gif 300w, https:\/\/www.f5nhj.fr\/wp-content\/uploads\/2025\/02\/img18-432x300.gif 432w\" sizes=\"auto, (max-width: 300px) 100vw, 300px\" \/><\/p>\n<p>&nbsp;<\/p>\n<ul>\n<li style=\"list-style-type: none;\">\n<ul style=\"text-align: left;\">\n<li style=\"list-style-type: none;\">\n<ul style=\"text-align: left;\">Elle est constitu\u00e9e d&rsquo;un fil rayonnant d&rsquo;une longueur \u00e9gale \u00e0 la demi-<\/ul>\n<\/li>\n<\/ul>\n<ul style=\"text-align: left;\">onde de la fr\u00e9quence fondamentale pour laquelle l&rsquo;antenne est taill\u00e9e. L&rsquo;alimentation de l&rsquo;antenne est assur\u00e9e par une ligne bifilaire d&rsquo;imp\u00e9dance 300 \u00e0 600 ohms \u00e0 une extr\u00e9mit\u00e9 du fil, l\u00e0 ou se trouve un ventre de tension. La ligne sera choisie pour \u00e9viter qu&rsquo;un ventre de tension soit pr\u00e9sent au niveau de la bo\u00eete d&rsquo;accord indispensable pour adapter l&rsquo;imp\u00e9dance au bas de la ligne \u00e0 celle de l&rsquo;\u00e9metteur. Comme l&rsquo;antenne L\u00e9vy, la Zeppelin est multibande gr\u00e2ce \u00e0 sa boite d&rsquo;accord qui permettra de la mettre en \u00ab\u00a0r\u00e9sonance forc\u00e9e\u00a0\u00bb sur la plupart des bandes amateur d\u00e9cam\u00e9triques, en particulier celles qui sont en harmonique avec la fr\u00e9quence fondamentale<\/ul>\n<\/li>\n<\/ul>\n<ul style=\"text-align: left;\">\n<li style=\"list-style-type: none;\">\n<ul>La longueur de la ligne n&rsquo;est pas sans importance : elle sera choisie en fonction de la longueur du fil rayonnant de fa\u00e7on \u00e0 ce que l&rsquo;imp\u00e9dance \u00e0 l&rsquo;extr\u00e9mit\u00e9 de la ligne soit la plus proche possible de quelques centaines d&rsquo;ohms, avec la composante r\u00e9active r\u00e9active la plus faible possible.<\/ul>\n<\/li>\n<\/ul>\n<ul style=\"text-align: left;\">\n<li style=\"list-style-type: none;\">\n<ul>Du fait de l&rsquo;asym\u00e9trie du syst\u00e8me antenne-ligne (un des fils de la ligne n&rsquo;\u00e9tant pas raccord\u00e9, contrairement \u00e0 l&rsquo;antenne L\u00e9vy ou center-fed), des courants diff\u00e9rents circulent dans chacun des deux conducteurs de la ligne bifilaire. Ce ph\u00e9nom\u00e8ne implique que la ligne rayonne plus ou moins, ce qui est rarement souhaitable et peut \u00eatre source d&rsquo;interf\u00e9rences avec les autres services (radiodiffusion, TV&#8230;)<\/ul>\n<\/li>\n<\/ul>\n<ul style=\"text-align: left;\">\n<li style=\"list-style-type: none;\">\n<ul>Le diagramme de rayonnement de l&rsquo;antenne d\u00e9pend de la bande utilis\u00e9e.<\/ul>\n<\/li>\n<\/ul>\n<ul style=\"text-align: left;\">\n<li style=\"list-style-type: none;\">\n<ul>R\u00e9alisation :<\/ul>\n<ul>Pour une premi\u00e8re approximation on peut choisir un syst\u00e8me ligne-antenne d&rsquo;une longueur totale de 0,75 lambda telle que<\/ul>\n<\/li>\n<\/ul>\n<ul style=\"text-align: left;\">\n<li style=\"list-style-type: none;\">\n<ul>lambda=150\/f<\/ul>\n<\/li>\n<\/ul>\n<ul style=\"text-align: left;\">\n<li style=\"list-style-type: none;\">\n<ul>o\u00f9 f est la fr\u00e9quence de trafic (en MHz) la plus basse.<\/ul>\n<\/li>\n<\/ul>\n<ul style=\"text-align: left;\">\n<li style=\"list-style-type: none;\">\n<ul>La longueur du fil rayonnant sera proche de \u00bd lambda et celui de la ligne \u00bc lambda.<\/ul>\n<\/li>\n<\/ul>\n<ul style=\"text-align: left;\">\n<li style=\"list-style-type: none;\">\n<ul>Alimentation par ligne bifilaire 300 ohm (twin-lead) ou 600 ohms (\u00e9chelle \u00e0 grenouille).<\/ul>\n<\/li>\n<\/ul>\n<ul style=\"text-align: left;\">\n<li style=\"list-style-type: none;\">\n<ul>R\u00e9glages :<\/ul>\n<ul>\n<li style=\"list-style-type: none;\">\n<ul>Ajuster \u00e9ventuellement la longueur de la ligne bifilaire et la longueur du brin rayonnant si la bo\u00eete de couplage ne permet pas l&rsquo;accord sur toutes les bandes souhait\u00e9es. V\u00e9rifier que l&rsquo;am\u00e9lioration sur une bande ne d\u00e9t\u00e9riore pas le fonctionnement sur une autre bande.<\/ul>\n<\/li>\n<\/ul>\n<\/li>\n<\/ul>\n<p style=\"text-align: left;\">\n","protected":false},"excerpt":{"rendered":"<p>&nbsp; Principe : On la rencontre souvent dans les stations d&rsquo;amateurs trafiquant sur bandes d\u00e9cam\u00e9triques et ne disposant que d&rsquo;un espace r\u00e9duit, le point d&rsquo;alimentation \u00e9tant proche de la station. Parfois appel\u00e9e \u00ab\u00a0End Fed\u00a0\u00bb par les anglo-saxons, elle fait partie &hellip; <a href=\"https:\/\/www.f5nhj.fr\/?page_id=4489\">Continuer la lecture <span class=\"meta-nav\">&rarr;<\/span><\/a><\/p>\n","protected":false},"author":1,"featured_media":0,"parent":2850,"menu_order":0,"comment_status":"closed","ping_status":"closed","template":"","meta":{"footnotes":""},"class_list":["post-4489","page","type-page","status-publish","hentry"],"_links":{"self":[{"href":"https:\/\/www.f5nhj.fr\/index.php?rest_route=\/wp\/v2\/pages\/4489","targetHints":{"allow":["GET"]}}],"collection":[{"href":"https:\/\/www.f5nhj.fr\/index.php?rest_route=\/wp\/v2\/pages"}],"about":[{"href":"https:\/\/www.f5nhj.fr\/index.php?rest_route=\/wp\/v2\/types\/page"}],"author":[{"embeddable":true,"href":"https:\/\/www.f5nhj.fr\/index.php?rest_route=\/wp\/v2\/users\/1"}],"replies":[{"embeddable":true,"href":"https:\/\/www.f5nhj.fr\/index.php?rest_route=%2Fwp%2Fv2%2Fcomments&post=4489"}],"version-history":[{"count":5,"href":"https:\/\/www.f5nhj.fr\/index.php?rest_route=\/wp\/v2\/pages\/4489\/revisions"}],"predecessor-version":[{"id":4560,"href":"https:\/\/www.f5nhj.fr\/index.php?rest_route=\/wp\/v2\/pages\/4489\/revisions\/4560"}],"up":[{"embeddable":true,"href":"https:\/\/www.f5nhj.fr\/index.php?rest_route=\/wp\/v2\/pages\/2850"}],"wp:attachment":[{"href":"https:\/\/www.f5nhj.fr\/index.php?rest_route=%2Fwp%2Fv2%2Fmedia&parent=4489"}],"curies":[{"name":"wp","href":"https:\/\/api.w.org\/{rel}","templated":true}]}}