{"id":4658,"date":"2025-04-04T09:15:02","date_gmt":"2025-04-04T07:15:02","guid":{"rendered":"https:\/\/www.f5nhj.fr\/?page_id=4658"},"modified":"2025-04-04T09:30:03","modified_gmt":"2025-04-04T07:30:03","slug":"maria-maluca-bis","status":"publish","type":"page","link":"https:\/\/www.f5nhj.fr\/?page_id=4658","title":{"rendered":"Maria maluca \/DC6NY"},"content":{"rendered":"<p>Les antennes \u00e0 ondes courtes doivent respecter les lois de la physique, tout comme les antennes VHF\/UHF. Dans les deux gammes de fr\u00e9quences, une antenne Yagi \u00e0 3 \u00e9l\u00e9ments ne peut offrir qu&rsquo;un gain d&rsquo;environ 6,8 dBd (8,95 dBi). De plus, dans ce cas, la longueur de la perche doit \u00eatre sup\u00e9rieure \u00e0 0,4 \u03bb.<br \/>\nContrairement aux antennes VHF\/UHF, les antennes \u00e0 ondes courtes ne peuvent g\u00e9n\u00e9ralement pas \u00eatre install\u00e9es \u00e0 des hauteurs multiples de la longueur d&rsquo;onde utilis\u00e9e. Par cons\u00e9quent, des param\u00e8tres importants comme l&rsquo;angle d&rsquo;\u00e9l\u00e9vation ou l&rsquo;imp\u00e9dance d&rsquo;adaptation d\u00e9pendent de la hauteur de l&rsquo;antenne. Les corrections n\u00e9cessaires augmentent avec l&rsquo;utilisation d&rsquo;antennes multibandes ou mini-antennes avec pi\u00e8ges ou charges capacitives. Un syntoniseur d&rsquo;antenne int\u00e9gr\u00e9 ne r\u00e9sout pas le probl\u00e8me\u00a0: les pertes suppl\u00e9mentaires dues \u00e0 un ROS \u00e9lev\u00e9 sur les lignes de transmission coaxiales peuvent devenir consid\u00e9rables.<br \/>\nUne efficacit\u00e9 bien plus grande sera obtenue en appliquant strictement le principe \u00e9prouv\u00e9 antenne-ligne d&rsquo;alimentation ouverte- syntoniseur comme unit\u00e9 r\u00e9sonante. La perte des pi\u00e8ges, des bobines de charge et des charges capacitives sera \u00e9limin\u00e9e, et la bande passante r\u00e9duite de l&rsquo;antenne ne sera plus un probl\u00e8me. D\u00e8s les ann\u00e9es 60, une antenne \u00e0 deux \u00e9l\u00e9ments pour 10, 15 et 20 m\u00e8tres, baptis\u00e9e Maria Maluca, est apparue en Am\u00e9rique du Sud.<br \/>\nCe petit faisceau aliment\u00e9 par une ligne ruban VHF est compos\u00e9 d&rsquo;un dip\u00f4le de 15 m et d&rsquo;un directeur r\u00e9gl\u00e9 pour la bande des 10 m.<br \/>\nLe gain est d\u00e9tectable sur les deux bandes, tandis qu&rsquo;\u00e0 20 m, l&rsquo;antenne atteint les performances d&rsquo;un dip\u00f4le rotatif. Avec une longueur de feeder de 11,7 m ou 18,5 m, un ROS raisonnable peut \u00eatre obtenu sur ces bandes. Cela convenait parfaitement aux \u00e9metteurs \u00e9quip\u00e9s d&rsquo;un filtre Pi en phase finale.<br \/>\nOptimiser cette ancienne conception d&rsquo;antenne \u00e0 l&rsquo;aide d&rsquo;un logiciel moderne bas\u00e9 sur NEC a \u00e9t\u00e9 un d\u00e9fi. Le r\u00e9sultat a \u00e9t\u00e9 une version 6 bandes de 20 m \u00e0 6 m aux dimensions raisonnables. L&rsquo;objectif principal de la conception \u00e9tait d&rsquo;obtenir un bon gain et une gestion ais\u00e9e des imp\u00e9dances sur toutes les bandes. Les donn\u00e9es fournies par ce petit faisceau multibande, d&rsquo;un rayon de rotation de 3,9 m, \u00e9taient vraiment impressionnantes :<\/p>\n<p><img loading=\"lazy\" decoding=\"async\" class=\"aligncenter size-full wp-image-4660\" src=\"https:\/\/www.f5nhj.fr\/wp-content\/uploads\/2025\/04\/Capture-decran-2025-04-04-091619.png\" alt=\"\" width=\"546\" height=\"167\" srcset=\"https:\/\/www.f5nhj.fr\/wp-content\/uploads\/2025\/04\/Capture-decran-2025-04-04-091619.png 546w, https:\/\/www.f5nhj.fr\/wp-content\/uploads\/2025\/04\/Capture-decran-2025-04-04-091619-300x92.png 300w, https:\/\/www.f5nhj.fr\/wp-content\/uploads\/2025\/04\/Capture-decran-2025-04-04-091619-500x153.png 500w\" sizes=\"auto, (max-width: 546px) 100vw, 546px\" \/><\/p>\n<p>Sur la bande de 6 \u00e0 12 m, le rapport F\/B est n\u00e9gatif, car le directeur agit comme r\u00e9flecteur du dip\u00f4le \u00e9tendu. Un retournement de 180\u00b0 est donc n\u00e9cessaire. Ce l\u00e9ger d\u00e9faut sera surcompens\u00e9 par les autres donn\u00e9es.<br \/>\nLa construction de l&rsquo;antenne est assez simple\u00a0: la perche en aluminium de 40 x 40 mm pr\u00e9sente deux trous de 20 mm \u00e0 chaque extr\u00e9mit\u00e9, espac\u00e9s de 1,46 m, pour le passage des \u00e9l\u00e9ments. Ces \u00e9l\u00e9ments sont constitu\u00e9s de tubes en aluminium de diff\u00e9rents diam\u00e8tres s&#8217;embo\u00eetant les uns dans les autres. Les extr\u00e9mit\u00e9s ext\u00e9rieures sont fendues et, avec des colliers de serrage en acier inoxydable, assurent une excellente connexion. Les plus perfectionnistes peuvent utiliser une vis autotaraudeuse suppl\u00e9mentaire. Cette m\u00e9thode est avantageuse si l&rsquo;antenne est fr\u00e9quemment mont\u00e9e et d\u00e9mont\u00e9e.<\/p>\n<hr \/>\n<p>Une tige en polyamide renforc\u00e9 de fibre de verre robuste assure une excellente s\u00e9paration \u00e9lectrique du radiateur ainsi qu&rsquo;une grande r\u00e9sistance \u00e0 la flexion.<br \/>\nLa fixation facile de la tige \u00e0 l&rsquo;aide d&rsquo;une vis et d&rsquo;un \u00e9crou M8 est illustr\u00e9e \u00e0 la figure 1.<br \/>\nLes tuyaux du radiateur sont \u00e9galement fix\u00e9s \u00e0 la tige \u00e0 l&rsquo;aide de colliers de serrage, \u00e0 une distance de 15 mm de la fl\u00e8che.<br \/>\nCes colliers peuvent \u00e9galement servir de borne de raccordement \u00e0 la ligne de transmission. L&rsquo;imp\u00e9dance de cette ligne n&rsquo;est pas critique. 300 et 450 ohms conviennent.<br \/>\nLa ligne \u00ab\u00a0wireman\u00a0\u00bb CQ 552 de 450 ohms a fait ses preuves\u00a0: faibles pertes jusqu&rsquo;\u00e0 1\u00a0kW de puissance et grande fiabilit\u00e9 m\u00e9canique et \u00e9lectrique dans des conditions m\u00e9t\u00e9orologiques d\u00e9favorables.<\/p>\n<p><img loading=\"lazy\" decoding=\"async\" class=\"size-full wp-image-4664 aligncenter\" src=\"https:\/\/www.f5nhj.fr\/wp-content\/uploads\/2025\/04\/Capture-decran-2025-04-04-091922.png\" alt=\"\" width=\"274\" height=\"254\" \/><\/p>\n<hr \/>\n<p>Fondamentalement, la longueur de la ligne de transmission est d\u00e9termin\u00e9e par la distance antenne-cabine et n&rsquo;est pas critique. En revanche, la ligne subit une transformation d&rsquo;imp\u00e9dance en fonction de la longueur et de la fr\u00e9quence. Dans tous les cas, certaines longueurs offrent un rapport de transformation si confortable que m\u00eame les tuners embarqu\u00e9s sur les \u00e9metteurs-r\u00e9cepteurs peuvent g\u00e9rer ces imp\u00e9dances. En formant les 2 derniers m\u00e8tres de la ligne avec une bobine bifilaire, on obtient un balun large bande \u00e0 faible perte au niveau du port du tuner. Pour une ligne de c\u00e2blage CQ 552, la perte de transmission est de 0,02 dB \u00e0 50 MHz (!). Bien s\u00fbr, il est possible d&rsquo;\u00e9conomiser le balun en utilisant un v\u00e9ritable tuner sym\u00e9trique.<br \/>\nFig. 2 Exemple de balun bobin\u00e9<br \/>\nSur la bande des 20 m, ce balun garantit, avec une longueur effective d&rsquo;environ 0,1 \u03bb, une performance optimale avec une perte de seulement 0,01 dB. Par cons\u00e9quent, n&rsquo;utilisez pas de composants \u00e0 ferrite. Deux sondes de courant ont \u00e9t\u00e9 install\u00e9es dans les deux jambes du c\u00e2bleur pour v\u00e9rifier l&rsquo;\u00e9quilibre. La sym\u00e9trie de l&rsquo;ensemble du syst\u00e8me d&rsquo;antenne \u00e9tait tout \u00e0 fait suffisante. Veillez \u00e0 ce que la distance par rapport aux pi\u00e8ces m\u00e9talliques le long de la ligne soit d&rsquo;au moins 15 \u00e0 20 cm.<\/p>\n<p><img loading=\"lazy\" decoding=\"async\" class=\"aligncenter size-full wp-image-4665\" src=\"https:\/\/www.f5nhj.fr\/wp-content\/uploads\/2025\/04\/Capture-decran-2025-04-04-092138.png\" alt=\"\" width=\"310\" height=\"284\" srcset=\"https:\/\/www.f5nhj.fr\/wp-content\/uploads\/2025\/04\/Capture-decran-2025-04-04-092138.png 310w, https:\/\/www.f5nhj.fr\/wp-content\/uploads\/2025\/04\/Capture-decran-2025-04-04-092138-300x275.png 300w\" sizes=\"auto, (max-width: 310px) 100vw, 310px\" \/><\/p>\n<hr \/>\n<p>La figure 3 montre la Maria Maluca sur le toit lors des tests. Au-dessus de ce faisceau intelligent, on peut voir une antenne Yagi \u00e0 13 \u00e9l\u00e9ments fonctionnant \u00e0 432 MHz. Les r\u00e9sultats sont convaincants. Compar\u00e9 \u00e0 une antenne verticale multibande \u00e0 la m\u00eame hauteur, le rapport signal\/bruit est sup\u00e9rieur d&rsquo;au moins 10 dB. La Maria Maluca capte \u00e9galement moins de bruit environnant. Le tuner est \u00e9galement efficace en r\u00e9ception et am\u00e9liore consid\u00e9rablement la s\u00e9lectivit\u00e9 de la r\u00e9ception.<\/p>\n<p style=\"text-align: center;\"><img loading=\"lazy\" decoding=\"async\" class=\"aligncenter size-full wp-image-4668\" src=\"https:\/\/www.f5nhj.fr\/wp-content\/uploads\/2025\/04\/Capture-decran-2025-04-04-092436.png\" alt=\"\" width=\"303\" height=\"243\" srcset=\"https:\/\/www.f5nhj.fr\/wp-content\/uploads\/2025\/04\/Capture-decran-2025-04-04-092436.png 303w, https:\/\/www.f5nhj.fr\/wp-content\/uploads\/2025\/04\/Capture-decran-2025-04-04-092436-300x241.png 300w\" sizes=\"auto, (max-width: 303px) 100vw, 303px\" \/>Fig. 3 Maria Maluca \u00ab en direct \u00bb<\/p>\n<p style=\"text-align: center;\"><img loading=\"lazy\" decoding=\"async\" class=\"aligncenter size-full wp-image-4669\" src=\"https:\/\/www.f5nhj.fr\/wp-content\/uploads\/2025\/04\/Capture-decran-2025-04-04-092513.png\" alt=\"\" width=\"305\" height=\"271\" srcset=\"https:\/\/www.f5nhj.fr\/wp-content\/uploads\/2025\/04\/Capture-decran-2025-04-04-092513.png 305w, https:\/\/www.f5nhj.fr\/wp-content\/uploads\/2025\/04\/Capture-decran-2025-04-04-092513-300x267.png 300w\" sizes=\"auto, (max-width: 305px) 100vw, 305px\" \/>Fig. 4 Diagramme vertical pour la bande des 15 m<\/p>\n<p style=\"text-align: center;\"><img loading=\"lazy\" decoding=\"async\" class=\"aligncenter size-full wp-image-4650\" src=\"https:\/\/www.f5nhj.fr\/wp-content\/uploads\/2025\/03\/maria-mal.2.jpg\" alt=\"\" width=\"488\" height=\"267\" srcset=\"https:\/\/www.f5nhj.fr\/wp-content\/uploads\/2025\/03\/maria-mal.2.jpg 488w, https:\/\/www.f5nhj.fr\/wp-content\/uploads\/2025\/03\/maria-mal.2-300x164.jpg 300w\" sizes=\"auto, (max-width: 488px) 100vw, 488px\" \/>Fig. 5 Structure de l&rsquo;antenne<\/p>\n<hr \/>\n<p>Le diagramme vertical typique illustre, \u00e0 la figure 4, la qualification illimit\u00e9e d&rsquo;antenne DX. Sur la bande des 15\u00a0m\u00e8tres, la Maria Maluca optimis\u00e9e est \u00e9quilibr\u00e9e avec une antenne \u00e0 3\u00a0\u00e9l\u00e9ments. Faisceau standard, n\u00e9cessitant une double longueur de perche pour un gain suppl\u00e9mentaire de 0,7 dB.<br \/>\nCette petite antenne 6 bandes est \u00e9galement recommand\u00e9e pour une utilisation portable et en exp\u00e9dition.<br \/>\nPendant le transport, la plupart des tubes s&rsquo;ins\u00e8rent dans le tube de perche.<br \/>\nL&rsquo;espace n\u00e9cessaire est inf\u00e9rieur \u00e0 celui d&rsquo;une paire de skis<br \/>\nd&rsquo;une longueur maximale de 1,50 m et d&rsquo;un poids de 5,4 kg.<br \/>\nL&rsquo;assemblage prend moins de 15 minutes,<br \/>\nsi les longueurs de tubes obtenues ont \u00e9t\u00e9 marqu\u00e9es au pr\u00e9alable (par exemple, couleur, ruban adh\u00e9sif).<br \/>\nLes dimensions des diff\u00e9rents tubes en aluminium sont pr\u00e9sent\u00e9es \u00e0 la figure 5. La structure de l&rsquo;antenne a \u00e9t\u00e9 con\u00e7ue en fonction des exigences m\u00e9caniques et de la disponibilit\u00e9 du mat\u00e9riel standard.<br \/>\nDes kits de mat\u00e9riel comprenant tout le mat\u00e9riel sont disponibles aupr\u00e8s de l&rsquo;auteur, ing\u00e9nieur dipl\u00f4m\u00e9 Helmut Oeller, <strong>DC6NY<\/strong><\/p>\n","protected":false},"excerpt":{"rendered":"<p>Les antennes \u00e0 ondes courtes doivent respecter les lois de la physique, tout comme les antennes VHF\/UHF. Dans les deux gammes de fr\u00e9quences, une antenne Yagi \u00e0 3 \u00e9l\u00e9ments ne peut offrir qu&rsquo;un gain d&rsquo;environ 6,8 dBd (8,95 dBi). De &hellip; <a href=\"https:\/\/www.f5nhj.fr\/?page_id=4658\">Continuer la lecture <span class=\"meta-nav\">&rarr;<\/span><\/a><\/p>\n","protected":false},"author":1,"featured_media":0,"parent":2850,"menu_order":0,"comment_status":"closed","ping_status":"closed","template":"","meta":{"footnotes":""},"class_list":["post-4658","page","type-page","status-publish","hentry"],"_links":{"self":[{"href":"https:\/\/www.f5nhj.fr\/index.php?rest_route=\/wp\/v2\/pages\/4658","targetHints":{"allow":["GET"]}}],"collection":[{"href":"https:\/\/www.f5nhj.fr\/index.php?rest_route=\/wp\/v2\/pages"}],"about":[{"href":"https:\/\/www.f5nhj.fr\/index.php?rest_route=\/wp\/v2\/types\/page"}],"author":[{"embeddable":true,"href":"https:\/\/www.f5nhj.fr\/index.php?rest_route=\/wp\/v2\/users\/1"}],"replies":[{"embeddable":true,"href":"https:\/\/www.f5nhj.fr\/index.php?rest_route=%2Fwp%2Fv2%2Fcomments&post=4658"}],"version-history":[{"count":8,"href":"https:\/\/www.f5nhj.fr\/index.php?rest_route=\/wp\/v2\/pages\/4658\/revisions"}],"predecessor-version":[{"id":4672,"href":"https:\/\/www.f5nhj.fr\/index.php?rest_route=\/wp\/v2\/pages\/4658\/revisions\/4672"}],"up":[{"embeddable":true,"href":"https:\/\/www.f5nhj.fr\/index.php?rest_route=\/wp\/v2\/pages\/2850"}],"wp:attachment":[{"href":"https:\/\/www.f5nhj.fr\/index.php?rest_route=%2Fwp%2Fv2%2Fmedia&parent=4658"}],"curies":[{"name":"wp","href":"https:\/\/api.w.org\/{rel}","templated":true}]}}