{"id":577,"date":"2012-02-22T11:56:49","date_gmt":"2012-02-22T10:56:49","guid":{"rendered":"http:\/\/f5nhj.fr\/?page_id=577"},"modified":"2023-01-04T07:53:18","modified_gmt":"2023-01-04T06:53:18","slug":"tadjikistan-ey8","status":"publish","type":"page","link":"https:\/\/www.f5nhj.fr\/?page_id=577","title":{"rendered":"Tadjikistan EY8"},"content":{"rendered":"<p><center><strong style=\"font-size: 16px;\"><span style=\"color: #ff0000;\"><img loading=\"lazy\" decoding=\"async\" class=\"alignleft size-medium wp-image-1682\" title=\"EY8 A\" alt=\"\" src=\"http:\/\/f5nhj.fr\/wp-content\/uploads\/2012\/02\/EY8-A-300x195.jpg\" width=\"300\" height=\"195\" srcset=\"https:\/\/www.f5nhj.fr\/wp-content\/uploads\/2012\/02\/EY8-A-300x195.jpg 300w, https:\/\/www.f5nhj.fr\/wp-content\/uploads\/2012\/02\/EY8-A.jpg 680w\" sizes=\"auto, (max-width: 300px) 100vw, 300px\" \/><\/span><\/strong><\/center><strong><span style=\"color: #ff0000;\" data-mce-mark=\"1\">EY8\/F5NHJ..<\/span><\/strong><\/p>\n<p><em><strong> Dushanbe city ( TADJIKISTAN )<br \/>\n<\/strong><strong>15 Octobre 2004 =&gt; f\u00e9vrier 2005<\/strong><\/em><\/p>\n<hr size=\"1\" width=\"60%\" \/>\n<p style=\"text-align: center;\"><img loading=\"lazy\" decoding=\"async\" class=\"wp-image-579 alignnone\" alt=\"\" src=\"http:\/\/f5nhj.fr\/wp-content\/uploads\/2012\/02\/EY8OMS.jpg\" width=\"193\" height=\"247\" srcset=\"https:\/\/www.f5nhj.fr\/wp-content\/uploads\/2012\/02\/EY8OMS.jpg 276w, https:\/\/www.f5nhj.fr\/wp-content\/uploads\/2012\/02\/EY8OMS-234x300.jpg 234w\" sizes=\"auto, (max-width: 193px) 100vw, 193px\" \/>\u00a0 \u00a0 \u00a0 \u00a0 \u00a0 \u00a0 \u00a0 \u00a0 \u00a0 \u00a0<img loading=\"lazy\" decoding=\"async\" class=\"wp-image-580 alignnone\" style=\"line-height: 18px; text-align: -webkit-center;\" title=\"EY8MM\" alt=\"\" src=\"http:\/\/f5nhj.fr\/wp-content\/uploads\/2012\/02\/EY8MM.jpg\" width=\"312\" height=\"230\" srcset=\"https:\/\/www.f5nhj.fr\/wp-content\/uploads\/2012\/02\/EY8MM.jpg 520w, https:\/\/www.f5nhj.fr\/wp-content\/uploads\/2012\/02\/EY8MM-300x221.jpg 300w\" sizes=\"auto, (max-width: 312px) 100vw, 312px\" \/><\/p>\n<hr size=\"1\" width=\"60%\" \/>\n<p><em>Le qsy est maintenant termin\u00e9.. merci tout d&rsquo;abord \u00e0 <strong>Nodir\u00a0EY8MM<\/strong>, un DXeur hors pair, pour l&rsquo;aide qu&rsquo;il nous a apport\u00e9 \u00e0 Jean-Jacques ( <strong>F5LYF<\/strong> ) et moi m\u00eame pour l&rsquo;obtention rapide de nos licences radioamateur aupr\u00e8s des autorit\u00e9s Tadjiks, et des \u00ab\u00a0coups de pouce\u00a0\u00bb lors de diff\u00e9rents contests.<br \/>\nMalheureusement pour nous et heureusement pour lui, il a \u00e9t\u00e9 tr\u00e8s occup\u00e9 professionnement, je l&rsquo;ai surtout crois\u00e9 sur les ondes et je n&rsquo;ai pu lui rendre qu&rsquo;une petite visite dans son tout nouveau chack o\u00f9 nous avons refait le monde du DX..<br \/>\n( Rexmat Nodir ! )<br \/>\n<\/em><\/p>\n<p><em>Un trafic en dent de scie au long des quatres mois de s\u00e9jour au <strong>Tadjikistan<\/strong>.. de bonnes surprises de fin octobre \u00e0 d\u00e9but d\u00e9cembre et ensuite au jour le jour. Des contacts DX superbes avec les stations russes, indiennes, chinoises, mongols et de toute la CEI .. Mon premier contact apr\u00e8s avoir lanc\u00e9 7 m\u00e8tres de fil par la fen\u00eatre :\u00a0<strong>A52CDX\u00a0<\/strong>!!!<br \/>\nMais que de peine et d&rsquo;heures d&rsquo;\u00e9coute pour quelques qso avec le Japon et l&rsquo;am\u00e9rique du nord ..!<br \/>\nLes ondes semblaient toujours suivre le m\u00eame parall\u00e8le et aboutir dans les m\u00eames pays . <strong>OE OK EA I DL F G SM LZ<\/strong> .. etc. Peu de propagation sur l&rsquo;afrique <strong>FR ZS CN 7X<\/strong> et il semblait impossible de passer ce \u00ab\u00a0satan\u00e9 Equateur\u00a0\u00bb.. Ah oui, un QSO avec un <strong>KH6<\/strong> sur 7 mhz \u00e0 la fin du s\u00e9jour, apportant un peu de parfum d&rsquo;\u00eele et d&rsquo;exotisme..<\/em><\/p>\n<p><em>Dany, F5CW, m&rsquo;avait pr\u00e9venu que les journ\u00e9es \u00e9taient quelquefois difficiles .. Des jours entiers sans entendre \u00ab\u00a0un bruit\u00a0\u00bb sur les ondes et d\u00e8s 18h30 des qrm \u00e0 58\/59 dus aux alimentations \u00e9lectriques sauvages dans la ville, quelle pollution du spectre..! Sans trop parler des occupations plus ou moins autoris\u00e9es des 7 et 3.5 mhz par des r\u00e9seaux \u00ab\u00a0radiot\u00e9l\u00e9phones HF locaux\u00a0\u00bb des pays alentours&#8230;<\/em><\/p>\n<p><em>Le mat\u00e9riel utilis\u00e9 : un Yaesu <strong>FT857D<\/strong>, surprenant petit tranceiver dans le qrm en PSK CW et SSB .. le filte DSP bien utilis\u00e9 est bluffant ! .. pour une boite d&rsquo;accord <strong>AH4<\/strong> long fil dans une antenne d&rsquo;environ <strong>25<\/strong> m\u00e8tres fix\u00e9s du bord de la fen\u00eatre de la chambre au premier \u00e9tage de la villa vers une canne \u00e0 p\u00eache de 6 m\u00e8tres achet\u00e9e en ville pour quelques euros.. C\u00f4t\u00e9 interface une S<strong>ignalink<\/strong>, et un ordinateur portable avec <strong>MixW32<\/strong> comme logiciel..<br \/>\nJJ, lui, utilisait un <strong>TS450sat<\/strong> dans un slooper multibandes install\u00e9 dans le patio et fix\u00e9 \u00e0 un m\u00e2t de fortune. ( Encore vert le bougre, plus d&rsquo;une fois je l&rsquo;ai entendu pester contre un \u00ab\u00a0QSD\u00a0\u00bb, et plus d&rsquo;un OM un peu trop fantaisiste \u00e0 demand\u00e9 des IMI PSE devant ce radiot\u00e9l\u00e9type sur patte .. UFT quand tu nous tiens !!)<\/em><\/p>\n<p><em>Le trafic : un total d&rsquo;un peu plus de 1500 contacts pour <strong>223<\/strong> DXCC principalement en DATA ( RTTY et PSK .. La SSTV supportait mal les 6000 kilom\u00e8tres pour atteindre l&rsquo;Europe, trop de fading..) et de la SSB\/CW en participant aux diff\u00e9rents concours CQWW, REF et UA &#8230;.<\/em><\/p>\n<p><em>Merci \u00e0 tous pour avoir tourn\u00e9 vos antennes vers l&rsquo;Asie centrale..<\/em><\/p>\n<p><em>Bons DXing et \u00e0 bient\u00f4t&#8230; 73&Prime; <strong>Salom<\/strong> !!<\/em><\/p>\n<p><em>Jean- louis<\/em><\/p>\n<p>&nbsp;<\/p>\n<p style=\"text-align: center;\"><img loading=\"lazy\" decoding=\"async\" class=\"size-full wp-image-587 aligncenter\" alt=\"\" src=\"http:\/\/f5nhj.fr\/wp-content\/uploads\/2012\/02\/EY8LICEY.jpg\" width=\"318\" height=\"439\" srcset=\"https:\/\/www.f5nhj.fr\/wp-content\/uploads\/2012\/02\/EY8LICEY.jpg 318w, https:\/\/www.f5nhj.fr\/wp-content\/uploads\/2012\/02\/EY8LICEY-217x300.jpg 217w\" sizes=\"auto, (max-width: 318px) 100vw, 318px\" \/><\/p>\n<p>&nbsp;<\/p>\n<p style=\"text-align: center;\"><img loading=\"lazy\" decoding=\"async\" class=\"aligncenter size-full wp-image-588\" title=\"CQEY8\" alt=\"\" src=\"http:\/\/f5nhj.fr\/wp-content\/uploads\/2012\/02\/CQEY8.jpg\" width=\"406\" height=\"310\" srcset=\"https:\/\/www.f5nhj.fr\/wp-content\/uploads\/2012\/02\/CQEY8.jpg 406w, https:\/\/www.f5nhj.fr\/wp-content\/uploads\/2012\/02\/CQEY8-300x229.jpg 300w\" sizes=\"auto, (max-width: 406px) 100vw, 406px\" \/><br \/>\n<img decoding=\"async\" alt=\"\" src=\"file:\/\/\/D:\/web\/CQEY8.JPG\" \/><br \/>\n# 1 TADJIKISTAN CQ SSB&#8230;<\/p>\n<hr size=\"1\" width=\"60%\" \/>\n<p style=\"text-align: center;\">\u00a0LA STATION <strong>EY8\/F5NHJ<\/strong><\/p>\n<p style=\"text-align: center;\"><img loading=\"lazy\" decoding=\"async\" class=\"aligncenter size-full wp-image-585\" alt=\"\" src=\"http:\/\/f5nhj.fr\/wp-content\/uploads\/2012\/02\/EYSTN1.jpg\" width=\"486\" height=\"276\" srcset=\"https:\/\/www.f5nhj.fr\/wp-content\/uploads\/2012\/02\/EYSTN1.jpg 486w, https:\/\/www.f5nhj.fr\/wp-content\/uploads\/2012\/02\/EYSTN1-300x170.jpg 300w\" sizes=\"auto, (max-width: 486px) 100vw, 486px\" \/><\/p>\n<hr size=\"1\" width=\"60%\" \/>\n<p style=\"text-align: center;\">\u00a0LES PREFIXES TADJIKS<\/p>\n<p style=\"text-align: center;\"><img loading=\"lazy\" decoding=\"async\" class=\"aligncenter size-full wp-image-584\" alt=\"\" src=\"http:\/\/f5nhj.fr\/wp-content\/uploads\/2012\/02\/EYARS.jpg\" width=\"386\" height=\"275\" srcset=\"https:\/\/www.f5nhj.fr\/wp-content\/uploads\/2012\/02\/EYARS.jpg 386w, https:\/\/www.f5nhj.fr\/wp-content\/uploads\/2012\/02\/EYARS-300x213.jpg 300w\" sizes=\"auto, (max-width: 386px) 100vw, 386px\" \/><\/p>\n<p style=\"text-align: center;\"><strong style=\"font-size: medium;\"><strong><strong><strong>\u00a9 J.Louis- F5NHJ\/ 21st century.<\/strong><\/strong><\/strong><\/strong><\/p>\n<p>&nbsp;<br \/>\n<script src=\"https:\/\/clublog.org\/last10.php?call=EY8\/F5NHJ\" type=\"text\/javascript\"><\/script><\/p>\n","protected":false},"excerpt":{"rendered":"<p>EY8\/F5NHJ.. Dushanbe city ( TADJIKISTAN ) 15 Octobre 2004 =&gt; f\u00e9vrier 2005 \u00a0 \u00a0 \u00a0 \u00a0 \u00a0 \u00a0 \u00a0 \u00a0 \u00a0 \u00a0 Le qsy est maintenant termin\u00e9.. merci tout d&rsquo;abord \u00e0 Nodir\u00a0EY8MM, un DXeur hors pair, pour l&rsquo;aide qu&rsquo;il nous &hellip; <a href=\"https:\/\/www.f5nhj.fr\/?page_id=577\">Continuer la lecture <span class=\"meta-nav\">&rarr;<\/span><\/a><\/p>\n","protected":false},"author":1,"featured_media":0,"parent":181,"menu_order":2,"comment_status":"closed","ping_status":"open","template":"","meta":{"footnotes":""},"class_list":["post-577","page","type-page","status-publish","hentry"],"_links":{"self":[{"href":"https:\/\/www.f5nhj.fr\/index.php?rest_route=\/wp\/v2\/pages\/577","targetHints":{"allow":["GET"]}}],"collection":[{"href":"https:\/\/www.f5nhj.fr\/index.php?rest_route=\/wp\/v2\/pages"}],"about":[{"href":"https:\/\/www.f5nhj.fr\/index.php?rest_route=\/wp\/v2\/types\/page"}],"author":[{"embeddable":true,"href":"https:\/\/www.f5nhj.fr\/index.php?rest_route=\/wp\/v2\/users\/1"}],"replies":[{"embeddable":true,"href":"https:\/\/www.f5nhj.fr\/index.php?rest_route=%2Fwp%2Fv2%2Fcomments&post=577"}],"version-history":[{"count":23,"href":"https:\/\/www.f5nhj.fr\/index.php?rest_route=\/wp\/v2\/pages\/577\/revisions"}],"predecessor-version":[{"id":4180,"href":"https:\/\/www.f5nhj.fr\/index.php?rest_route=\/wp\/v2\/pages\/577\/revisions\/4180"}],"up":[{"embeddable":true,"href":"https:\/\/www.f5nhj.fr\/index.php?rest_route=\/wp\/v2\/pages\/181"}],"wp:attachment":[{"href":"https:\/\/www.f5nhj.fr\/index.php?rest_route=%2Fwp%2Fv2%2Fmedia&parent=577"}],"curies":[{"name":"wp","href":"https:\/\/api.w.org\/{rel}","templated":true}]}}