{"id":71,"date":"2011-07-16T09:19:22","date_gmt":"2011-07-16T07:19:22","guid":{"rendered":"http:\/\/f5nhj.fr\/WP\/?page_id=71"},"modified":"2022-11-06T10:21:21","modified_gmt":"2022-11-06T09:21:21","slug":"la-station","status":"publish","type":"page","link":"https:\/\/www.f5nhj.fr\/?page_id=71","title":{"rendered":"La station &#8230; << 2021"},"content":{"rendered":"<p style=\"text-align: center;\"><a href=\"http:\/\/f5nhj.fr\/wp-content\/uploads\/2011\/07\/Hexbeam-AAA.jpg\"><img loading=\"lazy\" decoding=\"async\" class=\" wp-image-109 alignleft\" title=\"Hexbeam 4 bandes\" src=\"http:\/\/f5nhj.fr\/wp-content\/uploads\/2011\/07\/Hexbeam-AAA.jpg\" alt=\"\" width=\"308\" height=\"231\" srcset=\"https:\/\/www.f5nhj.fr\/wp-content\/uploads\/2011\/07\/Hexbeam-AAA.jpg 400w, https:\/\/www.f5nhj.fr\/wp-content\/uploads\/2011\/07\/Hexbeam-AAA-300x225.jpg 300w\" sizes=\"auto, (max-width: 308px) 100vw, 308px\" \/><\/a>Depuis notre d\u00e9part de <strong>Roquebrune Cap Martin<\/strong>, d\u00e9but 2008, j&rsquo;ai profit\u00e9 des diff\u00e9rents s\u00e9jours dans les Landes, l&rsquo;Is\u00e8re et l&rsquo;Anjou pour tester quelques antennes.. De la verticale \u00ab\u00a0canne \u00e0 p\u00eache \/fil\u00a0\u00bb, de la Bird yagi, qui s&rsquo;est transform\u00e9e en <strong>Hexbeam<\/strong> 4 bandes, en passant par diff\u00e9rents fouets, l\u00e9vy et half square maisons. Une <strong>Spiderbeam HD<\/strong> 5 bandes est encore dans le carton mais sera mont\u00e9e, si ce n&rsquo;est que pour la rendre fonctionnelle.<\/p>\n<p><a href=\"http:\/\/f5nhj.fr\/wp-content\/uploads\/2011\/07\/pyloneAAA1.jpg\"><img loading=\"lazy\" decoding=\"async\" class=\"size-full wp-image-114 alignright\" title=\"CTA 3x3\" src=\"http:\/\/f5nhj.fr\/wp-content\/uploads\/2011\/07\/pyloneAAA1.jpg\" alt=\"\" width=\"198\" height=\"242\" \/><\/a><\/p>\n<p>&nbsp;<\/p>\n<p>Apr\u00e8s 25 ans d&rsquo;attente, le sacro-saint \u00ab\u00a0<strong>Pylone\u00a0\u00bb<\/strong> est enfin arriv\u00e9 (un <strong>3&#215;3<\/strong> m\u00e8tres + fl\u00e8che d&rsquo;un m\u00e8tre\/ CTA) et va supporter l&rsquo;hexbeam que je vais remanier. Soudures, fils et fixations \u00e0 v\u00e9rifier lors de la visite annuelle.<\/p>\n<p><a href=\"http:\/\/f5nhj.fr\/wp-content\/uploads\/2011\/07\/K3-PICAAA.jpg\"><img loading=\"lazy\" decoding=\"async\" class=\"size-full wp-image-118 alignleft\" title=\"K3 100\" src=\"http:\/\/f5nhj.fr\/wp-content\/uploads\/2011\/07\/K3-PICAAA.jpg\" alt=\"\" width=\"358\" height=\"230\" srcset=\"https:\/\/www.f5nhj.fr\/wp-content\/uploads\/2011\/07\/K3-PICAAA.jpg 358w, https:\/\/www.f5nhj.fr\/wp-content\/uploads\/2011\/07\/K3-PICAAA-300x192.jpg 300w\" sizes=\"auto, (max-width: 358px) 100vw, 358px\" \/><\/a><\/p>\n<p>&nbsp;<\/p>\n<p>C\u00f4t\u00e9 \u00e9metteur un <strong>K3\/100<\/strong>, suivi d&rsquo;un amplificateur <strong>Acom 1010<\/strong>, un casque <strong>Heil<\/strong> bien utile dans les pile-up. Quoi que sur l&rsquo;utilisation de l&rsquo;ampli il y aurait pas mal \u00e0 dire.. Je suis la plupart du temps en barefoot et les contacts sont faits.. Mais bon.. \ud83d\ude09<\/p>\n","protected":false},"excerpt":{"rendered":"<p>Depuis notre d\u00e9part de Roquebrune Cap Martin, d\u00e9but 2008, j&rsquo;ai profit\u00e9 des diff\u00e9rents s\u00e9jours dans les Landes, l&rsquo;Is\u00e8re et l&rsquo;Anjou pour tester quelques antennes.. De la verticale \u00ab\u00a0canne \u00e0 p\u00eache \/fil\u00a0\u00bb, de la Bird yagi, qui s&rsquo;est transform\u00e9e en Hexbeam &hellip; <a href=\"https:\/\/www.f5nhj.fr\/?page_id=71\">Continuer la lecture <span class=\"meta-nav\">&rarr;<\/span><\/a><\/p>\n","protected":false},"author":1,"featured_media":0,"parent":2,"menu_order":3,"comment_status":"closed","ping_status":"closed","template":"","meta":{"footnotes":""},"class_list":["post-71","page","type-page","status-publish","hentry"],"_links":{"self":[{"href":"https:\/\/www.f5nhj.fr\/index.php?rest_route=\/wp\/v2\/pages\/71","targetHints":{"allow":["GET"]}}],"collection":[{"href":"https:\/\/www.f5nhj.fr\/index.php?rest_route=\/wp\/v2\/pages"}],"about":[{"href":"https:\/\/www.f5nhj.fr\/index.php?rest_route=\/wp\/v2\/types\/page"}],"author":[{"embeddable":true,"href":"https:\/\/www.f5nhj.fr\/index.php?rest_route=\/wp\/v2\/users\/1"}],"replies":[{"embeddable":true,"href":"https:\/\/www.f5nhj.fr\/index.php?rest_route=%2Fwp%2Fv2%2Fcomments&post=71"}],"version-history":[{"count":28,"href":"https:\/\/www.f5nhj.fr\/index.php?rest_route=\/wp\/v2\/pages\/71\/revisions"}],"predecessor-version":[{"id":4093,"href":"https:\/\/www.f5nhj.fr\/index.php?rest_route=\/wp\/v2\/pages\/71\/revisions\/4093"}],"up":[{"embeddable":true,"href":"https:\/\/www.f5nhj.fr\/index.php?rest_route=\/wp\/v2\/pages\/2"}],"wp:attachment":[{"href":"https:\/\/www.f5nhj.fr\/index.php?rest_route=%2Fwp%2Fv2%2Fmedia&parent=71"}],"curies":[{"name":"wp","href":"https:\/\/api.w.org\/{rel}","templated":true}]}}