{"id":984,"date":"2012-04-08T12:13:05","date_gmt":"2012-04-08T10:13:05","guid":{"rendered":"http:\/\/f5nhj.fr\/?page_id=984"},"modified":"2022-11-12T19:08:12","modified_gmt":"2022-11-12T18:08:12","slug":"tm-702-mod","status":"publish","type":"page","link":"https:\/\/www.f5nhj.fr\/?page_id=984","title":{"rendered":"TM 702 Mod"},"content":{"rendered":"<p style=\"text-align: center;\"><strong>Modif TM702e<\/strong><br \/>\ntranspondeur Vhf&lt;=&gt;Uhf<\/p>\n<p><img loading=\"lazy\" decoding=\"async\" class=\"size-full wp-image-987 aligncenter\" title=\"TM702E1\" src=\"http:\/\/f5nhj.fr\/wp-content\/uploads\/2012\/04\/TM702E1.jpg\" alt=\"\" width=\"351\" height=\"291\" srcset=\"https:\/\/www.f5nhj.fr\/wp-content\/uploads\/2012\/04\/TM702E1.jpg 351w, https:\/\/www.f5nhj.fr\/wp-content\/uploads\/2012\/04\/TM702E1-300x248.jpg 300w\" sizes=\"auto, (max-width: 351px) 100vw, 351px\" \/><\/p>\n<p style=\"text-align: center;\">D\u00e9monter le dessous du poste et le poser face vers vous,<br \/>\nrep\u00e9rer ensuite les deux points de soudures.<\/p>\n<p style=\"text-align: center;\">Prendre un bout de fil de 5 cm environ \u00e9tamer et souder les<br \/>\nextr\u00e9mit\u00e9s comme sur les photos.<\/p>\n<p style=\"text-align: center;\">A la mise sous tension pr\u00e9parez les fr\u00e9quences \u00e0 utiliser..<br \/>\nRisque de RAZ mais \u00e7a vaut le coup de refaire la programmation<\/p>\n<p style=\"text-align: center;\">1 &#8211; Appuyez sur <strong>F<\/strong> puis sur <strong>Band<\/strong> jusqu&rsquo;\u00e0 l&rsquo;apparition du petit <strong>D<\/strong>\u00a0\u00e0 droite de l&rsquo;afficheur.<\/p>\n<p style=\"text-align: center;\">2 &#8211; tenir enfonc\u00e9 la touche <strong>F<\/strong> et d\u00e9s que l&rsquo;affichage clignote presser la touche <strong>Low<\/strong> ..<br \/>\nLe rtx va se mettre en scanning d&rsquo;une seconde environ par bande affich\u00e9e<\/p>\n<p style=\"text-align: center;\">Pensez \u00e0 <strong><span style=\"color: #ff0000;\">d\u00e9brancher<\/span><\/strong> le micro car vous allez activer le rtx sans le vouloir.. !!<\/p>\n<p style=\"text-align: center;\">Il suffit de presser n&rsquo;importe quelle touche pour vous retrouver en configuration normale..<\/p>\n<p><img loading=\"lazy\" decoding=\"async\" class=\"size-full wp-image-986 aligncenter\" title=\"TM702E2\" src=\"http:\/\/f5nhj.fr\/wp-content\/uploads\/2012\/04\/TM702E2.jpg\" alt=\"\" width=\"631\" height=\"427\" srcset=\"https:\/\/www.f5nhj.fr\/wp-content\/uploads\/2012\/04\/TM702E2.jpg 631w, https:\/\/www.f5nhj.fr\/wp-content\/uploads\/2012\/04\/TM702E2-300x203.jpg 300w\" sizes=\"auto, (max-width: 631px) 100vw, 631px\" \/><\/p>\n<p style=\"text-align: center;\">l&rsquo;int\u00e9r\u00eat : pouvoir lors des exercices Adrasec ou autres de laisser le rtx en transpondeur<br \/>\net de continuer \u00e0 contacter les PC en utilisant un pocket. .<\/p>\n<p style=\"text-align: center;\">A plus sur l&rsquo;air.. Jean louis<\/p>\n","protected":false},"excerpt":{"rendered":"<p>Modif TM702e transpondeur Vhf&lt;=&gt;Uhf D\u00e9monter le dessous du poste et le poser face vers vous, rep\u00e9rer ensuite les deux points de soudures. Prendre un bout de fil de 5 cm environ \u00e9tamer et souder les extr\u00e9mit\u00e9s comme sur les photos. &hellip; <a href=\"https:\/\/www.f5nhj.fr\/?page_id=984\">Continuer la lecture <span class=\"meta-nav\">&rarr;<\/span><\/a><\/p>\n","protected":false},"author":1,"featured_media":0,"parent":4120,"menu_order":0,"comment_status":"closed","ping_status":"open","template":"","meta":{"footnotes":""},"class_list":["post-984","page","type-page","status-publish","hentry"],"_links":{"self":[{"href":"https:\/\/www.f5nhj.fr\/index.php?rest_route=\/wp\/v2\/pages\/984","targetHints":{"allow":["GET"]}}],"collection":[{"href":"https:\/\/www.f5nhj.fr\/index.php?rest_route=\/wp\/v2\/pages"}],"about":[{"href":"https:\/\/www.f5nhj.fr\/index.php?rest_route=\/wp\/v2\/types\/page"}],"author":[{"embeddable":true,"href":"https:\/\/www.f5nhj.fr\/index.php?rest_route=\/wp\/v2\/users\/1"}],"replies":[{"embeddable":true,"href":"https:\/\/www.f5nhj.fr\/index.php?rest_route=%2Fwp%2Fv2%2Fcomments&post=984"}],"version-history":[{"count":7,"href":"https:\/\/www.f5nhj.fr\/index.php?rest_route=\/wp\/v2\/pages\/984\/revisions"}],"predecessor-version":[{"id":2393,"href":"https:\/\/www.f5nhj.fr\/index.php?rest_route=\/wp\/v2\/pages\/984\/revisions\/2393"}],"up":[{"embeddable":true,"href":"https:\/\/www.f5nhj.fr\/index.php?rest_route=\/wp\/v2\/pages\/4120"}],"wp:attachment":[{"href":"https:\/\/www.f5nhj.fr\/index.php?rest_route=%2Fwp%2Fv2%2Fmedia&parent=984"}],"curies":[{"name":"wp","href":"https:\/\/api.w.org\/{rel}","templated":true}]}}